{"id":15479,"date":"2026-02-27T00:26:27","date_gmt":"2026-02-27T00:26:27","guid":{"rendered":"https:\/\/nordicmart.andreevmaster.com\/product\/vasagle-serveringsvagn-2-speglade-glashyllor-svart\/"},"modified":"2026-02-27T08:17:47","modified_gmt":"2026-02-27T08:17:47","slug":"vasagle-serveringsvagn-2-speglade-glashyllor-svart","status":"publish","type":"product","link":"https:\/\/nordicmart.andreevmaster.com\/sv\/produkt\/vasagle-serveringsvagn-2-speglade-glashyllor-svart\/","title":{"rendered":"VASAGLE serveringsvagn 2 speglade glashyllor svart"},"content":{"rendered":"<p>VASAGLE serveringsvagn, rullvagn, glash\u00e5llare, 2 speglade glasplattor, barvagn, vinvagn, f\u00f6r k\u00f6k, matsal, barServeringsvagn<br \/>\nF\u00e4rg: Svart<br \/>\nMaterial: St\u00e5l, speglat glas<br \/>\nStorlek: 38 x 60 x 90 cm (D x B x H)<br \/>\nVikt: 9,9 kg<br \/>\nMax. statisk belastningskapacitet f\u00f6r den \u00f6vre hyllan: 29,5 kg<br \/>\nMax. statisk belastningskapacitet f\u00f6r den nedre hyllan: 30,4 kg<\/p>\n","protected":false},"excerpt":{"rendered":"<p>VASAGLE serveringsvagn, rullvagn, glash\u00e5llare, 2 speglade glasplattor, barvagn, vinvagn, f\u00f6r k\u00f6k, matsal, barServeringsvagn<\/p>\n","protected":false},"featured_media":43292,"comment_status":"open","ping_status":"closed","template":"","meta":[],"product_brand":[],"product_cat":[33],"product_tag":[],"class_list":{"0":"post-15479","1":"product","2":"type-product","3":"status-publish","4":"has-post-thumbnail","6":"product_cat-okategoriserad","8":"first","9":"instock","10":"shipping-taxable","11":"purchasable","12":"product-type-simple"},"_links":{"self":[{"href":"https:\/\/nordicmart.andreevmaster.com\/sv\/wp-json\/wp\/v2\/product\/15479","targetHints":{"allow":["GET"]}}],"collection":[{"href":"https:\/\/nordicmart.andreevmaster.com\/sv\/wp-json\/wp\/v2\/product"}],"about":[{"href":"https:\/\/nordicmart.andreevmaster.com\/sv\/wp-json\/wp\/v2\/types\/product"}],"replies":[{"embeddable":true,"href":"https:\/\/nordicmart.andreevmaster.com\/sv\/wp-json\/wp\/v2\/comments?post=15479"}],"wp:featuredmedia":[{"embeddable":true,"href":"https:\/\/nordicmart.andreevmaster.com\/sv\/wp-json\/wp\/v2\/media\/43292"}],"wp:attachment":[{"href":"https:\/\/nordicmart.andreevmaster.com\/sv\/wp-json\/wp\/v2\/media?parent=15479"}],"wp:term":[{"taxonomy":"product_brand","embeddable":true,"href":"https:\/\/nordicmart.andreevmaster.com\/sv\/wp-json\/wp\/v2\/product_brand?post=15479"},{"taxonomy":"product_cat","embeddable":true,"href":"https:\/\/nordicmart.andreevmaster.com\/sv\/wp-json\/wp\/v2\/product_cat?post=15479"},{"taxonomy":"product_tag","embeddable":true,"href":"https:\/\/nordicmart.andreevmaster.com\/sv\/wp-json\/wp\/v2\/product_tag?post=15479"}],"curies":[{"name":"wp","href":"https:\/\/api.w.org\/{rel}","templated":true}]}}