{"id":15476,"date":"2026-02-27T00:26:27","date_gmt":"2026-02-27T00:26:27","guid":{"rendered":"https:\/\/nordicmart.andreevmaster.com\/product\/vasagle-serveringsvagn-3-nivaer-med-hjul-guldfargad\/"},"modified":"2026-02-27T08:17:46","modified_gmt":"2026-02-27T08:17:46","slug":"vasagle-serveringsvagn-3-nivaer-med-hjul-guldfargad","status":"publish","type":"product","link":"https:\/\/nordicmart.andreevmaster.com\/sv\/produkt\/vasagle-serveringsvagn-3-nivaer-med-hjul-guldfargad\/","title":{"rendered":"VASAGLE serveringsvagn 3 niv\u00e5er med hjul guldf\u00e4rgad"},"content":{"rendered":"<p>VASAGLE serveringsvagn, 3 niv\u00e5er, rullvagn, med hjul, handtag, speglade glashyllor, f\u00f6r sm\u00e5 utrymmen, k\u00f6k, matsal, bar<br \/>\nF\u00e4rg: Guldf\u00e4rgad<br \/>\nMaterial: st\u00e5l, speglat glas<br \/>\nStorlek: 30 x 46,8 x 92 cm (D x B x H)<br \/>\nVikt: 7,7 kg<br \/>\nMax. statisk belastningskapacitet per niv\u00e5: 30 kg<\/p>\n","protected":false},"excerpt":{"rendered":"<p>VASAGLE serveringsvagn, 3 niv\u00e5er, rullvagn, med hjul, handtag, speglade glashyllor, f\u00f6r sm\u00e5 utrymmen, k\u00f6k, matsal, bar<\/p>\n","protected":false},"featured_media":43289,"comment_status":"open","ping_status":"closed","template":"","meta":[],"product_brand":[],"product_cat":[33],"product_tag":[],"class_list":{"0":"post-15476","1":"product","2":"type-product","3":"status-publish","4":"has-post-thumbnail","6":"product_cat-okategoriserad","8":"first","9":"instock","10":"shipping-taxable","11":"purchasable","12":"product-type-simple"},"_links":{"self":[{"href":"https:\/\/nordicmart.andreevmaster.com\/sv\/wp-json\/wp\/v2\/product\/15476","targetHints":{"allow":["GET"]}}],"collection":[{"href":"https:\/\/nordicmart.andreevmaster.com\/sv\/wp-json\/wp\/v2\/product"}],"about":[{"href":"https:\/\/nordicmart.andreevmaster.com\/sv\/wp-json\/wp\/v2\/types\/product"}],"replies":[{"embeddable":true,"href":"https:\/\/nordicmart.andreevmaster.com\/sv\/wp-json\/wp\/v2\/comments?post=15476"}],"wp:featuredmedia":[{"embeddable":true,"href":"https:\/\/nordicmart.andreevmaster.com\/sv\/wp-json\/wp\/v2\/media\/43289"}],"wp:attachment":[{"href":"https:\/\/nordicmart.andreevmaster.com\/sv\/wp-json\/wp\/v2\/media?parent=15476"}],"wp:term":[{"taxonomy":"product_brand","embeddable":true,"href":"https:\/\/nordicmart.andreevmaster.com\/sv\/wp-json\/wp\/v2\/product_brand?post=15476"},{"taxonomy":"product_cat","embeddable":true,"href":"https:\/\/nordicmart.andreevmaster.com\/sv\/wp-json\/wp\/v2\/product_cat?post=15476"},{"taxonomy":"product_tag","embeddable":true,"href":"https:\/\/nordicmart.andreevmaster.com\/sv\/wp-json\/wp\/v2\/product_tag?post=15476"}],"curies":[{"name":"wp","href":"https:\/\/api.w.org\/{rel}","templated":true}]}}