{"id":15474,"date":"2026-02-27T00:26:26","date_gmt":"2026-02-27T00:26:26","guid":{"rendered":"https:\/\/nordicmart.andreevmaster.com\/product\/vasagle-serveringsvagn-med-glasplattor\/"},"modified":"2026-02-27T08:17:46","modified_gmt":"2026-02-27T08:17:46","slug":"vasagle-serveringsvagn-med-glasplattor","status":"publish","type":"product","link":"https:\/\/nordicmart.andreevmaster.com\/sv\/produkt\/vasagle-serveringsvagn-med-glasplattor\/","title":{"rendered":"VASAGLE serveringsvagn med glasplattor"},"content":{"rendered":"<p>Produktdetaljer: &#8211; F\u00e4rg: Guldf\u00e4rgad &#8211; Material: St\u00e5l, speglat glas &#8211; Storlek: 80 x 38 x 77,5 cm (L x B x H)  &#8211; Vikt: 14 kg &#8211; Max. statisk belastningskapacitet f\u00f6r den \u00f6vre hyllan: 91 kg &#8211; Max. statisk belastningskapacitet f\u00f6r den nedre hyllan: 45,5 kg Leveransomfattning: &#8211; 1 x rullvagn &#8211; 1 x tillbeh\u00f6rspaket &#8211; 1 x bruksanvisning VASAGLE Anm\u00e4rkningar: &#8211; Barn f\u00e5r inte kl\u00e4ttra p\u00e5 eller leka med produkten.<\/p>\n","protected":false},"excerpt":{"rendered":"<p>VASAGLE serveringsvagn, rullvagn, glash\u00e5llare, 2 speglade glashyllor, barvagn, vinvagn, f\u00f6r k\u00f6k, matsal, bar, guldf\u00e4rgad LRC090A03<\/p>\n","protected":false},"featured_media":43287,"comment_status":"open","ping_status":"closed","template":"","meta":[],"product_brand":[],"product_cat":[33],"product_tag":[],"class_list":{"0":"post-15474","1":"product","2":"type-product","3":"status-publish","4":"has-post-thumbnail","6":"product_cat-okategoriserad","8":"first","9":"instock","10":"shipping-taxable","11":"purchasable","12":"product-type-simple"},"_links":{"self":[{"href":"https:\/\/nordicmart.andreevmaster.com\/sv\/wp-json\/wp\/v2\/product\/15474","targetHints":{"allow":["GET"]}}],"collection":[{"href":"https:\/\/nordicmart.andreevmaster.com\/sv\/wp-json\/wp\/v2\/product"}],"about":[{"href":"https:\/\/nordicmart.andreevmaster.com\/sv\/wp-json\/wp\/v2\/types\/product"}],"replies":[{"embeddable":true,"href":"https:\/\/nordicmart.andreevmaster.com\/sv\/wp-json\/wp\/v2\/comments?post=15474"}],"wp:featuredmedia":[{"embeddable":true,"href":"https:\/\/nordicmart.andreevmaster.com\/sv\/wp-json\/wp\/v2\/media\/43287"}],"wp:attachment":[{"href":"https:\/\/nordicmart.andreevmaster.com\/sv\/wp-json\/wp\/v2\/media?parent=15474"}],"wp:term":[{"taxonomy":"product_brand","embeddable":true,"href":"https:\/\/nordicmart.andreevmaster.com\/sv\/wp-json\/wp\/v2\/product_brand?post=15474"},{"taxonomy":"product_cat","embeddable":true,"href":"https:\/\/nordicmart.andreevmaster.com\/sv\/wp-json\/wp\/v2\/product_cat?post=15474"},{"taxonomy":"product_tag","embeddable":true,"href":"https:\/\/nordicmart.andreevmaster.com\/sv\/wp-json\/wp\/v2\/product_tag?post=15474"}],"curies":[{"name":"wp","href":"https:\/\/api.w.org\/{rel}","templated":true}]}}