{"id":15469,"date":"2026-02-27T00:26:25","date_gmt":"2026-02-27T00:26:25","guid":{"rendered":"https:\/\/nordicmart.andreevmaster.com\/product\/vasagle-serveringsvagn-med-universalhjul\/"},"modified":"2026-02-27T08:17:45","modified_gmt":"2026-02-27T08:17:45","slug":"vasagle-serveringsvagn-med-universalhjul","status":"publish","type":"product","link":"https:\/\/nordicmart.andreevmaster.com\/sv\/produkt\/vasagle-serveringsvagn-med-universalhjul\/","title":{"rendered":"VASAGLE serveringsvagn med universalhjul"},"content":{"rendered":"<p>Festligheterna kan b\u00f6rja! Drycker, snacks&#8230; L\u00e4gg alla godsaker p\u00e5 denna vagn. Dina g\u00e4ster kommer att bli \u00f6verlyckliga! Lunchen \u00e4r serverad! Transportera enkelt porslin, tallrikar och bestick till matsalen f\u00f6r att duka bordet f\u00f6r den gemensamma familjem\u00e5ltiden. Vilken blickf\u00e5ng! Glasplattan ger denna rullvagn en touch av glamour. Med ett sv\u00e4ngt handtag f\u00f6rvandlar denna serveringsvagn ditt hem till ett 5-stj\u00e4rnigt hotell. Produktdetaljer: F\u00e4rg: Vintagebrun-svart Material: Sp\u00e5nskiva, st\u00e5l Storlek: 75 x 40 x 86 cm (L x B x H)Vikt: 12,3 kgMaximal statisk belastningskapacitet per hyllplan: 30 kgMaximal statisk belastningskapacitet totalt: 60 kgLeveransomfattning:1 x serveringsvagn1 x tillbeh\u00f6rspaket1 x bruksanvisning (DE, EN, IT, FR, ES)VASAGLE Anm\u00e4rkningar:Av s\u00e4kerhetssk\u00e4l \u00e4r det f\u00f6rbjudet f\u00f6r barn att kl\u00e4ttra p\u00e5 eller leka med produkten. Produktens maximala statiska belastningskapacitet \u00e4r 60 kg. \u00d6verskrid inte denna maximala vikt.<\/p>\n","protected":false},"excerpt":{"rendered":"<p>VASAGLE serveringsvagn med universalhjul, barvagn, med hyllor, glas- och flaskh\u00e5llare, glasplatta, 75 x 40 x 86 cm, industridesign, vintagebrun-svart LRC086B01<\/p>\n","protected":false},"featured_media":43282,"comment_status":"open","ping_status":"closed","template":"","meta":[],"product_brand":[],"product_cat":[33],"product_tag":[],"class_list":{"0":"post-15469","1":"product","2":"type-product","3":"status-publish","4":"has-post-thumbnail","6":"product_cat-okategoriserad","8":"first","9":"instock","10":"shipping-taxable","11":"purchasable","12":"product-type-simple"},"_links":{"self":[{"href":"https:\/\/nordicmart.andreevmaster.com\/sv\/wp-json\/wp\/v2\/product\/15469","targetHints":{"allow":["GET"]}}],"collection":[{"href":"https:\/\/nordicmart.andreevmaster.com\/sv\/wp-json\/wp\/v2\/product"}],"about":[{"href":"https:\/\/nordicmart.andreevmaster.com\/sv\/wp-json\/wp\/v2\/types\/product"}],"replies":[{"embeddable":true,"href":"https:\/\/nordicmart.andreevmaster.com\/sv\/wp-json\/wp\/v2\/comments?post=15469"}],"wp:featuredmedia":[{"embeddable":true,"href":"https:\/\/nordicmart.andreevmaster.com\/sv\/wp-json\/wp\/v2\/media\/43282"}],"wp:attachment":[{"href":"https:\/\/nordicmart.andreevmaster.com\/sv\/wp-json\/wp\/v2\/media?parent=15469"}],"wp:term":[{"taxonomy":"product_brand","embeddable":true,"href":"https:\/\/nordicmart.andreevmaster.com\/sv\/wp-json\/wp\/v2\/product_brand?post=15469"},{"taxonomy":"product_cat","embeddable":true,"href":"https:\/\/nordicmart.andreevmaster.com\/sv\/wp-json\/wp\/v2\/product_cat?post=15469"},{"taxonomy":"product_tag","embeddable":true,"href":"https:\/\/nordicmart.andreevmaster.com\/sv\/wp-json\/wp\/v2\/product_tag?post=15469"}],"curies":[{"name":"wp","href":"https:\/\/api.w.org\/{rel}","templated":true}]}}