{"id":15467,"date":"2026-02-27T00:26:24","date_gmt":"2026-02-27T00:26:24","guid":{"rendered":"https:\/\/nordicmart.andreevmaster.com\/product\/vasagle-koksvagn-65-x-40-x-86-cm-grabeige-svart\/"},"modified":"2026-02-27T08:17:45","modified_gmt":"2026-02-27T08:17:45","slug":"vasagle-koksvagn-65-x-40-x-86-cm-grabeige-svart","status":"publish","type":"product","link":"https:\/\/nordicmart.andreevmaster.com\/sv\/produkt\/vasagle-koksvagn-65-x-40-x-86-cm-grabeige-svart\/","title":{"rendered":"VASAGLE k\u00f6ksvagn 65 x 40 x 86 cm gr\u00e5beige-svart"},"content":{"rendered":"<p>Produktdetaljer: &#8211; F\u00e4rg: gr\u00e5beige-svart &#8211; Material: sp\u00e5nskiva, st\u00e5l &#8211; Storlek: 65 x 40 x 86 cm (L x B x H) &#8211; Vikt: 12,4 kg &#8211; Maximal statisk belastningskapacitet totalt: 60 kg &#8211; Maximal statisk belastningskapacitet bricka: 15 kg  Leveransomf\u00e5ng: &#8211; 1 x serveringsvagn &#8211; 1 x bricka &#8211; 1 x monteringsutrustning &#8211; 1 x bruksanvisning (DE, EN, IT, FR, ES) VASAGLE Anm\u00e4rkningar: &#8211; L\u00e5t inte barn kl\u00e4ttra p\u00e5 eller leka med produkten. H\u00e5ll dessutom barn borta fr\u00e5n monteringsomr\u00e5det. Leveransen inneh\u00e5ller m\u00e5nga sm\u00e5delar som kan vara farliga f\u00f6r h\u00e4lsan om de andas in eller sv\u00e4ljs. &#8211; H\u00e5ll produkten borta fr\u00e5n vassa och spetsiga f\u00f6rem\u00e5l samt fr\u00e4tande kemikalier f\u00f6r att undvika skador p\u00e5 ytan. &#8211; Produktens maximala statiska belastningskapacitet \u00e4r 60 kg, brickans 15 kg. Placera inga tyngre f\u00f6rem\u00e5l p\u00e5 produkten.<\/p>\n","protected":false},"excerpt":{"rendered":"<p>VASAGLE serveringsvagn med avtagbart bricka, l\u00e5sbar k\u00f6ksvagn med universalhjul, k\u00f6kshylla, 65 x 40 x 86 cm, stabil metallram, industriell design, greige-svart LRC072B02<\/p>\n","protected":false},"featured_media":43280,"comment_status":"open","ping_status":"closed","template":"","meta":[],"product_brand":[],"product_cat":[33],"product_tag":[],"class_list":{"0":"post-15467","1":"product","2":"type-product","3":"status-publish","4":"has-post-thumbnail","6":"product_cat-okategoriserad","8":"first","9":"instock","10":"shipping-taxable","11":"purchasable","12":"product-type-simple"},"_links":{"self":[{"href":"https:\/\/nordicmart.andreevmaster.com\/sv\/wp-json\/wp\/v2\/product\/15467","targetHints":{"allow":["GET"]}}],"collection":[{"href":"https:\/\/nordicmart.andreevmaster.com\/sv\/wp-json\/wp\/v2\/product"}],"about":[{"href":"https:\/\/nordicmart.andreevmaster.com\/sv\/wp-json\/wp\/v2\/types\/product"}],"replies":[{"embeddable":true,"href":"https:\/\/nordicmart.andreevmaster.com\/sv\/wp-json\/wp\/v2\/comments?post=15467"}],"wp:featuredmedia":[{"embeddable":true,"href":"https:\/\/nordicmart.andreevmaster.com\/sv\/wp-json\/wp\/v2\/media\/43280"}],"wp:attachment":[{"href":"https:\/\/nordicmart.andreevmaster.com\/sv\/wp-json\/wp\/v2\/media?parent=15467"}],"wp:term":[{"taxonomy":"product_brand","embeddable":true,"href":"https:\/\/nordicmart.andreevmaster.com\/sv\/wp-json\/wp\/v2\/product_brand?post=15467"},{"taxonomy":"product_cat","embeddable":true,"href":"https:\/\/nordicmart.andreevmaster.com\/sv\/wp-json\/wp\/v2\/product_cat?post=15467"},{"taxonomy":"product_tag","embeddable":true,"href":"https:\/\/nordicmart.andreevmaster.com\/sv\/wp-json\/wp\/v2\/product_tag?post=15467"}],"curies":[{"name":"wp","href":"https:\/\/api.w.org\/{rel}","templated":true}]}}