{"id":15462,"date":"2026-02-27T00:26:23","date_gmt":"2026-02-27T00:26:23","guid":{"rendered":"https:\/\/nordicmart.andreevmaster.com\/product\/vasagle-koksvagn-med-3-hyllplan-och-hjul-guldfargad-ek-molnvit\/"},"modified":"2026-02-27T08:17:44","modified_gmt":"2026-02-27T08:17:44","slug":"vasagle-koksvagn-med-3-hyllplan-och-hjul-guldfargad-ek-molnvit","status":"publish","type":"product","link":"https:\/\/nordicmart.andreevmaster.com\/sv\/produkt\/vasagle-koksvagn-med-3-hyllplan-och-hjul-guldfargad-ek-molnvit\/","title":{"rendered":"VASAGLE k\u00f6ksvagn med 3 hyllplan och hjul guldf\u00e4rgad ek-molnvit"},"content":{"rendered":"<p>VASAGLE rullvagn, k\u00f6ksvagn med 3 hyllplan, serveringsvagn med bromsar, sp\u00e5nskiva, \u00f6vre l\u00e5da, f\u00f6rvaringshylla f\u00f6r k\u00f6k, badrum, sovrum, vintagebrun-bl\u00e4ck svart LRC048K01<br \/>\nF\u00e4rg: Guldf\u00e4rgad ek-molnvit<br \/>\nMaterial: Pulverlackerad metall, sp\u00e5nskiva, Oxford-tyg<br \/>\nStorlek: 30 x 46,2 x 70,5 cm (D x B x H)<br \/>\nVikt: 5,4 kg<br \/>\nMax. statisk belastningskapacitet f\u00f6r bordsskivan: 30 kg<br \/>\nMax. statisk belastningskapacitet f\u00f6r varje hylla: 30 kg<br \/>\nMax. statisk belastningskapacitet f\u00f6r l\u00e5dan: 10 kg<br \/>\nMax. statisk belastningskapacitet totalt: 100 kg<\/p>\n","protected":false},"excerpt":{"rendered":"<p>VASAGLE rullvagn, k\u00f6ksvagn med 3 hyllplan, serveringsvagn med bromsar, sp\u00e5nskiva, \u00f6vre l\u00e5da, f\u00f6rvaringshylla f\u00f6r k\u00f6k, badrum, sovrum, vintagebrun-bl\u00e4ck svart LRC048K01<\/p>\n","protected":false},"featured_media":43275,"comment_status":"open","ping_status":"closed","template":"","meta":[],"product_brand":[],"product_cat":[33],"product_tag":[],"class_list":{"0":"post-15462","1":"product","2":"type-product","3":"status-publish","4":"has-post-thumbnail","6":"product_cat-okategoriserad","8":"first","9":"instock","10":"shipping-taxable","11":"purchasable","12":"product-type-simple"},"_links":{"self":[{"href":"https:\/\/nordicmart.andreevmaster.com\/sv\/wp-json\/wp\/v2\/product\/15462","targetHints":{"allow":["GET"]}}],"collection":[{"href":"https:\/\/nordicmart.andreevmaster.com\/sv\/wp-json\/wp\/v2\/product"}],"about":[{"href":"https:\/\/nordicmart.andreevmaster.com\/sv\/wp-json\/wp\/v2\/types\/product"}],"replies":[{"embeddable":true,"href":"https:\/\/nordicmart.andreevmaster.com\/sv\/wp-json\/wp\/v2\/comments?post=15462"}],"wp:featuredmedia":[{"embeddable":true,"href":"https:\/\/nordicmart.andreevmaster.com\/sv\/wp-json\/wp\/v2\/media\/43275"}],"wp:attachment":[{"href":"https:\/\/nordicmart.andreevmaster.com\/sv\/wp-json\/wp\/v2\/media?parent=15462"}],"wp:term":[{"taxonomy":"product_brand","embeddable":true,"href":"https:\/\/nordicmart.andreevmaster.com\/sv\/wp-json\/wp\/v2\/product_brand?post=15462"},{"taxonomy":"product_cat","embeddable":true,"href":"https:\/\/nordicmart.andreevmaster.com\/sv\/wp-json\/wp\/v2\/product_cat?post=15462"},{"taxonomy":"product_tag","embeddable":true,"href":"https:\/\/nordicmart.andreevmaster.com\/sv\/wp-json\/wp\/v2\/product_tag?post=15462"}],"curies":[{"name":"wp","href":"https:\/\/api.w.org\/{rel}","templated":true}]}}