{"id":15458,"date":"2026-02-27T00:26:22","date_gmt":"2026-02-27T00:26:22","guid":{"rendered":"https:\/\/nordicmart.andreevmaster.com\/product\/vasagle-serveringsvagn-med-flera-nivaer-och-utdragbara-korgar\/"},"modified":"2026-02-27T08:17:43","modified_gmt":"2026-02-27T08:17:43","slug":"vasagle-serveringsvagn-med-flera-nivaer-och-utdragbara-korgar","status":"publish","type":"product","link":"https:\/\/nordicmart.andreevmaster.com\/sv\/produkt\/vasagle-serveringsvagn-med-flera-nivaer-och-utdragbara-korgar\/","title":{"rendered":"VASAGLE serveringsvagn med flera niv\u00e5er och utdragbara korgar"},"content":{"rendered":"<p>VASAGLE serveringsvagn med 4 niv\u00e5er, rullvagn med utdragbara korgar, k\u00f6kshylla p\u00e5 hjul, handtag, 31,7 x 40 x 76 cm, vintagebrun-bl\u00e4ck svart LRC040K01<br \/>\nF\u00e4rg: Vintagebrun, bl\u00e4ksvart<br \/>\nMaterial: Sp\u00e5nskiva, st\u00e5l, FSC-certifierad: Skivan \u00e4r tillverkad av FSC-certifierat tr\u00e4.<br \/>\nStorlek: 31,7 x 40 x 76 cm (D x B x H)<br \/>\nVikt: 5,1 kg<br \/>\nMax. statisk belastningskapacitet per korg: 10 kg<br \/>\nMax. statisk belastningskapacitet f\u00f6r den \u00f6vre hyllan: 15 kg<\/p>\n","protected":false},"excerpt":{"rendered":"<p>VASAGLE serveringsvagn med 4 niv\u00e5er, rullvagn med utdragbara korgar, k\u00f6kshylla p\u00e5 hjul, handtag, 31,7 x 40 x 76 cm, vintagebrun-bl\u00e4ck svart LRC040K01<\/p>\n","protected":false},"featured_media":43271,"comment_status":"open","ping_status":"closed","template":"","meta":[],"product_brand":[],"product_cat":[33],"product_tag":[],"class_list":{"0":"post-15458","1":"product","2":"type-product","3":"status-publish","4":"has-post-thumbnail","6":"product_cat-okategoriserad","8":"first","9":"instock","10":"shipping-taxable","11":"purchasable","12":"product-type-simple"},"_links":{"self":[{"href":"https:\/\/nordicmart.andreevmaster.com\/sv\/wp-json\/wp\/v2\/product\/15458","targetHints":{"allow":["GET"]}}],"collection":[{"href":"https:\/\/nordicmart.andreevmaster.com\/sv\/wp-json\/wp\/v2\/product"}],"about":[{"href":"https:\/\/nordicmart.andreevmaster.com\/sv\/wp-json\/wp\/v2\/types\/product"}],"replies":[{"embeddable":true,"href":"https:\/\/nordicmart.andreevmaster.com\/sv\/wp-json\/wp\/v2\/comments?post=15458"}],"wp:featuredmedia":[{"embeddable":true,"href":"https:\/\/nordicmart.andreevmaster.com\/sv\/wp-json\/wp\/v2\/media\/43271"}],"wp:attachment":[{"href":"https:\/\/nordicmart.andreevmaster.com\/sv\/wp-json\/wp\/v2\/media?parent=15458"}],"wp:term":[{"taxonomy":"product_brand","embeddable":true,"href":"https:\/\/nordicmart.andreevmaster.com\/sv\/wp-json\/wp\/v2\/product_brand?post=15458"},{"taxonomy":"product_cat","embeddable":true,"href":"https:\/\/nordicmart.andreevmaster.com\/sv\/wp-json\/wp\/v2\/product_cat?post=15458"},{"taxonomy":"product_tag","embeddable":true,"href":"https:\/\/nordicmart.andreevmaster.com\/sv\/wp-json\/wp\/v2\/product_tag?post=15458"}],"curies":[{"name":"wp","href":"https:\/\/api.w.org\/{rel}","templated":true}]}}