{"id":15457,"date":"2026-02-27T00:26:22","date_gmt":"2026-02-27T00:26:22","guid":{"rendered":"https:\/\/nordicmart.andreevmaster.com\/product\/songmics-rullvagn-koksvagn-molnvit\/"},"modified":"2026-02-27T08:17:43","modified_gmt":"2026-02-27T08:17:43","slug":"songmics-rullvagn-koksvagn-molnvit","status":"publish","type":"product","link":"https:\/\/nordicmart.andreevmaster.com\/sv\/produkt\/songmics-rullvagn-koksvagn-molnvit\/","title":{"rendered":"SONGMICS rullvagn, k\u00f6ksvagn molnvit"},"content":{"rendered":"<p>SONGMICS rullvagn, k\u00f6ksvagn, 3 metallgallerhyllor, serveringsvagn, 2 avtagbara h\u00e5lplattor, 2 h\u00e4ngkorgar, 4 krokar, f\u00f6r kontor, k\u00f6k, vardagsrum, badrum, bl\u00e4ck svart LRC037B01<br \/>\nF\u00e4rg: Molnvit<br \/>\nMaterial: St\u00e5l<br \/>\nStorlek: 32,3 x 49,4 x 73,9 cm (D x B x H)<br \/>\nVikt: 4 kg<br \/>\nMax. statisk belastningskapacitet per hylla: 10 kg<br \/>\nMax. statisk belastningskapacitet totalt: 30 kg<\/p>\n","protected":false},"excerpt":{"rendered":"<p>SONGMICS rullvagn, k\u00f6ksvagn, 3 metallgallerhyllor, serveringsvagn, 2 avtagbara h\u00e5lplattor, 2 h\u00e4ngkorgar, 4 krokar, f\u00f6r kontor, k\u00f6k, vardagsrum, badrum, bl\u00e4ck svart LRC037B01<\/p>\n","protected":false},"featured_media":43270,"comment_status":"open","ping_status":"closed","template":"","meta":[],"product_brand":[],"product_cat":[33],"product_tag":[],"class_list":{"0":"post-15457","1":"product","2":"type-product","3":"status-publish","4":"has-post-thumbnail","6":"product_cat-okategoriserad","8":"first","9":"instock","10":"shipping-taxable","11":"purchasable","12":"product-type-simple"},"_links":{"self":[{"href":"https:\/\/nordicmart.andreevmaster.com\/sv\/wp-json\/wp\/v2\/product\/15457","targetHints":{"allow":["GET"]}}],"collection":[{"href":"https:\/\/nordicmart.andreevmaster.com\/sv\/wp-json\/wp\/v2\/product"}],"about":[{"href":"https:\/\/nordicmart.andreevmaster.com\/sv\/wp-json\/wp\/v2\/types\/product"}],"replies":[{"embeddable":true,"href":"https:\/\/nordicmart.andreevmaster.com\/sv\/wp-json\/wp\/v2\/comments?post=15457"}],"wp:featuredmedia":[{"embeddable":true,"href":"https:\/\/nordicmart.andreevmaster.com\/sv\/wp-json\/wp\/v2\/media\/43270"}],"wp:attachment":[{"href":"https:\/\/nordicmart.andreevmaster.com\/sv\/wp-json\/wp\/v2\/media?parent=15457"}],"wp:term":[{"taxonomy":"product_brand","embeddable":true,"href":"https:\/\/nordicmart.andreevmaster.com\/sv\/wp-json\/wp\/v2\/product_brand?post=15457"},{"taxonomy":"product_cat","embeddable":true,"href":"https:\/\/nordicmart.andreevmaster.com\/sv\/wp-json\/wp\/v2\/product_cat?post=15457"},{"taxonomy":"product_tag","embeddable":true,"href":"https:\/\/nordicmart.andreevmaster.com\/sv\/wp-json\/wp\/v2\/product_tag?post=15457"}],"curies":[{"name":"wp","href":"https:\/\/api.w.org\/{rel}","templated":true}]}}