{"id":15454,"date":"2026-02-27T00:26:21","date_gmt":"2026-02-27T00:26:21","guid":{"rendered":"https:\/\/nordicmart.andreevmaster.com\/product\/songmics-3-metallgallerhyllor-serveringsvagn-black-svart\/"},"modified":"2026-02-27T08:17:42","modified_gmt":"2026-02-27T08:17:42","slug":"songmics-3-metallgallerhyllor-serveringsvagn-black-svart","status":"publish","type":"product","link":"https:\/\/nordicmart.andreevmaster.com\/sv\/produkt\/songmics-3-metallgallerhyllor-serveringsvagn-black-svart\/","title":{"rendered":"SONGMICS 3 metallgallerhyllor, serveringsvagn bl\u00e4ck svart"},"content":{"rendered":"<p>SONGMICS rullvagn, k\u00f6ksvagn, 3 metallgallerhyllor, serveringsvagn, 2 avtagbara h\u00e4ngande beh\u00e5llare, 2 organisat\u00f6rer, f\u00f6r kontor, k\u00f6k, vardagsrum, badrum, bl\u00e4ck svart LRC036B01<br \/>\nF\u00e4rg: bl\u00e4ck svart<br \/>\nMaterial: st\u00e5l<br \/>\nStorlek: 30,6 x 44,3 x 74,2 cm (D x B x H)<br \/>\nVikt: 3,8 kg<br \/>\nMax. statisk belastningskapacitet per hylla: 10 kg<br \/>\nMax. statisk belastningskapacitet totalt: 30 kg<\/p>\n","protected":false},"excerpt":{"rendered":"<p>SONGMICS rullvagn, k\u00f6ksvagn, 3 metallgallerhyllor, serveringsvagn, 2 avtagbara h\u00e4ngande beh\u00e5llare, 2 organisat\u00f6rer, f\u00f6r kontor, k\u00f6k, vardagsrum, badrum, bl\u00e4ck svart LRC036B01<\/p>\n","protected":false},"featured_media":43267,"comment_status":"open","ping_status":"closed","template":"","meta":[],"product_brand":[],"product_cat":[33],"product_tag":[],"class_list":{"0":"post-15454","1":"product","2":"type-product","3":"status-publish","4":"has-post-thumbnail","6":"product_cat-okategoriserad","8":"first","9":"instock","10":"shipping-taxable","11":"purchasable","12":"product-type-simple"},"_links":{"self":[{"href":"https:\/\/nordicmart.andreevmaster.com\/sv\/wp-json\/wp\/v2\/product\/15454","targetHints":{"allow":["GET"]}}],"collection":[{"href":"https:\/\/nordicmart.andreevmaster.com\/sv\/wp-json\/wp\/v2\/product"}],"about":[{"href":"https:\/\/nordicmart.andreevmaster.com\/sv\/wp-json\/wp\/v2\/types\/product"}],"replies":[{"embeddable":true,"href":"https:\/\/nordicmart.andreevmaster.com\/sv\/wp-json\/wp\/v2\/comments?post=15454"}],"wp:featuredmedia":[{"embeddable":true,"href":"https:\/\/nordicmart.andreevmaster.com\/sv\/wp-json\/wp\/v2\/media\/43267"}],"wp:attachment":[{"href":"https:\/\/nordicmart.andreevmaster.com\/sv\/wp-json\/wp\/v2\/media?parent=15454"}],"wp:term":[{"taxonomy":"product_brand","embeddable":true,"href":"https:\/\/nordicmart.andreevmaster.com\/sv\/wp-json\/wp\/v2\/product_brand?post=15454"},{"taxonomy":"product_cat","embeddable":true,"href":"https:\/\/nordicmart.andreevmaster.com\/sv\/wp-json\/wp\/v2\/product_cat?post=15454"},{"taxonomy":"product_tag","embeddable":true,"href":"https:\/\/nordicmart.andreevmaster.com\/sv\/wp-json\/wp\/v2\/product_tag?post=15454"}],"curies":[{"name":"wp","href":"https:\/\/api.w.org\/{rel}","templated":true}]}}