{"id":15453,"date":"2026-02-27T00:26:21","date_gmt":"2026-02-27T00:26:21","guid":{"rendered":"https:\/\/nordicmart.andreevmaster.com\/product\/vasagle-rullvagn-med-5-hyllplan-pa-hjul-22-x-454-x-996-cm\/"},"modified":"2026-02-27T08:17:42","modified_gmt":"2026-02-27T08:17:42","slug":"vasagle-rullvagn-med-5-hyllplan-pa-hjul-22-x-454-x-996-cm","status":"publish","type":"product","link":"https:\/\/nordicmart.andreevmaster.com\/sv\/produkt\/vasagle-rullvagn-med-5-hyllplan-pa-hjul-22-x-454-x-996-cm\/","title":{"rendered":"VASAGLE rullvagn med 5 hyllplan p\u00e5 hjul 22 x 45,4 x 99,6 cm"},"content":{"rendered":"<p>VASAGLE rullvagn 5 niv\u00e5er, smal k\u00f6ksvagn, nischhylla p\u00e5 hjul, st\u00e5l, handtag, sm\u00e5 utrymmen, 22 x 45,4 x 99,6 cm, k\u00f6k, badrum, vardagsrum, arbetsrum<br \/>\nF\u00e4rg: Ekf\u00e4rgad-vit<br \/>\nMaterial: sp\u00e5nskiva, st\u00e5l<br \/>\nStorlek: 22 x 45,4 x 99,6 cm (D x B x H)<br \/>\nVikt: 4,5 kg<br \/>\nMax. statisk totalbelastning: 25 kg<\/p>\n","protected":false},"excerpt":{"rendered":"<p>VASAGLE rullvagn 5 niv\u00e5er, smal k\u00f6ksvagn, nischhylla p\u00e5 hjul, st\u00e5l, handtag, sm\u00e5 utrymmen, 22 x 45,4 x 99,6 cm, k\u00f6k, badrum, vardagsrum, arbetsrum<\/p>\n","protected":false},"featured_media":43266,"comment_status":"open","ping_status":"closed","template":"","meta":[],"product_brand":[],"product_cat":[33],"product_tag":[],"class_list":{"0":"post-15453","1":"product","2":"type-product","3":"status-publish","4":"has-post-thumbnail","6":"product_cat-okategoriserad","8":"first","9":"instock","10":"shipping-taxable","11":"purchasable","12":"product-type-simple"},"_links":{"self":[{"href":"https:\/\/nordicmart.andreevmaster.com\/sv\/wp-json\/wp\/v2\/product\/15453","targetHints":{"allow":["GET"]}}],"collection":[{"href":"https:\/\/nordicmart.andreevmaster.com\/sv\/wp-json\/wp\/v2\/product"}],"about":[{"href":"https:\/\/nordicmart.andreevmaster.com\/sv\/wp-json\/wp\/v2\/types\/product"}],"replies":[{"embeddable":true,"href":"https:\/\/nordicmart.andreevmaster.com\/sv\/wp-json\/wp\/v2\/comments?post=15453"}],"wp:featuredmedia":[{"embeddable":true,"href":"https:\/\/nordicmart.andreevmaster.com\/sv\/wp-json\/wp\/v2\/media\/43266"}],"wp:attachment":[{"href":"https:\/\/nordicmart.andreevmaster.com\/sv\/wp-json\/wp\/v2\/media?parent=15453"}],"wp:term":[{"taxonomy":"product_brand","embeddable":true,"href":"https:\/\/nordicmart.andreevmaster.com\/sv\/wp-json\/wp\/v2\/product_brand?post=15453"},{"taxonomy":"product_cat","embeddable":true,"href":"https:\/\/nordicmart.andreevmaster.com\/sv\/wp-json\/wp\/v2\/product_cat?post=15453"},{"taxonomy":"product_tag","embeddable":true,"href":"https:\/\/nordicmart.andreevmaster.com\/sv\/wp-json\/wp\/v2\/product_tag?post=15453"}],"curies":[{"name":"wp","href":"https:\/\/api.w.org\/{rel}","templated":true}]}}