{"id":15440,"date":"2026-02-27T00:26:17","date_gmt":"2026-02-27T00:26:17","guid":{"rendered":"https:\/\/nordicmart.andreevmaster.com\/product\/songmics-morklaggningsgardin-silvergra\/"},"modified":"2026-02-27T08:17:40","modified_gmt":"2026-02-27T08:17:40","slug":"songmics-morklaggningsgardin-silvergra","status":"publish","type":"product","link":"https:\/\/nordicmart.andreevmaster.com\/sv\/produkt\/songmics-morklaggningsgardin-silvergra\/","title":{"rendered":"SONGMICS m\u00f6rkl\u00e4ggningsgardin silvergr\u00e5"},"content":{"rendered":"<p>Produktdetaljer:   &#8211; Ljusett f\u00f6rdrag, tre lager med svart mellanlager.  &#8211; Ju m\u00f6rkare f\u00e4rg, desto b\u00e4ttre m\u00f6rkl\u00e4ggning.  &#8211; \u00c5tta \u00f6glor \u00e4r insydda direkt i tyget och dras enkelt p\u00e5 gardinst\u00e5ngen.  &#8211; Perfekt f\u00f6r ditt vardagsrum eller sovrum, kan \u00e4ven anv\u00e4ndas som  &#8211; avskiljande gardin, skapar en behaglig atmosf\u00e4r i rummet.  &#8211; Milj\u00f6v\u00e4nlig, slitstark, tyget krymper n\u00e4stan inte, f\u00e4rgen bleknar inte, ingen noppeeffekt, ljusbest\u00e4ndig, \u00e5ldras inte l\u00e4tt.  &#8211; De visade f\u00e4rgerna kan avvika fr\u00e5n de faktiska f\u00e4rgerna beroende p\u00e5 monitor- och sk\u00e4rminst\u00e4llningar.  &#8211; Alla m\u00e5tt \u00e4r ungef\u00e4rliga. Det kan f\u00f6rekomma sm\u00e5 skillnader mellan de m\u00e5tt vi anger och de faktiska m\u00e5tten.  Tips:   &#8211; Bredd: Den \u00f6nskade bredden p\u00e5 dina gardiner och draperier \u00e4r den bredd som tyget ska ha n\u00e4r det \u00e4r rynkat. Den faktiska tygbredden (tygm\u00e5ttet) kan ber\u00e4knas med hj\u00e4lp av draperingsf\u00f6rh\u00e5llandet. F\u00f6r gardiner och draperier rekommenderas ett draperingsf\u00f6rh\u00e5llande p\u00e5 ca 1:1,5-2. Du ber\u00e4knar allts\u00e5: Din uppm\u00e4tta bredd x 1,5 eller 2 = tygbredd som ska best\u00e4llas.  &#8211; H\u00f6jd: Golvl\u00e5nga gardiner ska ha 5\u201310 cm luft till golvet och inte ligga direkt p\u00e5 golvet. Om h\u00f6jden (fr\u00e5n den \u00f6vre kanten av st\u00e5ngen eller linan ner till golvet) \u00e4r t.ex. 2 m, ska tygh\u00f6jden som ska best\u00e4llas vara 1,95\/1,90 m.  &#8211; Tv\u00e4ttbar upp till 30 \u00b0C, klorfri.  Leveransomfattning &#8211; 2 x ljusisolerande gardin i vald f\u00e4rg<\/p>\n","protected":false},"excerpt":{"rendered":"<p>SONGMICS Gardiner 2 st m\u00f6rkl\u00e4ggningsgardiner M\u00f6rkl\u00e4ggningsgardiner med \u00f6glor svart 145 x 245 cm LRB245H-2<\/p>\n","protected":false},"featured_media":43253,"comment_status":"open","ping_status":"closed","template":"","meta":[],"product_brand":[],"product_cat":[33],"product_tag":[],"class_list":{"0":"post-15440","1":"product","2":"type-product","3":"status-publish","4":"has-post-thumbnail","6":"product_cat-okategoriserad","8":"first","9":"instock","10":"shipping-taxable","11":"purchasable","12":"product-type-simple"},"_links":{"self":[{"href":"https:\/\/nordicmart.andreevmaster.com\/sv\/wp-json\/wp\/v2\/product\/15440","targetHints":{"allow":["GET"]}}],"collection":[{"href":"https:\/\/nordicmart.andreevmaster.com\/sv\/wp-json\/wp\/v2\/product"}],"about":[{"href":"https:\/\/nordicmart.andreevmaster.com\/sv\/wp-json\/wp\/v2\/types\/product"}],"replies":[{"embeddable":true,"href":"https:\/\/nordicmart.andreevmaster.com\/sv\/wp-json\/wp\/v2\/comments?post=15440"}],"wp:featuredmedia":[{"embeddable":true,"href":"https:\/\/nordicmart.andreevmaster.com\/sv\/wp-json\/wp\/v2\/media\/43253"}],"wp:attachment":[{"href":"https:\/\/nordicmart.andreevmaster.com\/sv\/wp-json\/wp\/v2\/media?parent=15440"}],"wp:term":[{"taxonomy":"product_brand","embeddable":true,"href":"https:\/\/nordicmart.andreevmaster.com\/sv\/wp-json\/wp\/v2\/product_brand?post=15440"},{"taxonomy":"product_cat","embeddable":true,"href":"https:\/\/nordicmart.andreevmaster.com\/sv\/wp-json\/wp\/v2\/product_cat?post=15440"},{"taxonomy":"product_tag","embeddable":true,"href":"https:\/\/nordicmart.andreevmaster.com\/sv\/wp-json\/wp\/v2\/product_tag?post=15440"}],"curies":[{"name":"wp","href":"https:\/\/api.w.org\/{rel}","templated":true}]}}