{"id":15436,"date":"2026-02-27T00:26:16","date_gmt":"2026-02-27T00:26:16","guid":{"rendered":"https:\/\/nordicmart.andreevmaster.com\/product\/songmics-3-i-1-lektalt-for-barn-rosa\/"},"modified":"2026-02-27T08:17:39","modified_gmt":"2026-02-27T08:17:39","slug":"songmics-3-i-1-lektalt-for-barn-rosa","status":"publish","type":"product","link":"https:\/\/nordicmart.andreevmaster.com\/sv\/produkt\/songmics-3-i-1-lektalt-for-barn-rosa\/","title":{"rendered":"SONGMICS 3-i-1 lekt\u00e4lt f\u00f6r barn, rosa"},"content":{"rendered":"<p>Det var en g\u00e5ng&#8230; ett \u00e4ventyrsslott som barnen \u00e4lskade eftersom de kunde leka d\u00e4r och aldrig hade tr\u00e5kigt. Unik form, i\u00f6gonfallande f\u00e4rg och roliga m\u00f6nster \u2013 allt detta satte barnens fantasi i r\u00f6relse. Dessutom var detta lekt\u00e4lt utrustat med en tunnel och en basketkorg som kunde st\u00e4rka barnens motoriska f\u00e4rdigheter. Magi Bara ett lekt\u00e4lt? ABRAKADABRA SIMSALABIM! Pl\u00f6tsligt fanns det en tunnel och ett bollhav som kunde anv\u00e4ndas separat. Efter leken kunde setet enkelt vikas ihop \u2013 allt fick plats i den medf\u00f6ljande transportv\u00e4skan! N\u00e4r n\u00e5got blev smutsigt m\u00e4rkte ett av barnen att det snabbt blev rent igen med en fuktig trasa! Slutet p\u00e5 historien? Skapa gl\u00e4dje i hemmet med detta 3-i-1-lekt\u00e4lt! Produktdetaljer: &#8211; F\u00e4rg: rosa &#8211; Material: polyester, n\u00e4tv\u00e4v, glasfiberstavar &#8211; Storlek p\u00e5 bollhavet: 115 x 110 x 36 cm (L x B x H) &#8211; H\u00f6jd mellan golv och basketkorg: 75 cm &#8211; Storlek p\u00e5 tunneln: 60 x 107 x 52 cm (L x B x H) &#8211; Storlek p\u00e5 t\u00e4ltet: 100 x 135 cm (\u00d8 x H) &#8211; Vikt: 2,1 kg Leveransomfattning:- 1 x lekt\u00e4lt &#8211; 1 x tunnel &#8211; 1 x bollhav &#8211; 1 x transportv\u00e4ska &#8211; 7 x glasfiberstavar &#8211; 1 x bruksanvisning (DE, EN, FR, ES, IT) SONGMICS Anm\u00e4rkningar: &#8211; Bollar ing\u00e5r inte i paketet. &#8211; H\u00e5ll produkten borta fr\u00e5n alla brandk\u00e4llor.<\/p>\n","protected":false},"excerpt":{"rendered":"<p>SONGMICS 3-i-1 lekt\u00e4lt, pop-up, med tunnel, bollhav, basketkorg, f\u00f6r barn, f\u00f6r inomhus- och utomhusbruk, med enh\u00f6rnings-\/prinsessmotiv, presentid\u00e9, till f\u00f6delsedagen, rosa LPT701P01<\/p>\n","protected":false},"featured_media":43249,"comment_status":"open","ping_status":"closed","template":"","meta":[],"product_brand":[],"product_cat":[33],"product_tag":[],"class_list":{"0":"post-15436","1":"product","2":"type-product","3":"status-publish","4":"has-post-thumbnail","6":"product_cat-okategoriserad","8":"first","9":"instock","10":"shipping-taxable","11":"purchasable","12":"product-type-simple"},"_links":{"self":[{"href":"https:\/\/nordicmart.andreevmaster.com\/sv\/wp-json\/wp\/v2\/product\/15436","targetHints":{"allow":["GET"]}}],"collection":[{"href":"https:\/\/nordicmart.andreevmaster.com\/sv\/wp-json\/wp\/v2\/product"}],"about":[{"href":"https:\/\/nordicmart.andreevmaster.com\/sv\/wp-json\/wp\/v2\/types\/product"}],"replies":[{"embeddable":true,"href":"https:\/\/nordicmart.andreevmaster.com\/sv\/wp-json\/wp\/v2\/comments?post=15436"}],"wp:featuredmedia":[{"embeddable":true,"href":"https:\/\/nordicmart.andreevmaster.com\/sv\/wp-json\/wp\/v2\/media\/43249"}],"wp:attachment":[{"href":"https:\/\/nordicmart.andreevmaster.com\/sv\/wp-json\/wp\/v2\/media?parent=15436"}],"wp:term":[{"taxonomy":"product_brand","embeddable":true,"href":"https:\/\/nordicmart.andreevmaster.com\/sv\/wp-json\/wp\/v2\/product_brand?post=15436"},{"taxonomy":"product_cat","embeddable":true,"href":"https:\/\/nordicmart.andreevmaster.com\/sv\/wp-json\/wp\/v2\/product_cat?post=15436"},{"taxonomy":"product_tag","embeddable":true,"href":"https:\/\/nordicmart.andreevmaster.com\/sv\/wp-json\/wp\/v2\/product_tag?post=15436"}],"curies":[{"name":"wp","href":"https:\/\/api.w.org\/{rel}","templated":true}]}}