{"id":15435,"date":"2026-02-27T00:26:16","date_gmt":"2026-02-27T00:26:16","guid":{"rendered":"https:\/\/nordicmart.andreevmaster.com\/product\/songmics-bollpool-for-smabarn\/"},"modified":"2026-02-27T08:17:39","modified_gmt":"2026-02-27T08:17:39","slug":"songmics-bollpool-for-smabarn","status":"publish","type":"product","link":"https:\/\/nordicmart.andreevmaster.com\/sv\/produkt\/songmics-bollpool-for-smabarn\/","title":{"rendered":"SONGMICS bollpool f\u00f6r sm\u00e5barn"},"content":{"rendered":"<p>H\u00e5llbara material: Barn bryr sig vanligtvis inte om h\u00e5llbarheten hos sina leksaker, men det g\u00f6r du som f\u00f6r\u00e4lder. Var lugn, f\u00f6r denna bollpool fr\u00e5n SONGMICS \u00e4r tillverkad av slitstarkt polyester och t\u00e5l utan problem daglig anv\u00e4ndning av sm\u00e5barn. Den perfekta presenten: Letar du fortfarande efter den perfekta presenten till en kommande babyshower eller barnkalas? Vill du hitta ett leksak f\u00f6r att underh\u00e5lla dina barnbarn? Denna bollpool fr\u00e5n SONGMICS \u00e4r den perfekta presenten f\u00f6r alla som \u00e4r ute och reser med ett litet barn. Med den kan barnen l\u00e5ta fantasin fl\u00f6da medan du i lugn och ro dricker en kopp kaffe. F\u00f6r s\u00f6ta sm\u00e5ttingar: Denna hopf\u00e4llbara lekt\u00e4lt \u00e4r en riktig gl\u00e4djespridare. Det levereras i en praktisk b\u00e4rv\u00e4ska, s\u00e5 att du enkelt kan st\u00e4lla upp det roliga bollparadiset var som helst och ta med det igen. Oavsett om det \u00e4r i ditt eget vardagsrum, hos sv\u00e4rf\u00f6r\u00e4ldrarna eller hos v\u00e4nner \u2013 denna bollpool kommer att gl\u00e4dja ditt barn \u00f6verallt. Produktdetaljer:F\u00e4rg: Vit Material: Polyester, platt st\u00e5ltr\u00e5d Storlek: 120 x 100 x 74 cm (L x B x H) Vikt: 0,5 kg Leveransomfattning: 1 x bollpool 1 x transportv\u00e4ska SONGMICS Anm\u00e4rkningar: Bollar ing\u00e5r INTE i leveransen. Detta \u00e4r en pop-up-bollpool som f\u00e4lls ut med ett ryck. H\u00e5ll den tillr\u00e4ckligt l\u00e5ngt fr\u00e5n ansiktet n\u00e4r du \u00f6ppnar den. Av ovanst\u00e5ende sk\u00e4l b\u00f6r produkten inte s\u00e4ttas upp av barn. Uppst\u00e4llningen b\u00f6r g\u00f6ras av en vuxen. H\u00e5ll produkten borta fr\u00e5n \u00f6ppen eld. Vi rekommenderar att du anv\u00e4nder bollar med en diameter st\u00f6rre \u00e4n 5 cm f\u00f6r denna bollpool. Mindre bollar kan sv\u00e4ljas eller andas in.<\/p>\n","protected":false},"excerpt":{"rendered":"<p>SONGMICS bollhav, bollpool, inomhus- och utomhuslekhage, lekt\u00e4lt f\u00f6r sm\u00e5barn, med basketkorg, leksaker, present till barn, med rymdtema, UTAN bollar, vit LPT66WT<\/p>\n","protected":false},"featured_media":43248,"comment_status":"open","ping_status":"closed","template":"","meta":[],"product_brand":[],"product_cat":[33],"product_tag":[],"class_list":{"0":"post-15435","1":"product","2":"type-product","3":"status-publish","4":"has-post-thumbnail","6":"product_cat-okategoriserad","8":"first","9":"instock","10":"shipping-taxable","11":"purchasable","12":"product-type-simple"},"_links":{"self":[{"href":"https:\/\/nordicmart.andreevmaster.com\/sv\/wp-json\/wp\/v2\/product\/15435","targetHints":{"allow":["GET"]}}],"collection":[{"href":"https:\/\/nordicmart.andreevmaster.com\/sv\/wp-json\/wp\/v2\/product"}],"about":[{"href":"https:\/\/nordicmart.andreevmaster.com\/sv\/wp-json\/wp\/v2\/types\/product"}],"replies":[{"embeddable":true,"href":"https:\/\/nordicmart.andreevmaster.com\/sv\/wp-json\/wp\/v2\/comments?post=15435"}],"wp:featuredmedia":[{"embeddable":true,"href":"https:\/\/nordicmart.andreevmaster.com\/sv\/wp-json\/wp\/v2\/media\/43248"}],"wp:attachment":[{"href":"https:\/\/nordicmart.andreevmaster.com\/sv\/wp-json\/wp\/v2\/media?parent=15435"}],"wp:term":[{"taxonomy":"product_brand","embeddable":true,"href":"https:\/\/nordicmart.andreevmaster.com\/sv\/wp-json\/wp\/v2\/product_brand?post=15435"},{"taxonomy":"product_cat","embeddable":true,"href":"https:\/\/nordicmart.andreevmaster.com\/sv\/wp-json\/wp\/v2\/product_cat?post=15435"},{"taxonomy":"product_tag","embeddable":true,"href":"https:\/\/nordicmart.andreevmaster.com\/sv\/wp-json\/wp\/v2\/product_tag?post=15435"}],"curies":[{"name":"wp","href":"https:\/\/api.w.org\/{rel}","templated":true}]}}