{"id":15434,"date":"2026-02-27T00:26:16","date_gmt":"2026-02-27T00:26:16","guid":{"rendered":"https:\/\/nordicmart.andreevmaster.com\/product\/songmics-inomhus-och-utomhusbox-bla\/"},"modified":"2026-02-27T08:17:38","modified_gmt":"2026-02-27T08:17:38","slug":"songmics-inomhus-och-utomhusbox-bla","status":"publish","type":"product","link":"https:\/\/nordicmart.andreevmaster.com\/sv\/produkt\/songmics-inomhus-och-utomhusbox-bla\/","title":{"rendered":"SONGMICS inomhus- och utomhusbox bl\u00e5"},"content":{"rendered":"<p>H\u00e5llbara material: Barn bryr sig vanligtvis inte om h\u00e5llbarheten hos sina leksaker, men det g\u00f6r du som f\u00f6r\u00e4lder. Du kan vara lugn, f\u00f6r denna bollpool fr\u00e5n SONGMICS \u00e4r tillverkad av slitstarkt polyester och t\u00e5l utan problem daglig anv\u00e4ndning av sm\u00e5barn. Den perfekta presenten: Letar du fortfarande efter den perfekta presenten till en kommande babyshower eller barnkalas? Vill du hitta ett leksak f\u00f6r att underh\u00e5lla dina barnbarn? Denna bollpool fr\u00e5n SONGMICS \u00e4r den perfekta presenten f\u00f6r alla som \u00e4r ute och reser med ett litet barn. Med den kan barnen l\u00e5ta fantasin fl\u00f6da medan du i lugn och ro dricker en kopp kaffe. F\u00f6r s\u00f6ta sm\u00e5ttingar: Detta hopf\u00e4llbara lekt\u00e4lt \u00e4r en riktig gl\u00e4djespridare. Den levereras i en praktisk b\u00e4rv\u00e4ska, s\u00e5 att du enkelt kan st\u00e4lla upp det roliga bollparadiset var som helst och ta med det igen. Oavsett om det \u00e4r i ditt eget vardagsrum, hos sv\u00e4rf\u00f6r\u00e4ldrarna eller hos v\u00e4nner \u2013 denna bollpool kommer att gl\u00e4dja ditt barn \u00f6verallt.<\/p>\n","protected":false},"excerpt":{"rendered":"<p>SONGMICS bollhav, bollpool, inomhus- och utomhuslekhage, lekt\u00e4lt f\u00f6r sm\u00e5barn, med basketkorg, leksaker, present till barn, med rymdtema, UTAN bollar, vit LPT66WT<\/p>\n","protected":false},"featured_media":43247,"comment_status":"open","ping_status":"closed","template":"","meta":[],"product_brand":[],"product_cat":[33],"product_tag":[],"class_list":{"0":"post-15434","1":"product","2":"type-product","3":"status-publish","4":"has-post-thumbnail","6":"product_cat-okategoriserad","8":"first","9":"instock","10":"shipping-taxable","11":"purchasable","12":"product-type-simple"},"_links":{"self":[{"href":"https:\/\/nordicmart.andreevmaster.com\/sv\/wp-json\/wp\/v2\/product\/15434","targetHints":{"allow":["GET"]}}],"collection":[{"href":"https:\/\/nordicmart.andreevmaster.com\/sv\/wp-json\/wp\/v2\/product"}],"about":[{"href":"https:\/\/nordicmart.andreevmaster.com\/sv\/wp-json\/wp\/v2\/types\/product"}],"replies":[{"embeddable":true,"href":"https:\/\/nordicmart.andreevmaster.com\/sv\/wp-json\/wp\/v2\/comments?post=15434"}],"wp:featuredmedia":[{"embeddable":true,"href":"https:\/\/nordicmart.andreevmaster.com\/sv\/wp-json\/wp\/v2\/media\/43247"}],"wp:attachment":[{"href":"https:\/\/nordicmart.andreevmaster.com\/sv\/wp-json\/wp\/v2\/media?parent=15434"}],"wp:term":[{"taxonomy":"product_brand","embeddable":true,"href":"https:\/\/nordicmart.andreevmaster.com\/sv\/wp-json\/wp\/v2\/product_brand?post=15434"},{"taxonomy":"product_cat","embeddable":true,"href":"https:\/\/nordicmart.andreevmaster.com\/sv\/wp-json\/wp\/v2\/product_cat?post=15434"},{"taxonomy":"product_tag","embeddable":true,"href":"https:\/\/nordicmart.andreevmaster.com\/sv\/wp-json\/wp\/v2\/product_tag?post=15434"}],"curies":[{"name":"wp","href":"https:\/\/api.w.org\/{rel}","templated":true}]}}