{"id":15433,"date":"2026-02-27T00:26:15","date_gmt":"2026-02-27T00:26:15","guid":{"rendered":"https:\/\/nordicmart.andreevmaster.com\/product\/songmics-prinsessslott-lektalt-rosa\/"},"modified":"2026-02-27T08:17:38","modified_gmt":"2026-02-27T08:17:38","slug":"songmics-prinsessslott-lektalt-rosa","status":"publish","type":"product","link":"https:\/\/nordicmart.andreevmaster.com\/sv\/produkt\/songmics-prinsessslott-lektalt-rosa\/","title":{"rendered":"SONGMICS Prinsessslott lekt\u00e4lt rosa"},"content":{"rendered":"<p>Litet t\u00e4lt, stort n\u00f6je: \u00c4lskar dina barn att leka med byggklossar, l\u00e4sa serietidningar eller krama sina gosedjur? D\u00e5 \u00e4r det h\u00f6g tid f\u00f6r detta t\u00e4lt! Ett litet tips fr\u00e5n oss: Dekorera det med en ljusslinga (ing\u00e5r ej) f\u00f6r dubbelt s\u00e5 mycket n\u00f6je! S\u00e4kerheten f\u00f6rst: Dina barns s\u00e4kerhet \u00e4r viktig f\u00f6r oss. Robusta kopplingar h\u00e5ller lekt\u00e4ltet stabilt och f\u00f6rhindrar att det faller is\u00e4r. Plastst\u00e4ngerna, sidov\u00e4ggarna av n\u00e4tmaterial och polyestertyget \u00e4r barnv\u00e4nliga och har klarat T\u00dcV Rheinland-testet (rapportnr: 180189644a 001).Uppbyggd p\u00e5 n\u00e5gra minuter: F\u00e4ll bara upp lekstugan, s\u00e4tt fast PVC-st\u00e4ngerna, knyt ihop remmarna och sedan kan leken b\u00f6rja! Nu kan du i lugn och ro sk\u00f6ta dina dagliga sysslor medan din lilla leker. N\u00e4r ditt barn inte vill leka l\u00e4ngre kan du f\u00e4lla ihop t\u00e4ltet och f\u00f6rvara det i den praktiska b\u00e4rv\u00e4skan \u2013 helt enkelt! Produktdetaljer:F\u00e4rg: Rosa Material: Polyestertyg, sidov\u00e4ggar av n\u00e4tmaterial, PVC-st\u00e5ng Storlek: 140 x 120 x 135 cm (L x B x H) Vikt: 1,9 kg Leveransomfattning: 1 x lekt\u00e4lt 1 x transportv\u00e4ska 1 x bruksanvisning (DE, EN, FR, ES, IT)<\/p>\n","protected":false},"excerpt":{"rendered":"<p>SONGMICS Prinsessborg lekt\u00e4lt, lekt\u00e4lt f\u00f6r barn, flickor och pojkar, prinsessat\u00e4lt f\u00f6r inomhus- och utomhusbruk, l\u00e4mpligt f\u00f6r upp till 3 barn, 140 x 120 x 135 cm, rosa LPT601P01<\/p>\n","protected":false},"featured_media":43246,"comment_status":"open","ping_status":"closed","template":"","meta":[],"product_brand":[],"product_cat":[33],"product_tag":[],"class_list":{"0":"post-15433","1":"product","2":"type-product","3":"status-publish","4":"has-post-thumbnail","6":"product_cat-okategoriserad","8":"first","9":"instock","10":"shipping-taxable","11":"purchasable","12":"product-type-simple"},"_links":{"self":[{"href":"https:\/\/nordicmart.andreevmaster.com\/sv\/wp-json\/wp\/v2\/product\/15433","targetHints":{"allow":["GET"]}}],"collection":[{"href":"https:\/\/nordicmart.andreevmaster.com\/sv\/wp-json\/wp\/v2\/product"}],"about":[{"href":"https:\/\/nordicmart.andreevmaster.com\/sv\/wp-json\/wp\/v2\/types\/product"}],"replies":[{"embeddable":true,"href":"https:\/\/nordicmart.andreevmaster.com\/sv\/wp-json\/wp\/v2\/comments?post=15433"}],"wp:featuredmedia":[{"embeddable":true,"href":"https:\/\/nordicmart.andreevmaster.com\/sv\/wp-json\/wp\/v2\/media\/43246"}],"wp:attachment":[{"href":"https:\/\/nordicmart.andreevmaster.com\/sv\/wp-json\/wp\/v2\/media?parent=15433"}],"wp:term":[{"taxonomy":"product_brand","embeddable":true,"href":"https:\/\/nordicmart.andreevmaster.com\/sv\/wp-json\/wp\/v2\/product_brand?post=15433"},{"taxonomy":"product_cat","embeddable":true,"href":"https:\/\/nordicmart.andreevmaster.com\/sv\/wp-json\/wp\/v2\/product_cat?post=15433"},{"taxonomy":"product_tag","embeddable":true,"href":"https:\/\/nordicmart.andreevmaster.com\/sv\/wp-json\/wp\/v2\/product_tag?post=15433"}],"curies":[{"name":"wp","href":"https:\/\/api.w.org\/{rel}","templated":true}]}}