{"id":15432,"date":"2026-02-27T00:26:15","date_gmt":"2026-02-27T00:26:15","guid":{"rendered":"https:\/\/nordicmart.andreevmaster.com\/product\/songmics-lektalt-for-smabarn\/"},"modified":"2026-02-27T08:17:38","modified_gmt":"2026-02-27T08:17:38","slug":"songmics-lektalt-for-smabarn","status":"publish","type":"product","link":"https:\/\/nordicmart.andreevmaster.com\/sv\/produkt\/songmics-lektalt-for-smabarn\/","title":{"rendered":"SONGMICS lekt\u00e4lt f\u00f6r sm\u00e5barn"},"content":{"rendered":"<p>Kvalitet r\u00e4knas: 190T polyestertyg, solida glasfiberst\u00e4nger och f\u00f6rst\u00e4rkta s\u00f6mmar \u2013 alla dessa h\u00f6gkvalitativa material g\u00f6r att detta lekt\u00e4lt t\u00e5l \u00e4ven de mest livliga barnen. Med denna present kan ingenting g\u00e5 fel: detta lekt\u00e4lt fr\u00e5n SONGMICS \u00e4r en perfekt present till sm\u00e5barn. De kommer s\u00e4kert att jubla av gl\u00e4dje: \u201d\u00c4ntligen har jag mitt eget slott!\u201d H\u00e4r kan dina barn leka eller l\u00e4ra sig tills de \u00e4r cirka 8 \u00e5r gamla! K\u00e4lla till gl\u00e4dje: Tack vare den anv\u00e4ndarv\u00e4nliga designen kan du enkelt f\u00e4lla ihop t\u00e4ltet och f\u00f6rvara det i den praktiska b\u00e4rv\u00e4skan. Det kommer att vara en k\u00e4lla till gl\u00e4dje \u00f6verallt: i vardagsrummet, hos en v\u00e4n eller i en solig tr\u00e4dg\u00e5rd. Produktdetaljer:F\u00e4rg: Rosa-gul Material: 190T polyester, glasfiberstavar, st\u00e5ltr\u00e5dar Storlek: 101 x 135 cm (\u00d8 x H) Vikt: 1,1 kg Leveransomfattning: 1 x lekt\u00e4lt 4 x glasfiberstav 1 x b\u00e4rv\u00e4ska 1 x bruksanvisning (DE, EN, FR, ES, IT) SONGMICS Anm\u00e4rkningar:Anv\u00e4nd inte produkten i n\u00e4rheten av \u00f6ppen eld.<\/p>\n","protected":false},"excerpt":{"rendered":"<p>SONGMICS lekt\u00e4lt f\u00f6r sm\u00e5barn, prinsessans slott, pop-up indiant\u00e4lt, present till barn, f\u00f6r inomhus- och utomhusbruk, med b\u00e4rv\u00e4ska, rosa-gul LPT04PY<\/p>\n","protected":false},"featured_media":43245,"comment_status":"open","ping_status":"closed","template":"","meta":[],"product_brand":[],"product_cat":[33],"product_tag":[],"class_list":{"0":"post-15432","1":"product","2":"type-product","3":"status-publish","4":"has-post-thumbnail","6":"product_cat-okategoriserad","8":"first","9":"instock","10":"shipping-taxable","11":"purchasable","12":"product-type-simple"},"_links":{"self":[{"href":"https:\/\/nordicmart.andreevmaster.com\/sv\/wp-json\/wp\/v2\/product\/15432","targetHints":{"allow":["GET"]}}],"collection":[{"href":"https:\/\/nordicmart.andreevmaster.com\/sv\/wp-json\/wp\/v2\/product"}],"about":[{"href":"https:\/\/nordicmart.andreevmaster.com\/sv\/wp-json\/wp\/v2\/types\/product"}],"replies":[{"embeddable":true,"href":"https:\/\/nordicmart.andreevmaster.com\/sv\/wp-json\/wp\/v2\/comments?post=15432"}],"wp:featuredmedia":[{"embeddable":true,"href":"https:\/\/nordicmart.andreevmaster.com\/sv\/wp-json\/wp\/v2\/media\/43245"}],"wp:attachment":[{"href":"https:\/\/nordicmart.andreevmaster.com\/sv\/wp-json\/wp\/v2\/media?parent=15432"}],"wp:term":[{"taxonomy":"product_brand","embeddable":true,"href":"https:\/\/nordicmart.andreevmaster.com\/sv\/wp-json\/wp\/v2\/product_brand?post=15432"},{"taxonomy":"product_cat","embeddable":true,"href":"https:\/\/nordicmart.andreevmaster.com\/sv\/wp-json\/wp\/v2\/product_cat?post=15432"},{"taxonomy":"product_tag","embeddable":true,"href":"https:\/\/nordicmart.andreevmaster.com\/sv\/wp-json\/wp\/v2\/product_tag?post=15432"}],"curies":[{"name":"wp","href":"https:\/\/api.w.org\/{rel}","templated":true}]}}