{"id":15430,"date":"2026-02-27T00:26:15","date_gmt":"2026-02-27T00:26:15","guid":{"rendered":"https:\/\/nordicmart.andreevmaster.com\/product\/songmics-lektalt-med-dinosauriemotiv\/"},"modified":"2026-02-27T08:17:37","modified_gmt":"2026-02-27T08:17:37","slug":"songmics-lektalt-med-dinosauriemotiv","status":"publish","type":"product","link":"https:\/\/nordicmart.andreevmaster.com\/sv\/produkt\/songmics-lektalt-med-dinosauriemotiv\/","title":{"rendered":"SONGMICS lekt\u00e4lt  med dinosauriemotiv"},"content":{"rendered":"<p>O\u00e4ndliga timmar av n\u00f6je: Skapa ett kungarike f\u00f6r dina sm\u00e5 i varje h\u00f6rn av ditt hem med detta magiska leksakslott och de kommer att ha massor av kul. Dessutom blir det \u00e4nnu roligare om du dekorerar t\u00e4ltet med ljusslingor (ING\u00c5R INTE)! F\u00f6r l\u00e5ng livsl\u00e4ngd: Tack vare tyget av 190T polyester \u00e4r t\u00e4ltet s\u00e4rskilt h\u00e5llbart. F\u00e4stbara tyg\u00f6ppningar f\u00f6rhindrar att st\u00e4ngerna glider. Detta hindrar st\u00e4ngerna fr\u00e5n att glida ur \u00f6ppningarna. Produkten har klarat T\u00dcV Rheinland s\u00e4kerhetstester inom omr\u00e5det &#8221;brandfarlighet&#8221; och &#8221;mekaniska egenskaper&#8221; (rapport nr 0154336177a 001).S\u00e4tt upp t\u00e4ltet p\u00e5 n\u00e5gra minuter: F\u00e4ll bara upp t\u00e4ltet och s\u00e4tt i de 4 glasfiberst\u00e4ngerna, s\u00e5 kan du sk\u00f6ta dina dagliga sysslor medan dina sm\u00e5 leker s\u00e4kert. N\u00e4r du inte anv\u00e4nder det f\u00e4ller du ihop det i p\u00e5sen f\u00f6r enkel f\u00f6rvaring. V\u00e4nta inte l\u00e4ngre och \u00f6verraska dina barn med denna s\u00f6ta present! Produktdetaljer: F\u00e4rg: flerf\u00e4rgad Material: 190T polyester, glasfiberpinnar, f\u00f6rzinkade j\u00e4rntr\u00e5dar M\u00e5tt: 101 x 135 cm (\u00d8 x H) Vikt: 1,14 kg Leveransomfattning: 1 x t\u00e4lt 4 x glasfiberpinnar 1 x f\u00f6rvaringsp\u00e5se 1 x bruksanvisning (DE, EN, FR, ES, IT) SONGMICS Anm\u00e4rkningar:Ljusslingan ing\u00e5r inte i leveransen. Placera inte produkten i direkt solljus. Denna produkt \u00e4r avsedd f\u00f6r barn \u00f6ver 3 \u00e5r. Barn f\u00e5r inte anv\u00e4nda produkten utan uppsikt av en vuxen.<\/p>\n","protected":false},"excerpt":{"rendered":"<p>SONGMICS Leksakst\u00e4lt f\u00f6r sm\u00e5barn, lekstuga f\u00f6r inomhus- och utomhusbruk, b\u00e4rbart pop-up-indianst\u00e4lt med b\u00e4rv\u00e4ska, lekstuga med dinosaurietema, privat rum f\u00f6r upp till 3 barn LPT02YU<\/p>\n","protected":false},"featured_media":43243,"comment_status":"open","ping_status":"closed","template":"","meta":[],"product_brand":[],"product_cat":[33],"product_tag":[],"class_list":{"0":"post-15430","1":"product","2":"type-product","3":"status-publish","4":"has-post-thumbnail","6":"product_cat-okategoriserad","8":"first","9":"instock","10":"shipping-taxable","11":"purchasable","12":"product-type-simple"},"_links":{"self":[{"href":"https:\/\/nordicmart.andreevmaster.com\/sv\/wp-json\/wp\/v2\/product\/15430","targetHints":{"allow":["GET"]}}],"collection":[{"href":"https:\/\/nordicmart.andreevmaster.com\/sv\/wp-json\/wp\/v2\/product"}],"about":[{"href":"https:\/\/nordicmart.andreevmaster.com\/sv\/wp-json\/wp\/v2\/types\/product"}],"replies":[{"embeddable":true,"href":"https:\/\/nordicmart.andreevmaster.com\/sv\/wp-json\/wp\/v2\/comments?post=15430"}],"wp:featuredmedia":[{"embeddable":true,"href":"https:\/\/nordicmart.andreevmaster.com\/sv\/wp-json\/wp\/v2\/media\/43243"}],"wp:attachment":[{"href":"https:\/\/nordicmart.andreevmaster.com\/sv\/wp-json\/wp\/v2\/media?parent=15430"}],"wp:term":[{"taxonomy":"product_brand","embeddable":true,"href":"https:\/\/nordicmart.andreevmaster.com\/sv\/wp-json\/wp\/v2\/product_brand?post=15430"},{"taxonomy":"product_cat","embeddable":true,"href":"https:\/\/nordicmart.andreevmaster.com\/sv\/wp-json\/wp\/v2\/product_cat?post=15430"},{"taxonomy":"product_tag","embeddable":true,"href":"https:\/\/nordicmart.andreevmaster.com\/sv\/wp-json\/wp\/v2\/product_tag?post=15430"}],"curies":[{"name":"wp","href":"https:\/\/api.w.org\/{rel}","templated":true}]}}