{"id":15429,"date":"2026-02-27T00:26:14","date_gmt":"2026-02-27T00:26:14","guid":{"rendered":"https:\/\/nordicmart.andreevmaster.com\/product\/songmics-lektalt-prinsessans-slott\/"},"modified":"2026-02-27T08:17:37","modified_gmt":"2026-02-27T08:17:37","slug":"songmics-lektalt-prinsessans-slott","status":"publish","type":"product","link":"https:\/\/nordicmart.andreevmaster.com\/sv\/produkt\/songmics-lektalt-prinsessans-slott\/","title":{"rendered":"SONGMICS lekt\u00e4lt Prinsessans slott"},"content":{"rendered":"<p>T\u00e5l \u00e4ven de mest livliga barnen Tack vare tyget i 190T polyester \u00e4r t\u00e4ltet s\u00e4rskilt slitstarkt. F\u00e4stbara tyg\u00f6ppningar f\u00f6rhindrar att st\u00e4ngerna glider. Produkten har klarat T\u00dcV Rheinland s\u00e4kerhetstester inom omr\u00e5dena \u201dbrandfarlighet\u201d och \u201dmekaniska egenskaper\u201d. Perfekt f\u00f6r inomhus- och utomhusbruk T\u00e4ltet \u00e4r ett perfekt st\u00e4lle att vara hemma utan att vara hemma. Du kan st\u00e4lla upp det i lekrummet, sovrummet, tr\u00e4dg\u00e5rden eller p\u00e5 andra platser. Lekhuset \u00e4r ocks\u00e5 ett bekv\u00e4mt boende f\u00f6r utflykter. Uppst\u00e4llt p\u00e5 n\u00e5gra minuter T\u00e4ltet har en pop-up-mekanism och g\u00e5r d\u00e4rf\u00f6r snabbt att s\u00e4tta upp. F\u00f6r att slutf\u00f6ra installationen beh\u00f6ver du bara skjuta in de 4 glasfiberst\u00e4ngerna i de passande \u00f6ppningarna, och sedan kan du \u00e5terg\u00e5 till dina dagliga sysslor medan ditt barn leker glatt. T\u00e4ltet kan dessutom enkelt vikas ihop efter anv\u00e4ndning och f\u00f6rvaras eller transporteras i den medf\u00f6ljande b\u00e4rv\u00e4skan.V\u00e4nta inte l\u00e4ngre och \u00f6verraska ditt barn med denna s\u00f6ta present! Produktdetaljer: &#8211; F\u00e4rg: rosa &#8211; Material: 190T polyester, glasfiberstavar, f\u00f6rzinkade j\u00e4rntr\u00e5dar &#8211; M\u00e5tt: 101 x 135 cm (\u00d8 x H) &#8211; Vikt: 1,13 kg Leveransomfattning:- 1 x t\u00e4lt &#8211; 4 x glasfiberst\u00e4nger &#8211; 1 x f\u00f6rvaringsv\u00e4ska &#8211; 1 x bruksanvisning (DE, EN, FR, ES, IT) SONGMICS Anm\u00e4rkningar:- Ljusgirlanden ing\u00e5r inte i leveransen. &#8211; Se till att t\u00e4ltet uts\u00e4tts f\u00f6r tillr\u00e4ckligt med dagsljus s\u00e5 att det lyser p\u00e5 natten. &#8211; Denna produkt \u00e4r avsedd f\u00f6r barn fr\u00e5n 3 \u00e5r. &#8211; Barn f\u00e5r inte anv\u00e4nda produkten utan uppsikt av en vuxen.<\/p>\n","protected":false},"excerpt":{"rendered":"<p>SONGMICS lekt\u00e4lt, prinsesslott\u00e4lt f\u00f6r sm\u00e5 pojkar, lekstuga f\u00f6r inomhus- och utomhusbruk, b\u00e4rbart pop-up-indian\u00e4lt tipi med b\u00e4rv\u00e4ska, present till barn, bl\u00e5 LPT01BU<\/p>\n","protected":false},"featured_media":43242,"comment_status":"open","ping_status":"closed","template":"","meta":[],"product_brand":[],"product_cat":[33],"product_tag":[],"class_list":{"0":"post-15429","1":"product","2":"type-product","3":"status-publish","4":"has-post-thumbnail","6":"product_cat-okategoriserad","8":"first","9":"instock","10":"shipping-taxable","11":"purchasable","12":"product-type-simple"},"_links":{"self":[{"href":"https:\/\/nordicmart.andreevmaster.com\/sv\/wp-json\/wp\/v2\/product\/15429","targetHints":{"allow":["GET"]}}],"collection":[{"href":"https:\/\/nordicmart.andreevmaster.com\/sv\/wp-json\/wp\/v2\/product"}],"about":[{"href":"https:\/\/nordicmart.andreevmaster.com\/sv\/wp-json\/wp\/v2\/types\/product"}],"replies":[{"embeddable":true,"href":"https:\/\/nordicmart.andreevmaster.com\/sv\/wp-json\/wp\/v2\/comments?post=15429"}],"wp:featuredmedia":[{"embeddable":true,"href":"https:\/\/nordicmart.andreevmaster.com\/sv\/wp-json\/wp\/v2\/media\/43242"}],"wp:attachment":[{"href":"https:\/\/nordicmart.andreevmaster.com\/sv\/wp-json\/wp\/v2\/media?parent=15429"}],"wp:term":[{"taxonomy":"product_brand","embeddable":true,"href":"https:\/\/nordicmart.andreevmaster.com\/sv\/wp-json\/wp\/v2\/product_brand?post=15429"},{"taxonomy":"product_cat","embeddable":true,"href":"https:\/\/nordicmart.andreevmaster.com\/sv\/wp-json\/wp\/v2\/product_cat?post=15429"},{"taxonomy":"product_tag","embeddable":true,"href":"https:\/\/nordicmart.andreevmaster.com\/sv\/wp-json\/wp\/v2\/product_tag?post=15429"}],"curies":[{"name":"wp","href":"https:\/\/api.w.org\/{rel}","templated":true}]}}