{"id":15428,"date":"2026-02-27T00:26:14","date_gmt":"2026-02-27T00:26:14","guid":{"rendered":"https:\/\/nordicmart.andreevmaster.com\/product\/songmics-lektalt-weltall\/"},"modified":"2026-02-27T08:17:37","modified_gmt":"2026-02-27T08:17:37","slug":"songmics-lektalt-weltall","status":"publish","type":"product","link":"https:\/\/nordicmart.andreevmaster.com\/sv\/produkt\/songmics-lektalt-weltall\/","title":{"rendered":"SONGMICS lekt\u00e4lt  \u201dWeltall\u201d"},"content":{"rendered":"<p>S\u00f6t lekstuga med rymdtema Med det runda t\u00e4ltet fr\u00e5n SONGMICS, som \u00e4r dekorerat med raketer, rymdskepp och planeter, skapar du en underbar v\u00e4rld f\u00f6r din son. En ljusslinga g\u00f6r lekstugan \u00e4nnu coolare (ing\u00e5r ej i leveransen). T\u00e5l \u00e4ven de st\u00f6rsta busarna Tack vare tyget i 190T polyester \u00e4r t\u00e4ltet s\u00e4rskilt slitstarkt. F\u00e4stbara tyg\u00f6ppningar f\u00f6rhindrar att st\u00e4ngerna glider. F\u00f6rhindrar att st\u00e4ngerna glider ur \u00f6ppningarna. Produkten har klarat T\u00dcV Rheinland s\u00e4kerhetstester inom omr\u00e5dena &#8221;brandfarlighet&#8221; och &#8221;mekaniska egenskaper&#8221;.   Perfekt f\u00f6r inomhus- och utomhusbruk T\u00e4ltet \u00e4r en perfekt plats att vara hemma utan att vara hemma. Du kan st\u00e4lla upp det i lekrummet, sovrummet, tr\u00e4dg\u00e5rden eller p\u00e5 andra platser. Lekhuset \u00e4r ocks\u00e5 ett bekv\u00e4mt boende f\u00f6r utflykter. V\u00e4nta inte l\u00e4ngre och \u00f6verraska ditt barn med denna s\u00f6ta present! Produktdetaljer: &#8211; F\u00e4rg: bl\u00e5 &#8211; Material: 190T polyester, glasfiberst\u00e4nger, galvaniserade j\u00e4rntr\u00e5dar &#8211; M\u00e5tt: 101 x 135 cm(\u00d8 x H) &#8211; Vikt: 1,3 kg Leveransomfattning: &#8211; 1 x t\u00e4lt &#8211; 5 x glasfiberstavar &#8211; 1 x f\u00f6rvaringsv\u00e4ska &#8211; 1 x bruksanvisning (DE, EN, FR, ES, IT) SONGMICS Anm\u00e4rkningar: &#8211; Ljusgirlanden ing\u00e5r inte i leveransen. &#8211; Placera inte i direkt solljus. &#8211; Denna produkt \u00e4r avsedd f\u00f6r barn fr\u00e5n 3 \u00e5r. &#8211; Barn f\u00e5r inte anv\u00e4nda produkten utan uppsikt av en vuxen.<\/p>\n","protected":false},"excerpt":{"rendered":"<p>SONGMICS lekt\u00e4lt, prinsesslott\u00e4lt f\u00f6r sm\u00e5 pojkar, lekstuga f\u00f6r inomhus- och utomhusbruk, b\u00e4rbart pop-up-indian\u00e4lt tipi med b\u00e4rv\u00e4ska, present till barn, bl\u00e5 LPT01BU<\/p>\n","protected":false},"featured_media":43241,"comment_status":"open","ping_status":"closed","template":"","meta":[],"product_brand":[],"product_cat":[33],"product_tag":[],"class_list":{"0":"post-15428","1":"product","2":"type-product","3":"status-publish","4":"has-post-thumbnail","6":"product_cat-okategoriserad","8":"first","9":"instock","10":"shipping-taxable","11":"purchasable","12":"product-type-simple"},"_links":{"self":[{"href":"https:\/\/nordicmart.andreevmaster.com\/sv\/wp-json\/wp\/v2\/product\/15428","targetHints":{"allow":["GET"]}}],"collection":[{"href":"https:\/\/nordicmart.andreevmaster.com\/sv\/wp-json\/wp\/v2\/product"}],"about":[{"href":"https:\/\/nordicmart.andreevmaster.com\/sv\/wp-json\/wp\/v2\/types\/product"}],"replies":[{"embeddable":true,"href":"https:\/\/nordicmart.andreevmaster.com\/sv\/wp-json\/wp\/v2\/comments?post=15428"}],"wp:featuredmedia":[{"embeddable":true,"href":"https:\/\/nordicmart.andreevmaster.com\/sv\/wp-json\/wp\/v2\/media\/43241"}],"wp:attachment":[{"href":"https:\/\/nordicmart.andreevmaster.com\/sv\/wp-json\/wp\/v2\/media?parent=15428"}],"wp:term":[{"taxonomy":"product_brand","embeddable":true,"href":"https:\/\/nordicmart.andreevmaster.com\/sv\/wp-json\/wp\/v2\/product_brand?post=15428"},{"taxonomy":"product_cat","embeddable":true,"href":"https:\/\/nordicmart.andreevmaster.com\/sv\/wp-json\/wp\/v2\/product_cat?post=15428"},{"taxonomy":"product_tag","embeddable":true,"href":"https:\/\/nordicmart.andreevmaster.com\/sv\/wp-json\/wp\/v2\/product_tag?post=15428"}],"curies":[{"name":"wp","href":"https:\/\/api.w.org\/{rel}","templated":true}]}}