{"id":15426,"date":"2026-02-27T00:26:14","date_gmt":"2026-02-27T00:26:14","guid":{"rendered":"https:\/\/nordicmart.andreevmaster.com\/product\/songmics-gallervagg-med-tillbehor-svart\/"},"modified":"2026-02-27T08:17:36","modified_gmt":"2026-02-27T08:17:36","slug":"songmics-gallervagg-med-tillbehor-svart","status":"publish","type":"product","link":"https:\/\/nordicmart.andreevmaster.com\/sv\/produkt\/songmics-gallervagg-med-tillbehor-svart\/","title":{"rendered":"SONGMICS gallerv\u00e4gg med tillbeh\u00f6r Svart"},"content":{"rendered":"<p>F\u00f6r de sm\u00e5 men viktiga sakerna i livet: F\u00f6rsvinner dina r\u00e4kningar och kvitton alltid p\u00e5 ett of\u00f6rklarligt s\u00e4tt? Missar du alltid deadlines f\u00f6r dina projekt? D\u00e5 beh\u00f6ver du en v\u00e4gg d\u00e4r du kan h\u00e4nga upp r\u00e4kningar, viktiga anteckningar eller andra sm\u00e5saker. Du kommer att dra nytta av att allt \u00e4r i ordning.En present till dina n\u00e4ra och k\u00e4ra eller till dig sj\u00e4lv: G\u00f6r denna gallerv\u00e4gg till en f\u00f6delsedagspresent, julklapp eller en &#8221;bara f\u00f6r att jag \u00e4lskar dig&#8221;-present och skapa ett unikt utst\u00e4llningsomr\u00e5de f\u00f6r foton som p\u00e5minner dig och dina n\u00e4ra och k\u00e4ra om de vackra stunder ni har tillbringat tillsammans. Eller, om du personligen gillar denna eleganta v\u00e4gghylla, varf\u00f6r inte unna dig den sj\u00e4lv? Produktdetaljer:F\u00e4rg: SvartMaterial: J\u00e4rnStorlek p\u00e5 varje platta: 65 x 45 cmVikt: 1,6 kgB\u00e4rkraft: 5 kgLeveransomfattning:2 x gallerplatta6 x S-krokar1 x hampasn\u00f6re30 x tr\u00e4klipp4 x sp\u00e5rl\u00f6sa v\u00e4ggkrokar1 x hammare1 x instruktioner (DE, EN, FR, ES, IT)SONGMICS Anm\u00e4rkningar:F\u00f6rvara produkten utom r\u00e4ckh\u00e5ll f\u00f6r barn och husdjur. H\u00e4ng inte upp f\u00f6rem\u00e5l som v\u00e4ger mer \u00e4n 5 kg p\u00e5 plattorna.<\/p>\n","protected":false},"excerpt":{"rendered":"<p>SONGMICS fotov\u00e4gg av tr\u00e5dn\u00e4t, 2-pack, stora v\u00e4ggn\u00e4t, 65 x 45 cm, v\u00e4ggdekoration, multifunktionell n\u00e4tv\u00e4gg, h\u00e4ngande, DIY, med S-krokar och kl\u00e4mmor, hampasn\u00f6re, vit LPP02W<\/p>\n","protected":false},"featured_media":43239,"comment_status":"open","ping_status":"closed","template":"","meta":[],"product_brand":[],"product_cat":[33],"product_tag":[],"class_list":{"0":"post-15426","1":"product","2":"type-product","3":"status-publish","4":"has-post-thumbnail","6":"product_cat-okategoriserad","8":"first","9":"instock","10":"shipping-taxable","11":"purchasable","12":"product-type-simple"},"_links":{"self":[{"href":"https:\/\/nordicmart.andreevmaster.com\/sv\/wp-json\/wp\/v2\/product\/15426","targetHints":{"allow":["GET"]}}],"collection":[{"href":"https:\/\/nordicmart.andreevmaster.com\/sv\/wp-json\/wp\/v2\/product"}],"about":[{"href":"https:\/\/nordicmart.andreevmaster.com\/sv\/wp-json\/wp\/v2\/types\/product"}],"replies":[{"embeddable":true,"href":"https:\/\/nordicmart.andreevmaster.com\/sv\/wp-json\/wp\/v2\/comments?post=15426"}],"wp:featuredmedia":[{"embeddable":true,"href":"https:\/\/nordicmart.andreevmaster.com\/sv\/wp-json\/wp\/v2\/media\/43239"}],"wp:attachment":[{"href":"https:\/\/nordicmart.andreevmaster.com\/sv\/wp-json\/wp\/v2\/media?parent=15426"}],"wp:term":[{"taxonomy":"product_brand","embeddable":true,"href":"https:\/\/nordicmart.andreevmaster.com\/sv\/wp-json\/wp\/v2\/product_brand?post=15426"},{"taxonomy":"product_cat","embeddable":true,"href":"https:\/\/nordicmart.andreevmaster.com\/sv\/wp-json\/wp\/v2\/product_cat?post=15426"},{"taxonomy":"product_tag","embeddable":true,"href":"https:\/\/nordicmart.andreevmaster.com\/sv\/wp-json\/wp\/v2\/product_tag?post=15426"}],"curies":[{"name":"wp","href":"https:\/\/api.w.org\/{rel}","templated":true}]}}