{"id":15424,"date":"2026-02-27T00:26:13","date_gmt":"2026-02-27T00:26:13","guid":{"rendered":"https:\/\/nordicmart.andreevmaster.com\/product\/songmics-fotovagg-i-galler-2-pack-vit\/"},"modified":"2026-02-27T08:17:36","modified_gmt":"2026-02-27T08:17:36","slug":"songmics-fotovagg-i-galler-2-pack-vit","status":"publish","type":"product","link":"https:\/\/nordicmart.andreevmaster.com\/sv\/produkt\/songmics-fotovagg-i-galler-2-pack-vit\/","title":{"rendered":"SONGMICS fotov\u00e4gg i galler, 2-pack, vit"},"content":{"rendered":"<p>Hur blir man konstn\u00e4r? Det \u00e4r enkelt! &#8211; Var kreativ! F\u00f6r de flesta m\u00e4nniskor \u00e4r gallerplattor inte s\u00e4rskilt vackra och ser ut som vanliga f\u00f6rem\u00e5l utan n\u00e5got syfte. Men f\u00f6r en konstn\u00e4r d\u00f6ljer sig bakom gallret en fantastisk m\u00f6jlighet att vara kreativ och f\u00f6rvandla det till en unik fotov\u00e4gg med hj\u00e4lp av bilder, dekorationer, ljusslingor eller vykort.Hitta konstn\u00e4ren i dig med SONGMICS och skapa denna fantastiska gallerv\u00e4gg. Metallgallerplattor verkar vid f\u00f6rsta anblicken inte ha n\u00e5got med v\u00e4ggdekoration eller fotoramar att g\u00f6ra. Men med kl\u00e4mmor och S-krokar f\u00f6rvandlas de till dukar d\u00e4r allt \u00e4r m\u00f6jligt. SONGMICS har uppt\u00e4ckt att ibland kan fascinerande konstverk skapas av till synes enkla saker. Och du d\u00e5? Hur kommer din duk att se ut? Presentera foton, hantverk, anteckningar, vykort, biljetter, l\u00e4gg till ljusslingor eller h\u00e4ng upp n\u00e5gra torkade blommor f\u00f6r att v\u00e4cka allt till liv! Produktdetaljer: F\u00e4rg: Vit Material: J\u00e4rn Storlek p\u00e5 enskilda plattor: 42 x 31 cm L\u00e4ngd p\u00e5 hampasn\u00f6re: 1 m Vikt: 0,62 kg Leveransomfattning: 2 x gallerplatta 4 x S-krok 1 x hampasn\u00f6re 10 x tr\u00e4klipp 4 x sp\u00e5rl\u00f6sa v\u00e4ggkrokar 5 x foldback-kl\u00e4mma 1 x hammare (19 cm) 1 x bruksanvisning (DE, EN, FR, ES, IT)SONGMICS Anm\u00e4rkningar:F\u00f6rvara produkten utom r\u00e4ckh\u00e5ll f\u00f6r barn och husdjur.H\u00e4ng inte upp f\u00f6rem\u00e5l p\u00e5 fotov\u00e4ggen som \u00f6verstiger den maximala belastningen.<\/p>\n","protected":false},"excerpt":{"rendered":"<p>SONGMICS fotov\u00e4gg av tr\u00e5dn\u00e4t, 2-pack v\u00e4ggn\u00e4t, skandinavisk DIY-dekoration, f\u00f6r foton, anteckningar, vykort, med hammare, S-krokar, med kl\u00e4mmor och hampasn\u00f6re, svart LPP01H<\/p>\n","protected":false},"featured_media":43237,"comment_status":"open","ping_status":"closed","template":"","meta":[],"product_brand":[],"product_cat":[33],"product_tag":[],"class_list":{"0":"post-15424","1":"product","2":"type-product","3":"status-publish","4":"has-post-thumbnail","6":"product_cat-okategoriserad","8":"first","9":"instock","10":"shipping-taxable","11":"purchasable","12":"product-type-simple"},"_links":{"self":[{"href":"https:\/\/nordicmart.andreevmaster.com\/sv\/wp-json\/wp\/v2\/product\/15424","targetHints":{"allow":["GET"]}}],"collection":[{"href":"https:\/\/nordicmart.andreevmaster.com\/sv\/wp-json\/wp\/v2\/product"}],"about":[{"href":"https:\/\/nordicmart.andreevmaster.com\/sv\/wp-json\/wp\/v2\/types\/product"}],"replies":[{"embeddable":true,"href":"https:\/\/nordicmart.andreevmaster.com\/sv\/wp-json\/wp\/v2\/comments?post=15424"}],"wp:featuredmedia":[{"embeddable":true,"href":"https:\/\/nordicmart.andreevmaster.com\/sv\/wp-json\/wp\/v2\/media\/43237"}],"wp:attachment":[{"href":"https:\/\/nordicmart.andreevmaster.com\/sv\/wp-json\/wp\/v2\/media?parent=15424"}],"wp:term":[{"taxonomy":"product_brand","embeddable":true,"href":"https:\/\/nordicmart.andreevmaster.com\/sv\/wp-json\/wp\/v2\/product_brand?post=15424"},{"taxonomy":"product_cat","embeddable":true,"href":"https:\/\/nordicmart.andreevmaster.com\/sv\/wp-json\/wp\/v2\/product_cat?post=15424"},{"taxonomy":"product_tag","embeddable":true,"href":"https:\/\/nordicmart.andreevmaster.com\/sv\/wp-json\/wp\/v2\/product_tag?post=15424"}],"curies":[{"name":"wp","href":"https:\/\/api.w.org\/{rel}","templated":true}]}}