{"id":15421,"date":"2026-02-27T00:26:13","date_gmt":"2026-02-27T00:26:13","guid":{"rendered":"https:\/\/nordicmart.andreevmaster.com\/product\/songmics-fotovagg-i-galler-2-pack-roseguld\/"},"modified":"2026-02-27T08:17:36","modified_gmt":"2026-02-27T08:17:36","slug":"songmics-fotovagg-i-galler-2-pack-roseguld","status":"publish","type":"product","link":"https:\/\/nordicmart.andreevmaster.com\/sv\/produkt\/songmics-fotovagg-i-galler-2-pack-roseguld\/","title":{"rendered":"SONGMICS fotov\u00e4gg i galler, 2-pack, ros\u00e9guld"},"content":{"rendered":"<p>F\u00f6r de sm\u00e5 men viktiga sakerna i livet F\u00f6rsvinner dina r\u00e4kningar och kvitton alltid p\u00e5 ett of\u00f6rklarligt s\u00e4tt? Missar du alltid deadlines f\u00f6r dina projekt? D\u00e5 beh\u00f6ver du en upph\u00e4ngningsv\u00e4gg d\u00e4r du kan h\u00e4nga upp r\u00e4kningar, viktiga anteckningar eller andra sm\u00e5saker. En present till dina n\u00e4ra och k\u00e4ra eller till dig sj\u00e4lv G\u00f6r denna gallerv\u00e4gg till en f\u00f6delsedagspresent, julklapp eller en &#8221;bara f\u00f6r att jag \u00e4lskar dig&#8221;-present och skapa en unik utst\u00e4llningsyta f\u00f6r foton som p\u00e5minner dig och dina n\u00e4ra och k\u00e4ra om de fina stunder ni har haft tillsammans. Men om du ocks\u00e5 gillar denna eleganta v\u00e4gghylla personligen, varf\u00f6r inte unna dig den sj\u00e4lv? Produktdetaljer: &#8211; F\u00e4rg: Ros\u00e9guld &#8211; Material: J\u00e4rn &#8211; Storlek p\u00e5 varje platta: 42 x 31 cm &#8211; L\u00e4ngd p\u00e5 hampasn\u00f6re: 1 m &#8211; Vikt: 0,75 kg &#8211; Belastbarhet: 5 kg Leveransomfattning: &#8211; 2 x gallerplatta &#8211; 4 x S-krok &#8211; 1 x hampasn\u00f6re &#8211; 5 x metallkl\u00e4mma i ros\u00e9guld &#8211; 10 x tr\u00e4kl\u00e4mma &#8211; 4 x sp\u00e5rl\u00f6sa v\u00e4ggkrokar &#8211; 1 x hammare (19 cm) &#8211; 1 x bruksanvisning (DE, EN, FR, ES, IT) SONGMICS Anvisningar: &#8211; F\u00f6rvara produkten utom r\u00e4ckh\u00e5ll f\u00f6r barn och husdjur. &#8211; H\u00e4ng inte upp f\u00f6rem\u00e5l som v\u00e4ger mer \u00e4n 5 kg p\u00e5 plattorna.<\/p>\n","protected":false},"excerpt":{"rendered":"<p>SONGMICS fotov\u00e4gg av tr\u00e5dn\u00e4t, 2-pack v\u00e4ggn\u00e4t, skandinavisk DIY-dekoration, f\u00f6r foton, anteckningar, vykort, med hammare, S-krokar, med kl\u00e4mmor och hampasn\u00f6re, svart LPP01H<\/p>\n","protected":false},"featured_media":43234,"comment_status":"open","ping_status":"closed","template":"","meta":[],"product_brand":[],"product_cat":[33],"product_tag":[],"class_list":{"0":"post-15421","1":"product","2":"type-product","3":"status-publish","4":"has-post-thumbnail","6":"product_cat-okategoriserad","8":"first","9":"instock","10":"shipping-taxable","11":"purchasable","12":"product-type-simple"},"_links":{"self":[{"href":"https:\/\/nordicmart.andreevmaster.com\/sv\/wp-json\/wp\/v2\/product\/15421","targetHints":{"allow":["GET"]}}],"collection":[{"href":"https:\/\/nordicmart.andreevmaster.com\/sv\/wp-json\/wp\/v2\/product"}],"about":[{"href":"https:\/\/nordicmart.andreevmaster.com\/sv\/wp-json\/wp\/v2\/types\/product"}],"replies":[{"embeddable":true,"href":"https:\/\/nordicmart.andreevmaster.com\/sv\/wp-json\/wp\/v2\/comments?post=15421"}],"wp:featuredmedia":[{"embeddable":true,"href":"https:\/\/nordicmart.andreevmaster.com\/sv\/wp-json\/wp\/v2\/media\/43234"}],"wp:attachment":[{"href":"https:\/\/nordicmart.andreevmaster.com\/sv\/wp-json\/wp\/v2\/media?parent=15421"}],"wp:term":[{"taxonomy":"product_brand","embeddable":true,"href":"https:\/\/nordicmart.andreevmaster.com\/sv\/wp-json\/wp\/v2\/product_brand?post=15421"},{"taxonomy":"product_cat","embeddable":true,"href":"https:\/\/nordicmart.andreevmaster.com\/sv\/wp-json\/wp\/v2\/product_cat?post=15421"},{"taxonomy":"product_tag","embeddable":true,"href":"https:\/\/nordicmart.andreevmaster.com\/sv\/wp-json\/wp\/v2\/product_tag?post=15421"}],"curies":[{"name":"wp","href":"https:\/\/api.w.org\/{rel}","templated":true}]}}