{"id":15420,"date":"2026-02-27T00:26:12","date_gmt":"2026-02-27T00:26:12","guid":{"rendered":"https:\/\/nordicmart.andreevmaster.com\/product\/songmics-plugghylla-10-gallerfack-vit\/"},"modified":"2026-02-27T08:17:35","modified_gmt":"2026-02-27T08:17:35","slug":"songmics-plugghylla-10-gallerfack-vit","status":"publish","type":"product","link":"https:\/\/nordicmart.andreevmaster.com\/sv\/produkt\/songmics-plugghylla-10-gallerfack-vit\/","title":{"rendered":"SONGMICS plugghylla 10 gallerfack Vit"},"content":{"rendered":"<p>Produktdetaljer: &#8211; F\u00e4rg: vit &#8211; Material: Pulverlackerat j\u00e4rngaller, ABS-plast &#8211; Produktstorlek: 89 x 32,5 x 90 cm (B x D x H) &#8211; Vikt: 7,4 kg &#8211; Maximal belastningskapacitet f\u00f6r varje kub: 15 kg Leveransomfattning: &#8211; 12 x metalln\u00e4t (42 x 31 cm) &#8211; 10 x metalln\u00e4t (42 x 17 cm) &#8211; 15 x metalln\u00e4t (31 x 17 cm) &#8211; 36 x kopplingsdelar &#8211; 1 x gummiklubba (175 g) &#8211; 2 x tippskydd &#8211; 1 x bruksanvisning SONGMICS Anm\u00e4rkningar: &#8211; St\u00e4ll inte hyllan utomhus under l\u00e4ngre tid f\u00f6r att undvika att materialet vittrar. &#8211; Plastpluggarna m\u00e5ste ha logotypen &#8221;Songmics&#8221; v\u00e4nd ut\u00e5t. &#8211; Alla metallplattor ska sn\u00e4ppa fast i sammanfogningen. Tryck h\u00e5rt p\u00e5 plattorna efter varje hyllplan f\u00f6r att s\u00e4kerst\u00e4lla att tr\u00e5dh\u00f6rnen f\u00e4ster i sammanfogningsbotten f\u00f6r att \u00f6ka stabiliteten.<\/p>\n","protected":false},"excerpt":{"rendered":"<p>SONGMICS Skohylla med 10 fack, hyllsystem av metalltr\u00e5d, f\u00f6rvaringssystem, DIY-sk\u00e5p, f\u00f6r sovrum, hall, f\u00f6rvaring av kl\u00e4der, skor, leksaker, vit LPL25W<\/p>\n","protected":false},"featured_media":43233,"comment_status":"open","ping_status":"closed","template":"","meta":[],"product_brand":[],"product_cat":[33],"product_tag":[],"class_list":{"0":"post-15420","1":"product","2":"type-product","3":"status-publish","4":"has-post-thumbnail","6":"product_cat-okategoriserad","8":"first","9":"instock","10":"shipping-taxable","11":"purchasable","12":"product-type-simple"},"_links":{"self":[{"href":"https:\/\/nordicmart.andreevmaster.com\/sv\/wp-json\/wp\/v2\/product\/15420","targetHints":{"allow":["GET"]}}],"collection":[{"href":"https:\/\/nordicmart.andreevmaster.com\/sv\/wp-json\/wp\/v2\/product"}],"about":[{"href":"https:\/\/nordicmart.andreevmaster.com\/sv\/wp-json\/wp\/v2\/types\/product"}],"replies":[{"embeddable":true,"href":"https:\/\/nordicmart.andreevmaster.com\/sv\/wp-json\/wp\/v2\/comments?post=15420"}],"wp:featuredmedia":[{"embeddable":true,"href":"https:\/\/nordicmart.andreevmaster.com\/sv\/wp-json\/wp\/v2\/media\/43233"}],"wp:attachment":[{"href":"https:\/\/nordicmart.andreevmaster.com\/sv\/wp-json\/wp\/v2\/media?parent=15420"}],"wp:term":[{"taxonomy":"product_brand","embeddable":true,"href":"https:\/\/nordicmart.andreevmaster.com\/sv\/wp-json\/wp\/v2\/product_brand?post=15420"},{"taxonomy":"product_cat","embeddable":true,"href":"https:\/\/nordicmart.andreevmaster.com\/sv\/wp-json\/wp\/v2\/product_cat?post=15420"},{"taxonomy":"product_tag","embeddable":true,"href":"https:\/\/nordicmart.andreevmaster.com\/sv\/wp-json\/wp\/v2\/product_tag?post=15420"}],"curies":[{"name":"wp","href":"https:\/\/api.w.org\/{rel}","templated":true}]}}