{"id":15419,"date":"2026-02-27T00:26:12","date_gmt":"2026-02-27T00:26:12","guid":{"rendered":"https:\/\/nordicmart.andreevmaster.com\/product\/songmics-plugghyllsystem-med-9-gallerkuber\/"},"modified":"2026-02-27T08:17:35","modified_gmt":"2026-02-27T08:17:35","slug":"songmics-plugghyllsystem-med-9-gallerkuber","status":"publish","type":"product","link":"https:\/\/nordicmart.andreevmaster.com\/sv\/produkt\/songmics-plugghyllsystem-med-9-gallerkuber\/","title":{"rendered":"SONGMICS plugghyllsystem med 9 gallerkuber"},"content":{"rendered":"<p>Allt som f\u00e5r plats &#8230; Anv\u00e4nd v\u00e5rt f\u00f6rvaringssk\u00e5p i metalln\u00e4t f\u00f6r kl\u00e4der, skor, kontorsmaterial, b\u00f6cker, tidningar etc. Gallerplattorna \u00e4r extremt t\u00e4ta f\u00f6r att h\u00e5lla sm\u00e5 f\u00f6rem\u00e5l eller accessoarer som smycken, nagelklippare etc. p\u00e5 plats utan att de faller ner. Var det kan placeras &#8230; Ett hyllsystem f\u00f6r alla rum med sin sammankopplade konstruktion. Passar enkelt in i alla rum: vardagsrum, sovrum, barnrum, hall, badrum, k\u00e4llare, garage etc. Det b\u00f6r skyddas fr\u00e5n sol, vind och regn s\u00e5 att du kan ha gl\u00e4dje av det l\u00e4nge. Hur det monteras &#8230; En omfattande monteringsanvisning medf\u00f6ljer (p\u00e5 5 spr\u00e5k). F\u00e4st metallgallret med plastpluggarna. En s\u00e5dan koppling monteras i varje h\u00f6rn och gallret f\u00e4sts enkelt. Det \u00e4r viktigt att se till att allt \u00e4r ordentligt fastsatt och att plattorna \u00e4r &#8221;l\u00e5sta&#8221; s\u00e5 att ingenting kan lossna. Vi l\u00e4gger dessutom en gummiklubba i paketet s\u00e5 att du kan knacka ihop allt ordentligt. Produktdetaljer: F\u00e4rg: svart Material: metallgallerplatta, ABS-koppling M\u00e5tt: 93 x 123 x 31 cm (B x H x D) M\u00e5tt p\u00e5 varje platta: 30 x 30 cm Kapacitet: 243 L Kapacitet p\u00e5 varje fack: 27 L Vikt: 7,1 kg Belastningskapacitet f\u00f6r varje fack: 15 kg Leveransomfattning: 34 x metallgallerplatta 34 x kopplingsdelar 1 x 175 g gummiklubba 2 x tippskydd 1 x bruksanvisning (DE, EN, FR, ES, IT)<\/p>\n","protected":false},"excerpt":{"rendered":"<p>SONGMICS DIY bokhylla med 9 metallgallerkuber, skohylla, hyllsystem, plugghylla, sk\u00e5p med fack f\u00f6r sovrum, gratis gummihammare, svart, 93 x 31 x 123 cm (B x D x H), LPL115H<\/p>\n","protected":false},"featured_media":43232,"comment_status":"open","ping_status":"closed","template":"","meta":[],"product_brand":[],"product_cat":[33],"product_tag":[],"class_list":{"0":"post-15419","1":"product","2":"type-product","3":"status-publish","4":"has-post-thumbnail","6":"product_cat-okategoriserad","8":"first","9":"instock","10":"shipping-taxable","11":"purchasable","12":"product-type-simple"},"_links":{"self":[{"href":"https:\/\/nordicmart.andreevmaster.com\/sv\/wp-json\/wp\/v2\/product\/15419","targetHints":{"allow":["GET"]}}],"collection":[{"href":"https:\/\/nordicmart.andreevmaster.com\/sv\/wp-json\/wp\/v2\/product"}],"about":[{"href":"https:\/\/nordicmart.andreevmaster.com\/sv\/wp-json\/wp\/v2\/types\/product"}],"replies":[{"embeddable":true,"href":"https:\/\/nordicmart.andreevmaster.com\/sv\/wp-json\/wp\/v2\/comments?post=15419"}],"wp:featuredmedia":[{"embeddable":true,"href":"https:\/\/nordicmart.andreevmaster.com\/sv\/wp-json\/wp\/v2\/media\/43232"}],"wp:attachment":[{"href":"https:\/\/nordicmart.andreevmaster.com\/sv\/wp-json\/wp\/v2\/media?parent=15419"}],"wp:term":[{"taxonomy":"product_brand","embeddable":true,"href":"https:\/\/nordicmart.andreevmaster.com\/sv\/wp-json\/wp\/v2\/product_brand?post=15419"},{"taxonomy":"product_cat","embeddable":true,"href":"https:\/\/nordicmart.andreevmaster.com\/sv\/wp-json\/wp\/v2\/product_cat?post=15419"},{"taxonomy":"product_tag","embeddable":true,"href":"https:\/\/nordicmart.andreevmaster.com\/sv\/wp-json\/wp\/v2\/product_tag?post=15419"}],"curies":[{"name":"wp","href":"https:\/\/api.w.org\/{rel}","templated":true}]}}