{"id":15417,"date":"2026-02-27T00:26:12","date_gmt":"2026-02-27T00:26:12","guid":{"rendered":"https:\/\/nordicmart.andreevmaster.com\/product\/songmics-plugghylla-16-gallerkubar-svart\/"},"modified":"2026-02-27T08:17:35","modified_gmt":"2026-02-27T08:17:35","slug":"songmics-plugghylla-16-gallerkubar-svart","status":"publish","type":"product","link":"https:\/\/nordicmart.andreevmaster.com\/sv\/produkt\/songmics-plugghylla-16-gallerkubar-svart\/","title":{"rendered":"SONGMICS plugghylla 16 gallerkubar svart"},"content":{"rendered":"<p>H\u00e4r f\u00e5r allt plats&#8230; Anv\u00e4nd v\u00e5rt f\u00f6rvaringssystem i metalltr\u00e5d f\u00f6r dina kl\u00e4der, skor, kontorsartiklar, b\u00f6cker, tidningar och &#8230; Du har 16 kuber till ditt f\u00f6rfogande, som alla \u00e4r f\u00f6rsedda med en PP-plastplatta p\u00e5 undersidan. Var du kan st\u00e4lla upp hyllan&#8230;Tack vare det gallerliknande pluggsystemet kan denna hyllenhet monteras i vilket rum som helst och anpassas efter de r\u00e5dande f\u00f6rh\u00e5llandena. P\u00e5 s\u00e5 s\u00e4tt passar hyllan perfekt in i ditt vardagsrum, sovrum, barnrum eller badrum. Den g\u00f6r sig ocks\u00e5 bra i garaget, k\u00e4llaren eller hallen. Du b\u00f6r dock skydda produkten fr\u00e5n regn, solstr\u00e5lning och vind och d\u00e4rf\u00f6r inte placera den utomhus. P\u00e5 s\u00e5 s\u00e4tt kan du ha gl\u00e4dje av hyllan under l\u00e5ng tid. Om du vill prova n\u00e5got ovanligt (och inte \u00e4r r\u00e4dd f\u00f6r skador fr\u00e5n v\u00e4der och vind) kan du ocks\u00e5 anv\u00e4nda hyllan som ett gallerst\u00e4ll f\u00f6r kl\u00e4tterv\u00e4xter (l\u00e4mna d\u00e5 bort PP-plastplattorna). F\u00e4st hyllan i golvet med hj\u00e4lp av pluggar och se till att underlaget \u00e4r fast och plant. F\u00f6r att f\u00e5 b\u00e4ttre f\u00e4ste \u00e4ven vid vind och kraftiga stormbyar kan du dessutom s\u00e4kra de olika hylldelarna med buntband. L\u00e5t sedan kl\u00e4tterv\u00e4xter som rosor, vicker, kapucinerkrasse eller svart\u00f6gd susanne kl\u00e4ttra upp p\u00e5 hyllan. (Den beskrivna proceduren minskar hyllans livsl\u00e4ngd.) S\u00e5 h\u00e4r monteras produkten&#8230; Leveransen inneh\u00e5ller sj\u00e4lvklart en l\u00e4ttf\u00f6rst\u00e5elig bruksanvisning p\u00e5 5 spr\u00e5k. F\u00f6r att montera hyllan kopplar du helt enkelt ihop tr\u00e5dramarna med plastkopplingarna. De senare placeras i varje h\u00f6rn. D\u00e4refter skjuts ramarna in. Det \u00e4r viktigt att alla delar \u00e4r ordentligt sammankopplade och att gallren sitter stadigt p\u00e5 plats s\u00e5 att de inte kan vicka. F\u00f6r detta \u00e4ndam\u00e5l medf\u00f6ljer en gummiklubba som du kan anv\u00e4nda f\u00f6r att f\u00f6rsiktigt knacka fast alla delar.Produktdetaljer: F\u00e4rg: Svart Material: Pulverlackerade j\u00e4rntr\u00e5dsramar, PP-plastplattor, ABS-plastkopplingar Storlek: 123 x 31 x 123 cm (B x D x H) Kapacitet: 432 L Kapacitet per kub: 27 L Vikt: 11,5 kg Max. b\u00e4rkraft per kub: 10 kgLeveransomfattning:56 x svart j\u00e4rntr\u00e5dsram (30 x 30 cm)16 x svarta PP-plastskivor (30 x 30 cm)52 x svarta ABS-plastkopplingar1 x gummihammare (175 g)2 x tippskydd1 x monteringsanvisning (DE, EN, FR, ES, IT)<\/p>\n","protected":false},"excerpt":{"rendered":"<p>SONGMICS plugghylla, 16 kuber f\u00f6rvaringssystem av metalltr\u00e5d, DIY-sk\u00e5p, modul\u00e4rt, gallerhylla, med tr\u00e5dram, vit LPI44W<\/p>\n","protected":false},"featured_media":43230,"comment_status":"open","ping_status":"closed","template":"","meta":[],"product_brand":[],"product_cat":[33],"product_tag":[],"class_list":{"0":"post-15417","1":"product","2":"type-product","3":"status-publish","4":"has-post-thumbnail","6":"product_cat-okategoriserad","8":"first","9":"instock","10":"shipping-taxable","11":"purchasable","12":"product-type-simple"},"_links":{"self":[{"href":"https:\/\/nordicmart.andreevmaster.com\/sv\/wp-json\/wp\/v2\/product\/15417","targetHints":{"allow":["GET"]}}],"collection":[{"href":"https:\/\/nordicmart.andreevmaster.com\/sv\/wp-json\/wp\/v2\/product"}],"about":[{"href":"https:\/\/nordicmart.andreevmaster.com\/sv\/wp-json\/wp\/v2\/types\/product"}],"replies":[{"embeddable":true,"href":"https:\/\/nordicmart.andreevmaster.com\/sv\/wp-json\/wp\/v2\/comments?post=15417"}],"wp:featuredmedia":[{"embeddable":true,"href":"https:\/\/nordicmart.andreevmaster.com\/sv\/wp-json\/wp\/v2\/media\/43230"}],"wp:attachment":[{"href":"https:\/\/nordicmart.andreevmaster.com\/sv\/wp-json\/wp\/v2\/media?parent=15417"}],"wp:term":[{"taxonomy":"product_brand","embeddable":true,"href":"https:\/\/nordicmart.andreevmaster.com\/sv\/wp-json\/wp\/v2\/product_brand?post=15417"},{"taxonomy":"product_cat","embeddable":true,"href":"https:\/\/nordicmart.andreevmaster.com\/sv\/wp-json\/wp\/v2\/product_cat?post=15417"},{"taxonomy":"product_tag","embeddable":true,"href":"https:\/\/nordicmart.andreevmaster.com\/sv\/wp-json\/wp\/v2\/product_tag?post=15417"}],"curies":[{"name":"wp","href":"https:\/\/api.w.org\/{rel}","templated":true}]}}