{"id":15415,"date":"2026-02-27T00:26:11","date_gmt":"2026-02-27T00:26:11","guid":{"rendered":"https:\/\/nordicmart.andreevmaster.com\/product\/songmics-2-vaningsbur-for-husdjur-bur-for-sma-djur-diy\/"},"modified":"2026-02-27T08:17:35","modified_gmt":"2026-02-27T08:17:35","slug":"songmics-2-vaningsbur-for-husdjur-bur-for-sma-djur-diy","status":"publish","type":"product","link":"https:\/\/nordicmart.andreevmaster.com\/sv\/produkt\/songmics-2-vaningsbur-for-husdjur-bur-for-sma-djur-diy\/","title":{"rendered":"SONGMICS 2-v\u00e5ningsbur f\u00f6r husdjur, bur f\u00f6r sm\u00e5 djur, DIY"},"content":{"rendered":"<p>Om dina husdjur m\u00e5r bra kommer de att \u00f6ver\u00f6sa dig med k\u00e4rlek. Anv\u00e4nd detta bur fr\u00e5n SONGMICS f\u00f6r att ge ditt husdjur en \u00f6ppen, rymlig och \u00e4nd\u00e5 v\u00e4l skyddad lekplats. S\u00e5 k\u00e4nner din lilla p\u00e4lsboll din gunst och kan leka ut. Husdjur \u00e4r familjemedlemmar: Den bur f\u00f6r sm\u00e5 djur som vi har designat kan anpassas efter ditt husdjurs behov. Du kan s\u00e4tta ihop de 36 j\u00e4rngallren (35 x 35 cm (L x H)) och de 40 ABS-plastkopplingarna till olika former. Placera leksaker, en mysig s\u00e4ng och en sk\u00e5l med vatten i lekhagen och skapa ett kungarike f\u00f6r ditt husdjur.En s\u00e4ker zon f\u00f6r din \u00e4lskling: H\u00f6gkvalitativa ABS-kopplingar ger buren en h\u00f6g stabilitet. F\u00f6r att \u00f6ka stabiliteten ytterligare medf\u00f6ljer 100 buntband som f\u00f6rhindrar att st\u00e4ngslet faller ihop under anv\u00e4ndning.G\u00f6r din fyrbenta v\u00e4n glad med denna bur fr\u00e5n SONGMICS och ge den det hem den alltid dr\u00f6mt om! Produktdetaljer: F\u00e4rg: Vit Material: Gallerelement av j\u00e4rn, plastkopplingar Total storlek: 143 x 73 x 71 cm (L x B x H)Storlek per gallerelement: 35 x 35 cm (L x H) Vikt: 9,3 kg Max. statisk belastningskapacitet: 4 kg Leveransomfattning: 36 x j\u00e4rngallerplattor 40 x plastkopplingar 1 x gummiklubba 12 x halkskydd 100 x buntband 1 x bruksanvisning (DE, EN, FR, ES, IT) SONGICs Anm\u00e4rkningar: L\u00e4gg en matta eller liknande p\u00e5 gallren som fungerar som g\u00e5ngyta f\u00f6r att skydda dina husdjurs tassar. Sl\u00e5 inte med v\u00e5ld p\u00e5 produkten n\u00e4r du anv\u00e4nder hammaren. L\u00e5t inte produkten komma i kontakt med vassa eller spetsiga f\u00f6rem\u00e5l, sitt inte p\u00e5 buren och h\u00e5ll den borta fr\u00e5n v\u00e4rmek\u00e4llor.St\u00e4ll inte produkten utomhus under l\u00e4ngre tid. Se till att alla gallerdelar \u00e4r helt insatta i plastkopplingarna under monteringen. Vi rekommenderar att du anv\u00e4nder halkskyddsdynor f\u00f6r att s\u00e4kerst\u00e4lla att buren st\u00e5r stadigt. Il est conseill\u00e9 de coller les feutres antid\u00e9rapants sur les connecteurs en bas.<\/p>\n","protected":false},"excerpt":{"rendered":"<p>SONGMICS gallerbur, 36 plattor, 2 v\u00e5ningar, 143 x 71 x 73 cm, bur f\u00f6r sm\u00e5 djur och marsvin, inkl. gummihammare, f\u00f6r inomhusbruk, justerbar, kan monteras individuellt, svart LPI02H<\/p>\n","protected":false},"featured_media":43228,"comment_status":"open","ping_status":"closed","template":"","meta":[],"product_brand":[],"product_cat":[33],"product_tag":[],"class_list":{"0":"post-15415","1":"product","2":"type-product","3":"status-publish","4":"has-post-thumbnail","6":"product_cat-okategoriserad","8":"first","9":"instock","10":"shipping-taxable","11":"purchasable","12":"product-type-simple"},"_links":{"self":[{"href":"https:\/\/nordicmart.andreevmaster.com\/sv\/wp-json\/wp\/v2\/product\/15415","targetHints":{"allow":["GET"]}}],"collection":[{"href":"https:\/\/nordicmart.andreevmaster.com\/sv\/wp-json\/wp\/v2\/product"}],"about":[{"href":"https:\/\/nordicmart.andreevmaster.com\/sv\/wp-json\/wp\/v2\/types\/product"}],"replies":[{"embeddable":true,"href":"https:\/\/nordicmart.andreevmaster.com\/sv\/wp-json\/wp\/v2\/comments?post=15415"}],"wp:featuredmedia":[{"embeddable":true,"href":"https:\/\/nordicmart.andreevmaster.com\/sv\/wp-json\/wp\/v2\/media\/43228"}],"wp:attachment":[{"href":"https:\/\/nordicmart.andreevmaster.com\/sv\/wp-json\/wp\/v2\/media?parent=15415"}],"wp:term":[{"taxonomy":"product_brand","embeddable":true,"href":"https:\/\/nordicmart.andreevmaster.com\/sv\/wp-json\/wp\/v2\/product_brand?post=15415"},{"taxonomy":"product_cat","embeddable":true,"href":"https:\/\/nordicmart.andreevmaster.com\/sv\/wp-json\/wp\/v2\/product_cat?post=15415"},{"taxonomy":"product_tag","embeddable":true,"href":"https:\/\/nordicmart.andreevmaster.com\/sv\/wp-json\/wp\/v2\/product_tag?post=15415"}],"curies":[{"name":"wp","href":"https:\/\/api.w.org\/{rel}","templated":true}]}}