{"id":15413,"date":"2026-02-27T00:26:11","date_gmt":"2026-02-27T00:26:11","guid":{"rendered":"https:\/\/nordicmart.andreevmaster.com\/product\/songmics-frilopande-bur-for-sma-djur-bur-for-sma-djur\/"},"modified":"2026-02-27T08:17:34","modified_gmt":"2026-02-27T08:17:34","slug":"songmics-frilopande-bur-for-sma-djur-bur-for-sma-djur","status":"publish","type":"product","link":"https:\/\/nordicmart.andreevmaster.com\/sv\/produkt\/songmics-frilopande-bur-for-sma-djur-bur-for-sma-djur\/","title":{"rendered":"SONGMICS Fril\u00f6pande, bur f\u00f6r sm\u00e5 djur, bur f\u00f6r sm\u00e5 djur"},"content":{"rendered":"<p>Om dina husdjur m\u00e5r bra kommer de att \u00f6ver\u00f6sa dig med k\u00e4rlek. Anv\u00e4nd d\u00e4rf\u00f6r denna utomhusbur fr\u00e5n SONGMICS f\u00f6r att ge ditt husdjur en \u00f6ppen, rymlig och \u00e4nd\u00e5 v\u00e4l skyddad lekplats. P\u00e5 s\u00e5 s\u00e4tt k\u00e4nner din lilla p\u00e4lsboll din gunst och kan leka och springa omkring. Husdjur \u00e4r familjemedlemmar med behov: Den utomhusbur som vi har designat kan anpassas efter ditt husdjurs behov. Du kan s\u00e4tta ihop de 12 gallerplattorna och 24 ABS-plastkopplingarna till olika former. Placera leksaker, en husdjursb\u00e4dd och en sk\u00e5l med vatten i buren och skapa ett kungarike f\u00f6r ditt husdjur.En s\u00e4ker zon f\u00f6r din \u00e4lskling: De h\u00f6gkvalitativa ABS-kopplingarna ger redan gallerburarna en h\u00f6g stabilitet. F\u00f6r att \u00f6ka stabiliteten ytterligare medf\u00f6ljer 40 buntband som f\u00f6rhindrar att st\u00e4ngslet faller ihop under anv\u00e4ndning.G\u00f6r din fyrbenta v\u00e4n glad med denna hundg\u00e5rd fr\u00e5n SONGMICS och ge honom det hem han alltid dr\u00f6mt om! Produktdetaljer: F\u00e4rg: Svart Material: Metallgaller, plastkopplingar Totalstorlek: 143 x 73 x 46 cm (L x B x H)Storlek per gallerelement: 35 x 45 cm (L x H) Vikt: 3,9 kg Leveransomfattning: 12 x metallgallerplattor 24 x plastkopplingar 1 x gummiklubba 12 x halkskydd 40 x buntband 1 x bruksanvisning (DE, EN, FR, ES, IT) SONGMICS Anm\u00e4rkningar:L\u00e4gg en matta eller liknande p\u00e5 gallerplattorna som fungerar som g\u00e5ngyta f\u00f6r att skydda dina husdjurs tassar. Sl\u00e5 inte med v\u00e5ld p\u00e5 produkten n\u00e4r du anv\u00e4nder hammaren. L\u00e5t inte produkten komma i kontakt med vassa eller spetsiga f\u00f6rem\u00e5l, sitt inte p\u00e5 utrymmet och h\u00e5ll det borta fr\u00e5n v\u00e4rmek\u00e4llor.St\u00e4ll inte produkten utomhus permanent. Se till att alla gallerelement \u00e4r helt insatta i plastkopplingarna under monteringen. Vi rekommenderar att du anv\u00e4nder halkskydd f\u00f6r att s\u00e4kerst\u00e4lla att buren st\u00e5r stadigt.<\/p>\n","protected":false},"excerpt":{"rendered":"<p>SONGMICS bur f\u00f6r sm\u00e5 djur, bur f\u00f6r marsvin, bur f\u00f6r inomhusbruk, DIY, inkl. gummihammare, 143 x 73 x 46 cm, svart LPI01H<\/p>\n","protected":false},"featured_media":43226,"comment_status":"open","ping_status":"closed","template":"","meta":[],"product_brand":[],"product_cat":[33],"product_tag":[],"class_list":{"0":"post-15413","1":"product","2":"type-product","3":"status-publish","4":"has-post-thumbnail","6":"product_cat-okategoriserad","8":"first","9":"instock","10":"shipping-taxable","11":"purchasable","12":"product-type-simple"},"_links":{"self":[{"href":"https:\/\/nordicmart.andreevmaster.com\/sv\/wp-json\/wp\/v2\/product\/15413","targetHints":{"allow":["GET"]}}],"collection":[{"href":"https:\/\/nordicmart.andreevmaster.com\/sv\/wp-json\/wp\/v2\/product"}],"about":[{"href":"https:\/\/nordicmart.andreevmaster.com\/sv\/wp-json\/wp\/v2\/types\/product"}],"replies":[{"embeddable":true,"href":"https:\/\/nordicmart.andreevmaster.com\/sv\/wp-json\/wp\/v2\/comments?post=15413"}],"wp:featuredmedia":[{"embeddable":true,"href":"https:\/\/nordicmart.andreevmaster.com\/sv\/wp-json\/wp\/v2\/media\/43226"}],"wp:attachment":[{"href":"https:\/\/nordicmart.andreevmaster.com\/sv\/wp-json\/wp\/v2\/media?parent=15413"}],"wp:term":[{"taxonomy":"product_brand","embeddable":true,"href":"https:\/\/nordicmart.andreevmaster.com\/sv\/wp-json\/wp\/v2\/product_brand?post=15413"},{"taxonomy":"product_cat","embeddable":true,"href":"https:\/\/nordicmart.andreevmaster.com\/sv\/wp-json\/wp\/v2\/product_cat?post=15413"},{"taxonomy":"product_tag","embeddable":true,"href":"https:\/\/nordicmart.andreevmaster.com\/sv\/wp-json\/wp\/v2\/product_tag?post=15413"}],"curies":[{"name":"wp","href":"https:\/\/api.w.org\/{rel}","templated":true}]}}