{"id":15412,"date":"2026-02-27T00:26:10","date_gmt":"2026-02-27T00:26:10","guid":{"rendered":"https:\/\/nordicmart.andreevmaster.com\/product\/songmics-skostall-med-metalltrad\/"},"modified":"2026-02-27T08:17:34","modified_gmt":"2026-02-27T08:17:34","slug":"songmics-skostall-med-metalltrad","status":"publish","type":"product","link":"https:\/\/nordicmart.andreevmaster.com\/sv\/produkt\/songmics-skostall-med-metalltrad\/","title":{"rendered":"SONGMICS skost\u00e4ll med metalltr\u00e5d"},"content":{"rendered":"<p>H\u00e4r passar allt ihop&#8230;<br \/>\nTack vare sin l\u00e5ga h\u00f6jd \u00e4r metalltr\u00e5dskuberna i denna hylla s\u00e4rskilt stabila och d\u00e4rmed perfekta f\u00f6r herr-, dam- och barnskor. Du kan ocks\u00e5 anv\u00e4nda v\u00e5r metallgallerorganiserare f\u00f6r kl\u00e4der, leksaker, b\u00f6cker, verktyg etc. Alla 15 kuberna st\u00e5r alltid till ditt f\u00f6rfogande.<\/p>\n<p>Kan placeras var som helst&#8230;<br \/>\nTack vare det gallerliknande sticksystemet kan denna hyllenhet monteras i vilket rum som helst och anpassas efter de r\u00e5dande f\u00f6rh\u00e5llandena. P\u00e5 s\u00e5 s\u00e4tt passar hyllan perfekt in i ditt vardagsrum, sovrum, barnrum eller badrum. Den g\u00f6r ocks\u00e5 bra ifr\u00e5n sig i garaget, k\u00e4llaren eller hallen.<\/p>\n<p>Hur det monteras&#8230;<br \/>\nI leveransen ing\u00e5r sj\u00e4lvklart en l\u00e4ttf\u00f6rst\u00e5elig bruksanvisning p\u00e5 5 spr\u00e5k. F\u00f6r att montera hyllan kopplar du bara ihop tr\u00e5dramarna med plastkopplingarna. Kopplingarna placeras i varje h\u00f6rn. D\u00e4refter skjuts ramarna in. Det \u00e4r viktigt att alla delar \u00e4r ordentligt sammankopplade och att gallret sitter stadigt p\u00e5 plats s\u00e5 att det inte kan vicka. F\u00f6r detta \u00e4ndam\u00e5l medf\u00f6ljer en gummiklubba som du kan anv\u00e4nda f\u00f6r att f\u00f6rsiktigt knacka fast alla delar.<\/p>\n<p>DIY-designen g\u00f6r att du kan s\u00e4tta ihop detta sk\u00e5p i olika former, s\u00e5 att det passar i varje vardagsrum, sovrum, hall eller k\u00e4llare. Du kan ocks\u00e5 anv\u00e4nda hyllan som skiljev\u00e4gg i kl\u00e4dsk\u00e5pet eller k\u00f6kssk\u00e5pet. Produktdetaljer:<br \/>\nF\u00e4rg: vit<br \/>\nMaterial: j\u00e4rn, ABS-plast<br \/>\nProduktstorlek: 91 x 36 x 71 cm (B x D x H)<br \/>\nVikt: 8,2 kg<br \/>\nB\u00e4rf\u00f6rm\u00e5ga per hyllplan: 10 kg<\/p>\n<p>Leveransomfattning:<br \/>\n1 x skoorganiserare<br \/>\n1 x gummiklubba (175 g)<br \/>\n2 x tippskydd<br \/>\n1 x bruksanvisning (DE, EN, FR, ES, IT)<\/p>\n<p>SONGMICS Anm\u00e4rkningar:<br \/>\nDenna produkt kan monteras i olika former, men endast med de medf\u00f6ljande delarna.<br \/>\nSt\u00e4ll inte produkten utomhus under l\u00e4ngre tid f\u00f6r att undvika skador orsakade av v\u00e4derp\u00e5verkan.<br \/>\nSONGMICS-logotypen ska vara v\u00e4nd ut\u00e5t n\u00e4r plastkopplingarna monteras.<br \/>\nAlla maskor ska tryckas ihop kort under monteringen. Kontrollera efter varje rad att tr\u00e5dramarna \u00e4r helt intryckta i kopplingsdelen f\u00f6r att \u00f6ka produktens stabilitet.<\/p>\n","protected":false},"excerpt":{"rendered":"<p>SONGMICS plugghylla, 16 kubers f\u00f6rvaringssystem av metalltr\u00e5d, DIY-sk\u00e5p, modul\u00e4rt, gallerhylla, med tr\u00e5dram, vit LPI44W<\/p>\n","protected":false},"featured_media":43225,"comment_status":"open","ping_status":"closed","template":"","meta":[],"product_brand":[],"product_cat":[33],"product_tag":[],"class_list":{"0":"post-15412","1":"product","2":"type-product","3":"status-publish","4":"has-post-thumbnail","6":"product_cat-okategoriserad","8":"first","9":"instock","10":"shipping-taxable","11":"purchasable","12":"product-type-simple"},"_links":{"self":[{"href":"https:\/\/nordicmart.andreevmaster.com\/sv\/wp-json\/wp\/v2\/product\/15412","targetHints":{"allow":["GET"]}}],"collection":[{"href":"https:\/\/nordicmart.andreevmaster.com\/sv\/wp-json\/wp\/v2\/product"}],"about":[{"href":"https:\/\/nordicmart.andreevmaster.com\/sv\/wp-json\/wp\/v2\/types\/product"}],"replies":[{"embeddable":true,"href":"https:\/\/nordicmart.andreevmaster.com\/sv\/wp-json\/wp\/v2\/comments?post=15412"}],"wp:featuredmedia":[{"embeddable":true,"href":"https:\/\/nordicmart.andreevmaster.com\/sv\/wp-json\/wp\/v2\/media\/43225"}],"wp:attachment":[{"href":"https:\/\/nordicmart.andreevmaster.com\/sv\/wp-json\/wp\/v2\/media?parent=15412"}],"wp:term":[{"taxonomy":"product_brand","embeddable":true,"href":"https:\/\/nordicmart.andreevmaster.com\/sv\/wp-json\/wp\/v2\/product_brand?post=15412"},{"taxonomy":"product_cat","embeddable":true,"href":"https:\/\/nordicmart.andreevmaster.com\/sv\/wp-json\/wp\/v2\/product_cat?post=15412"},{"taxonomy":"product_tag","embeddable":true,"href":"https:\/\/nordicmart.andreevmaster.com\/sv\/wp-json\/wp\/v2\/product_tag?post=15412"}],"curies":[{"name":"wp","href":"https:\/\/api.w.org\/{rel}","templated":true}]}}