{"id":15410,"date":"2026-02-27T00:26:10","date_gmt":"2026-02-27T00:26:10","guid":{"rendered":"https:\/\/nordicmart.andreevmaster.com\/product\/songmics-plugghylla-15-gallerfack-svart\/"},"modified":"2026-02-27T08:17:33","modified_gmt":"2026-02-27T08:17:33","slug":"songmics-plugghylla-15-gallerfack-svart","status":"publish","type":"product","link":"https:\/\/nordicmart.andreevmaster.com\/sv\/produkt\/songmics-plugghylla-15-gallerfack-svart\/","title":{"rendered":"SONGMICS plugghylla 15 gallerfack svart"},"content":{"rendered":"<p>H\u00e4r passar allt ihop&#8230; Varje metalltr\u00e5dkub med l\u00e5g h\u00f6jd \u00e4r stabilare \u00e4n st\u00f6rre kuber, perfekt f\u00f6r herr-, dam- och barnskor; du kan ocks\u00e5 anv\u00e4nda v\u00e5r metallgallerorganiserare f\u00f6r kl\u00e4der, leksaker, b\u00f6cker, verktyg etc. Alla 16 kuber \u00e4r l\u00e4ttillg\u00e4ngliga. Var kan den st\u00e5&#8230; Tack vare det gallerliknande pluggsystemet kan denna hyllenhet monteras i vilket rum som helst och anpassas efter de r\u00e5dande f\u00f6rh\u00e5llandena. P\u00e5 s\u00e5 s\u00e4tt passar hyllan perfekt i ditt vardagsrum, sovrum, barnrum eller badrum. Den g\u00f6r ocks\u00e5 bra ifr\u00e5n sig i garaget, k\u00e4llaren eller hallen. Hur den monteras&#8230;.I leveransen ing\u00e5r sj\u00e4lvklart en l\u00e4ttf\u00f6rst\u00e5elig bruksanvisning p\u00e5 5 spr\u00e5k. F\u00f6r att montera hyllan kopplar du bara ihop tr\u00e5dramarna med plastkopplingarna. De senare placeras i varje h\u00f6rn. D\u00e4refter skjuts ramarna in. Det \u00e4r viktigt att alla delar \u00e4r ordentligt sammankopplade och att gallren sitter stadigt p\u00e5 plats s\u00e5 att de inte kan vicka. F\u00f6r detta \u00e4ndam\u00e5l medf\u00f6ljer en gummiklubba som du kan anv\u00e4nda f\u00f6r att f\u00f6rsiktigt knacka fast alla delar. Praktisk att anv\u00e4nda Denna skost\u00e4llning av metallgaller kan monteras i olika former f\u00f6r att passa just dina behov. Flera enheter kan kombineras med varandra f\u00f6r att skapa mer f\u00f6rvaringsutrymme och m\u00f6jligheter; du kan ocks\u00e5 ta bort en hylla f\u00f6r att f\u00e5 plats med dina st\u00f6vlar. L\u00e5t din kreativitet fl\u00f6da med denna unika produkt. Produktdetaljer: F\u00e4rg: svart Material: Pulverlackerade j\u00e4rntr\u00e5dsgaller, ABS-plastf\u00f6rband Storlek: 91 x 36 x 71 cm (B x D x H) Vikt: 8,2 kg Max. b\u00e4rkraft f\u00f6r en kub: 10 kg Leveransomfattning: 20 x svart j\u00e4rntr\u00e5dsgaller (35 x 22 cm) 20 x svart j\u00e4rntr\u00e5dsgaller (35 x 17 cm)16 x svart j\u00e4rntr\u00e5dsgaller (22 x 17 cm) 52 x svarta ABS-plastkopplingar 1 x gummiklubba (175 g) 2 x tippskydd 1 x monteringsanvisning (DE, EN, FR, ES, IT) SONGMICS Anm\u00e4rkningar: St\u00e4ll inte produkten utomhus under l\u00e4ngre tid f\u00f6r att undvika skador fr\u00e5n v\u00e4der och vind.H\u00e5ll den runda sidan med &#8221;SONGMICS&#8221;-logotypen p\u00e5 plastkopplingarna v\u00e4nd ut\u00e5t under monteringen. Alla maskor ska tryckas ned\u00e5t under monteringen. Kontrollera efter varje rad att tr\u00e5dramarna \u00e4r helt nedtryckta i kopplingen f\u00f6r att \u00f6ka produktens stabilitet.<\/p>\n","protected":false},"excerpt":{"rendered":"<p>SONGMICS plugghylla, 16 kubers f\u00f6rvaringssystem av metalltr\u00e5d, DIY-sk\u00e5p, modul\u00e4rt, gallerhylla, med tr\u00e5dram, vit LPI44W<\/p>\n","protected":false},"featured_media":43223,"comment_status":"open","ping_status":"closed","template":"","meta":[],"product_brand":[],"product_cat":[33],"product_tag":[],"class_list":{"0":"post-15410","1":"product","2":"type-product","3":"status-publish","4":"has-post-thumbnail","6":"product_cat-okategoriserad","8":"first","9":"instock","10":"shipping-taxable","11":"purchasable","12":"product-type-simple"},"_links":{"self":[{"href":"https:\/\/nordicmart.andreevmaster.com\/sv\/wp-json\/wp\/v2\/product\/15410","targetHints":{"allow":["GET"]}}],"collection":[{"href":"https:\/\/nordicmart.andreevmaster.com\/sv\/wp-json\/wp\/v2\/product"}],"about":[{"href":"https:\/\/nordicmart.andreevmaster.com\/sv\/wp-json\/wp\/v2\/types\/product"}],"replies":[{"embeddable":true,"href":"https:\/\/nordicmart.andreevmaster.com\/sv\/wp-json\/wp\/v2\/comments?post=15410"}],"wp:featuredmedia":[{"embeddable":true,"href":"https:\/\/nordicmart.andreevmaster.com\/sv\/wp-json\/wp\/v2\/media\/43223"}],"wp:attachment":[{"href":"https:\/\/nordicmart.andreevmaster.com\/sv\/wp-json\/wp\/v2\/media?parent=15410"}],"wp:term":[{"taxonomy":"product_brand","embeddable":true,"href":"https:\/\/nordicmart.andreevmaster.com\/sv\/wp-json\/wp\/v2\/product_brand?post=15410"},{"taxonomy":"product_cat","embeddable":true,"href":"https:\/\/nordicmart.andreevmaster.com\/sv\/wp-json\/wp\/v2\/product_cat?post=15410"},{"taxonomy":"product_tag","embeddable":true,"href":"https:\/\/nordicmart.andreevmaster.com\/sv\/wp-json\/wp\/v2\/product_tag?post=15410"}],"curies":[{"name":"wp","href":"https:\/\/api.w.org\/{rel}","templated":true}]}}