{"id":15408,"date":"2026-02-27T00:26:09","date_gmt":"2026-02-27T00:26:09","guid":{"rendered":"https:\/\/nordicmart.andreevmaster.com\/product\/songmics-plugghylla-12-gallerkuber-vit\/"},"modified":"2026-02-27T08:17:33","modified_gmt":"2026-02-27T08:17:33","slug":"songmics-plugghylla-12-gallerkuber-vit","status":"publish","type":"product","link":"https:\/\/nordicmart.andreevmaster.com\/sv\/produkt\/songmics-plugghylla-12-gallerkuber-vit\/","title":{"rendered":"SONGMICS plugghylla 12 gallerkuber Vit"},"content":{"rendered":"<p>Allt som f\u00e5r plats &#8230; Anv\u00e4nd v\u00e5rt plugghyllsystem f\u00f6r dina kl\u00e4der, skor, kontorsartiklar, b\u00f6cker, tidningar och mycket mer &#8230; Du har 12 fack till ditt f\u00f6rfogande och PP-plattor som kan skjutas in som botten. P\u00e5 s\u00e5 s\u00e4tt kan du sj\u00e4lv best\u00e4mma vilket fack som ska ha botten och vilken kub som bara ska best\u00e5 av tr\u00e5dgaller. Var den kan placeras &#8230; Med detta gallerst\u00e4ll har du ett st\u00e4ll f\u00f6r varje rum. Det \u00e4r mycket diskret och passar enkelt in i alla rum: vardagsrum, sovrum, barnrum, hall, badrum, k\u00e4llare, garage osv. Det b\u00f6r skyddas mot v\u00e4derp\u00e5verkan som sol, regn och vind s\u00e5 att du kan ha gl\u00e4dje av det l\u00e4nge.  Hur man monterar det &#8230; En detaljerad monteringsanvisning medf\u00f6ljer naturligtvis (p\u00e5 5 spr\u00e5k). Kort f\u00f6rklarat: Du kopplar ihop tr\u00e5dgallren med plastkopplingar. En s\u00e5dan koppling monteras i varje h\u00f6rn och gallren och plattorna skjuts enkelt in. Det \u00e4r viktigt att se till att allt \u00e4r ordentligt sammankopplat och att gallren \u00e4r &#8221;fastklickade&#8221; s\u00e5 att ingenting kan vrida sig. F\u00f6r detta \u00e4ndam\u00e5l bifogar vi en gummiklubba i paketet s\u00e5 att du kan knacka fast allt ordentligt. Produktdetaljer: &#8211; F\u00e4rg: vit &#8211; Material: PP-plast (skiva), ABS-plast (kopplingsdel), tr\u00e5dgaller &#8211; M\u00e5tt: 93 x 123 x 31,5 cm (B x H x D) &#8211; Max. belastningskapacitet f\u00f6r varje fack: 10 kg &#8211; Nettovikt: 8,7 kg &#8211; Volym f\u00f6r varje kub: 27 L Leveransomfattning &#8211; 43 x vitt tr\u00e5dgaller (30 x 30 cm) &#8211; 12 x vit PP-skiva (30 x 30 cm) &#8211; 44 x vit plastkoppling &#8211; 1 x gummiklubba (175 g) &#8211; 2 x tippskydd &#8211; 1 x bruksanvisning (DE, EN, FR, IT, ES) <\/p>\n","protected":false},"excerpt":{"rendered":"<p>SONGMICS plugghylla, gallerhylla, DIY-kubhylla, 12 fack, f\u00f6r leksaker, skor, b\u00f6cker, vardagsrum, barnrum, sovrum, 93 x 123 x 31 cm, utbyggbar, svart LPI34H<\/p>\n","protected":false},"featured_media":43221,"comment_status":"open","ping_status":"closed","template":"","meta":[],"product_brand":[],"product_cat":[33],"product_tag":[],"class_list":{"0":"post-15408","1":"product","2":"type-product","3":"status-publish","4":"has-post-thumbnail","6":"product_cat-okategoriserad","8":"first","9":"instock","10":"shipping-taxable","11":"purchasable","12":"product-type-simple"},"_links":{"self":[{"href":"https:\/\/nordicmart.andreevmaster.com\/sv\/wp-json\/wp\/v2\/product\/15408","targetHints":{"allow":["GET"]}}],"collection":[{"href":"https:\/\/nordicmart.andreevmaster.com\/sv\/wp-json\/wp\/v2\/product"}],"about":[{"href":"https:\/\/nordicmart.andreevmaster.com\/sv\/wp-json\/wp\/v2\/types\/product"}],"replies":[{"embeddable":true,"href":"https:\/\/nordicmart.andreevmaster.com\/sv\/wp-json\/wp\/v2\/comments?post=15408"}],"wp:featuredmedia":[{"embeddable":true,"href":"https:\/\/nordicmart.andreevmaster.com\/sv\/wp-json\/wp\/v2\/media\/43221"}],"wp:attachment":[{"href":"https:\/\/nordicmart.andreevmaster.com\/sv\/wp-json\/wp\/v2\/media?parent=15408"}],"wp:term":[{"taxonomy":"product_brand","embeddable":true,"href":"https:\/\/nordicmart.andreevmaster.com\/sv\/wp-json\/wp\/v2\/product_brand?post=15408"},{"taxonomy":"product_cat","embeddable":true,"href":"https:\/\/nordicmart.andreevmaster.com\/sv\/wp-json\/wp\/v2\/product_cat?post=15408"},{"taxonomy":"product_tag","embeddable":true,"href":"https:\/\/nordicmart.andreevmaster.com\/sv\/wp-json\/wp\/v2\/product_tag?post=15408"}],"curies":[{"name":"wp","href":"https:\/\/api.w.org\/{rel}","templated":true}]}}