{"id":15407,"date":"2026-02-27T00:26:09","date_gmt":"2026-02-27T00:26:09","guid":{"rendered":"https:\/\/nordicmart.andreevmaster.com\/product\/songmics-plugghyllsystem-med-12-gallerkuber\/"},"modified":"2026-02-27T08:17:33","modified_gmt":"2026-02-27T08:17:33","slug":"songmics-plugghyllsystem-med-12-gallerkuber","status":"publish","type":"product","link":"https:\/\/nordicmart.andreevmaster.com\/sv\/produkt\/songmics-plugghyllsystem-med-12-gallerkuber\/","title":{"rendered":"SONGMICS plugghyllsystem med 12 gallerkuber"},"content":{"rendered":"<p>Allt som f\u00e5r plats&#8230; Anv\u00e4nd v\u00e5rt plugghyllsystem f\u00f6r dina kl\u00e4der, skor, kontorsartiklar, b\u00f6cker, tidningar och mycket mer&#8230; Du har 12 fack med eller utan bottenplatta till ditt f\u00f6rfogande. Var det \u00e4n kan st\u00e5&#8230; Vardagsrum, sovrum, barnrum, hall, badrum, k\u00e4llare, garage \u2013 denna diskreta hylla passar enkelt in i alla rum. Du kan till och med anv\u00e4nda det som v\u00e4xtst\u00e4ll i vintertr\u00e4dg\u00e5rden och l\u00e5ta v\u00e4xter som murgr\u00f6na kl\u00e4ttra p\u00e5 det. S\u00e5 monterar du det&#8230; Stick bara in tr\u00e5dgallret i plastkopplingarna tills de sn\u00e4pper fast. Knacka sedan l\u00e4tt p\u00e5 alla kopplingar med den medf\u00f6ljande hammaren och montera ditt nya DIY-st\u00e4ll steg f\u00f6r steg utan problem.Produktdetaljer: F\u00e4rg: Svart Material: PP-plast (skiva), ABS-plast (koppling), tr\u00e5dgaller Storlek rektangul\u00e4r form: 93 x 123 x 31 cm (B x H x D) Vikt: 8,7 kg Max. statisk belastningskapacitet per fack: 10 kg&nbsp;Leveransomfattning: 43 x tr\u00e5dgaller (30 x 30 cm) 12 x PP-skiva (30 x 30 cm) 44 x plastkoppling 1 x gummiklubba (175 g) 2 x tippskydd 1 x bruksanvisning (DE, EN, FR, IT, ES) SONGMICS Anm\u00e4rkningar:- Denna gallerhylla \u00e4r inte avsedd att st\u00e5 utomhus under l\u00e4ngre tid. &#8211; Den runda ytan p\u00e5 kopplingsdelarna m\u00e5ste alltid vara v\u00e4nd ut\u00e5t. &#8211; Gallerplattorna m\u00e5ste s\u00e4ttas in i sp\u00e5ren tills de sl\u00e5r i. Det \u00e4r viktigt att de passar perfekt, annars kan hyllan skeva sig.<\/p>\n","protected":false},"excerpt":{"rendered":"<p>SONGMICS plugghylla, gallerhylla, DIY-kubhylla, 12 fack, f\u00f6r leksaker, skor, b\u00f6cker, vardagsrum, barnrum, sovrum, 93 x 123 x 31 cm, utbyggbar, svart LPI34H<\/p>\n","protected":false},"featured_media":43220,"comment_status":"open","ping_status":"closed","template":"","meta":[],"product_brand":[],"product_cat":[33],"product_tag":[],"class_list":{"0":"post-15407","1":"product","2":"type-product","3":"status-publish","4":"has-post-thumbnail","6":"product_cat-okategoriserad","8":"first","9":"instock","10":"shipping-taxable","11":"purchasable","12":"product-type-simple"},"_links":{"self":[{"href":"https:\/\/nordicmart.andreevmaster.com\/sv\/wp-json\/wp\/v2\/product\/15407","targetHints":{"allow":["GET"]}}],"collection":[{"href":"https:\/\/nordicmart.andreevmaster.com\/sv\/wp-json\/wp\/v2\/product"}],"about":[{"href":"https:\/\/nordicmart.andreevmaster.com\/sv\/wp-json\/wp\/v2\/types\/product"}],"replies":[{"embeddable":true,"href":"https:\/\/nordicmart.andreevmaster.com\/sv\/wp-json\/wp\/v2\/comments?post=15407"}],"wp:featuredmedia":[{"embeddable":true,"href":"https:\/\/nordicmart.andreevmaster.com\/sv\/wp-json\/wp\/v2\/media\/43220"}],"wp:attachment":[{"href":"https:\/\/nordicmart.andreevmaster.com\/sv\/wp-json\/wp\/v2\/media?parent=15407"}],"wp:term":[{"taxonomy":"product_brand","embeddable":true,"href":"https:\/\/nordicmart.andreevmaster.com\/sv\/wp-json\/wp\/v2\/product_brand?post=15407"},{"taxonomy":"product_cat","embeddable":true,"href":"https:\/\/nordicmart.andreevmaster.com\/sv\/wp-json\/wp\/v2\/product_cat?post=15407"},{"taxonomy":"product_tag","embeddable":true,"href":"https:\/\/nordicmart.andreevmaster.com\/sv\/wp-json\/wp\/v2\/product_tag?post=15407"}],"curies":[{"name":"wp","href":"https:\/\/api.w.org\/{rel}","templated":true}]}}