{"id":15406,"date":"2026-02-27T00:26:09","date_gmt":"2026-02-27T00:26:09","guid":{"rendered":"https:\/\/nordicmart.andreevmaster.com\/product\/songmics-gallerhylla-12-kuber-3-lador-svart\/"},"modified":"2026-02-27T08:17:33","modified_gmt":"2026-02-27T08:17:33","slug":"songmics-gallerhylla-12-kuber-3-lador-svart","status":"publish","type":"product","link":"https:\/\/nordicmart.andreevmaster.com\/sv\/produkt\/songmics-gallerhylla-12-kuber-3-lador-svart\/","title":{"rendered":"SONGMICS gallerhylla 12 kuber 3 l\u00e5dor svart"},"content":{"rendered":"<p>12 kuber, 3 l\u00e5dor: Du beh\u00f6ver inte k\u00f6pa extra l\u00e5dor till kubhyllan och beh\u00f6ver inte heller oroa dig f\u00f6r om l\u00e5dornas storlek passar. F\u00f6rutom 12 kuber f\u00e5r du 3 l\u00e5dor av non-woven-tyg f\u00f6r att f\u00f6rvara sm\u00e5saker och skapa en snygg och organiserad look. Kl\u00e4der, b\u00f6cker, leksaker, skor, verktyg: Med en belastningskapacitet p\u00e5 10 kg per kub \u00e4r detta gallerhyllsystem l\u00e4mpligt f\u00f6r f\u00f6rvaring av en m\u00e4ngd olika f\u00f6rem\u00e5l. Vill du f\u00f6rvara sm\u00e5 f\u00f6rem\u00e5l? Inga problem. L\u00e4gg bara de medf\u00f6ljande plastplattorna p\u00e5 gallerhyllorna. L\u00e4ngs, p\u00e5 h\u00f6gkant, trappformigt, ut\u00f6kat: Tack vare den smarta DIY-kopplingstekniken kan f\u00f6rvaringshyllan ut\u00f6kas och omvandlas efter behov inom ramen f\u00f6r antalet gallerplattor och kopplingsdelar. Dessutom passar det perfekt i din kl\u00e4dkammare, vardagsrum eller under trappan. Produktdetaljer: F\u00e4rg: Svartprickig, gr\u00e5 Material: J\u00e4rnram, ABS-plastkoppling, PP-plastplatta, non-woven-box Storlek: 93 x 31 x 123 cm (L x B x H) Vikt: 10 kg Max. belastningskapacitet per kub: 10 kg Leveransomfattning: 43 x gallerplatta (30 x 30 cm) 44 x kopplingsdel 3 x f\u00f6rvaringsl\u00e5da 12 x plastplatta 1 x gummihammare 2 x tippskydd 1 x bruksanvisning (DE, EN, FR, ES, IT) SONGMICS Anm\u00e4rkningar:Denna produkt kan monteras i olika former, men endast inom ramen f\u00f6r antalet enskilda delar. F\u00e4st produkten p\u00e5 v\u00e4ggen med det medf\u00f6ljande tippskyddet.<\/p>\n","protected":false},"excerpt":{"rendered":"<p>SONGMICS plugghylla, gallerhylla, DIY-kubhylla, 12 fack, f\u00f6r leksaker, skor, b\u00f6cker, vardagsrum, barnrum, sovrum, 93 x 123 x 31 cm, utbyggbar, svart LPI34H<\/p>\n","protected":false},"featured_media":43219,"comment_status":"open","ping_status":"closed","template":"","meta":[],"product_brand":[],"product_cat":[33],"product_tag":[],"class_list":{"0":"post-15406","1":"product","2":"type-product","3":"status-publish","4":"has-post-thumbnail","6":"product_cat-okategoriserad","8":"first","9":"instock","10":"shipping-taxable","11":"purchasable","12":"product-type-simple"},"_links":{"self":[{"href":"https:\/\/nordicmart.andreevmaster.com\/sv\/wp-json\/wp\/v2\/product\/15406","targetHints":{"allow":["GET"]}}],"collection":[{"href":"https:\/\/nordicmart.andreevmaster.com\/sv\/wp-json\/wp\/v2\/product"}],"about":[{"href":"https:\/\/nordicmart.andreevmaster.com\/sv\/wp-json\/wp\/v2\/types\/product"}],"replies":[{"embeddable":true,"href":"https:\/\/nordicmart.andreevmaster.com\/sv\/wp-json\/wp\/v2\/comments?post=15406"}],"wp:featuredmedia":[{"embeddable":true,"href":"https:\/\/nordicmart.andreevmaster.com\/sv\/wp-json\/wp\/v2\/media\/43219"}],"wp:attachment":[{"href":"https:\/\/nordicmart.andreevmaster.com\/sv\/wp-json\/wp\/v2\/media?parent=15406"}],"wp:term":[{"taxonomy":"product_brand","embeddable":true,"href":"https:\/\/nordicmart.andreevmaster.com\/sv\/wp-json\/wp\/v2\/product_brand?post=15406"},{"taxonomy":"product_cat","embeddable":true,"href":"https:\/\/nordicmart.andreevmaster.com\/sv\/wp-json\/wp\/v2\/product_cat?post=15406"},{"taxonomy":"product_tag","embeddable":true,"href":"https:\/\/nordicmart.andreevmaster.com\/sv\/wp-json\/wp\/v2\/product_tag?post=15406"}],"curies":[{"name":"wp","href":"https:\/\/api.w.org\/{rel}","templated":true}]}}