{"id":15405,"date":"2026-02-27T00:26:08","date_gmt":"2026-02-27T00:26:08","guid":{"rendered":"https:\/\/nordicmart.andreevmaster.com\/product\/songmics-skostall-rektangular-skoorganiserare-vit\/"},"modified":"2026-02-27T08:17:33","modified_gmt":"2026-02-27T08:17:33","slug":"songmics-skostall-rektangular-skoorganiserare-vit","status":"publish","type":"product","link":"https:\/\/nordicmart.andreevmaster.com\/sv\/produkt\/songmics-skostall-rektangular-skoorganiserare-vit\/","title":{"rendered":"SONGMICS skost\u00e4ll rektangul\u00e4r skoorganiserare vit"},"content":{"rendered":"<p>Har du problem med att inte alla dina skor f\u00e5r plats? D\u00e5 \u00e4r detta DIY-skost\u00e4ll fr\u00e5n SONGMICS en smart f\u00f6rvaringsl\u00f6sning! Stabilitet \u00e4r prioriterat: De robusta j\u00e4rngallren, den genomt\u00e4nkta tippskyddet och ABS-plastkopplingarna ger detta skost\u00e4ll en h\u00f6g stabilitet.Var vill du placera detta skost\u00e4ll? I hallen \u2013 f\u00f6r snabb \u00e5tkomst till dina skor I k\u00e4llaren \u2013 f\u00f6r att spara plats i andra rum I sovrummet \u2013 f\u00f6r ett mer uppst\u00e4dat utseende Vad \u00e4r din plan? Produktdetaljer:F\u00e4rg: Vit Material: Gallerelement av j\u00e4rn, ABS-plastkopplingar Storlek: 83 x 31 x 88 cm (L x B x H) Vikt: 6,8 kg Max. statisk belastningskapacitet per gallerniv\u00e5: 10 kgLeveransomfattning:12 x vita j\u00e4rngallerplattor (40 x 30 cm)15 x vita j\u00e4rngallerplattor (30 x 17 cm)10 x vita j\u00e4rngallerplattor (40 x 17 cm)36 vita plastkopplingar1 gummiklubba2 x tippskydd1 x bruksanvisning (DE, EN, FR, ES, IT)SONGMICS Anm\u00e4rkningar:S\u00e4tt dig inte p\u00e5 hyllan och st\u00e4ll den inte permanent utomhus f\u00f6r att undvika v\u00e4derp\u00e5verkan.SONGMICS-logotypen p\u00e5 plastkopplingarna ska alltid vara v\u00e4nd ut\u00e5t vid montering.Se till att alla gallerelement \u00e4r helt insatta i plastkopplingarna under montering. Tryck l\u00e4tt p\u00e5 kopplingarna efter montering av varje niv\u00e5 f\u00f6r att \u00f6ka hyllans stabilitet.<\/p>\n","protected":false},"excerpt":{"rendered":"<p>SONGMICS skost\u00e4ll, rektangul\u00e4r kuborganiserare, DIY-hyllsystem, 40 x 30 x 17 cm per kub, skof\u00f6rvaring, garderob, hall, av metall, svart LPI25H<\/p>\n","protected":false},"featured_media":43218,"comment_status":"open","ping_status":"closed","template":"","meta":[],"product_brand":[],"product_cat":[33],"product_tag":[],"class_list":{"0":"post-15405","1":"product","2":"type-product","3":"status-publish","4":"has-post-thumbnail","6":"product_cat-okategoriserad","8":"first","9":"instock","10":"shipping-taxable","11":"purchasable","12":"product-type-simple"},"_links":{"self":[{"href":"https:\/\/nordicmart.andreevmaster.com\/sv\/wp-json\/wp\/v2\/product\/15405","targetHints":{"allow":["GET"]}}],"collection":[{"href":"https:\/\/nordicmart.andreevmaster.com\/sv\/wp-json\/wp\/v2\/product"}],"about":[{"href":"https:\/\/nordicmart.andreevmaster.com\/sv\/wp-json\/wp\/v2\/types\/product"}],"replies":[{"embeddable":true,"href":"https:\/\/nordicmart.andreevmaster.com\/sv\/wp-json\/wp\/v2\/comments?post=15405"}],"wp:featuredmedia":[{"embeddable":true,"href":"https:\/\/nordicmart.andreevmaster.com\/sv\/wp-json\/wp\/v2\/media\/43218"}],"wp:attachment":[{"href":"https:\/\/nordicmart.andreevmaster.com\/sv\/wp-json\/wp\/v2\/media?parent=15405"}],"wp:term":[{"taxonomy":"product_brand","embeddable":true,"href":"https:\/\/nordicmart.andreevmaster.com\/sv\/wp-json\/wp\/v2\/product_brand?post=15405"},{"taxonomy":"product_cat","embeddable":true,"href":"https:\/\/nordicmart.andreevmaster.com\/sv\/wp-json\/wp\/v2\/product_cat?post=15405"},{"taxonomy":"product_tag","embeddable":true,"href":"https:\/\/nordicmart.andreevmaster.com\/sv\/wp-json\/wp\/v2\/product_tag?post=15405"}],"curies":[{"name":"wp","href":"https:\/\/api.w.org\/{rel}","templated":true}]}}