{"id":15404,"date":"2026-02-27T00:26:08","date_gmt":"2026-02-27T00:26:08","guid":{"rendered":"https:\/\/nordicmart.andreevmaster.com\/product\/songmics-hyllsystem-med-flera-fack\/"},"modified":"2026-02-27T08:17:32","modified_gmt":"2026-02-27T08:17:32","slug":"songmics-hyllsystem-med-flera-fack","status":"publish","type":"product","link":"https:\/\/nordicmart.andreevmaster.com\/sv\/produkt\/songmics-hyllsystem-med-flera-fack\/","title":{"rendered":"SONGMICS hyllsystem med flera fack"},"content":{"rendered":"<p>Praktisk att anv\u00e4ndaDenna skost\u00e4llning i metallgaller kan monteras i olika former f\u00f6r att passa just dina behov. Flera enheter kan kombineras f\u00f6r att skapa mer f\u00f6rvaringsutrymme och m\u00f6jligheter; du kan ocks\u00e5 ta bort en hylla f\u00f6r att f\u00e5 plats med dina st\u00f6vlar. L\u00e5t din kreativitet fl\u00f6da med denna unika produkt. Produktdetaljer: F\u00e4rg: svart Material: Pulverlackerat j\u00e4rntr\u00e5dsgaller, ABS-plastf\u00f6rband Storlek: 83 x 31 x 88 cm (B x D x H) Storlek per kub: 40 x 30 x 17 cm (B x D x H) Vikt: 7 kg Max. belastningskapacitet per kub: 10 kg Leveransomfattning: 12 x svart j\u00e4rntr\u00e5dsgaller (40 x 30 cm) 15 x svart j\u00e4rntr\u00e5dsgaller (30 x 17 cm) 20 x svart j\u00e4rntr\u00e5dsgaller (40 x 17 cm) 36 x svarta ABS-plastkopplingar 1 x gummiklubba (175 g) 2 x tippskydd 1 x monteringsanvisning (DE, EN, FR, ES, IT) SONGMICS Anm\u00e4rkningar: Placera inte produkten utomhus under l\u00e4ngre tid f\u00f6r att undvika skador p\u00e5 grund av v\u00e4derp\u00e5verkan. H\u00e5ll den runda sidan med &#8221;SONGMICS&#8221;-logotypen p\u00e5 plastkopplingarna v\u00e4nd ut\u00e5t under monteringen.Alla maskor ska tryckas ned\u00e5t under monteringen. Kontrollera efter varje rad att tr\u00e5dramarna \u00e4r helt nedtryckta i kopplingen f\u00f6r att \u00f6ka produktens stabilitet.<\/p>\n","protected":false},"excerpt":{"rendered":"<p>SONGMICS skost\u00e4ll, rektangul\u00e4r kuborganiserare, DIY-hyllsystem, 40 x 30 x 17 cm per kub, skof\u00f6rvaring, garderob, hall, av metall, svart LPI25H<\/p>\n","protected":false},"featured_media":43217,"comment_status":"open","ping_status":"closed","template":"","meta":[],"product_brand":[],"product_cat":[33],"product_tag":[],"class_list":{"0":"post-15404","1":"product","2":"type-product","3":"status-publish","4":"has-post-thumbnail","6":"product_cat-okategoriserad","8":"first","9":"instock","10":"shipping-taxable","11":"purchasable","12":"product-type-simple"},"_links":{"self":[{"href":"https:\/\/nordicmart.andreevmaster.com\/sv\/wp-json\/wp\/v2\/product\/15404","targetHints":{"allow":["GET"]}}],"collection":[{"href":"https:\/\/nordicmart.andreevmaster.com\/sv\/wp-json\/wp\/v2\/product"}],"about":[{"href":"https:\/\/nordicmart.andreevmaster.com\/sv\/wp-json\/wp\/v2\/types\/product"}],"replies":[{"embeddable":true,"href":"https:\/\/nordicmart.andreevmaster.com\/sv\/wp-json\/wp\/v2\/comments?post=15404"}],"wp:featuredmedia":[{"embeddable":true,"href":"https:\/\/nordicmart.andreevmaster.com\/sv\/wp-json\/wp\/v2\/media\/43217"}],"wp:attachment":[{"href":"https:\/\/nordicmart.andreevmaster.com\/sv\/wp-json\/wp\/v2\/media?parent=15404"}],"wp:term":[{"taxonomy":"product_brand","embeddable":true,"href":"https:\/\/nordicmart.andreevmaster.com\/sv\/wp-json\/wp\/v2\/product_brand?post=15404"},{"taxonomy":"product_cat","embeddable":true,"href":"https:\/\/nordicmart.andreevmaster.com\/sv\/wp-json\/wp\/v2\/product_cat?post=15404"},{"taxonomy":"product_tag","embeddable":true,"href":"https:\/\/nordicmart.andreevmaster.com\/sv\/wp-json\/wp\/v2\/product_tag?post=15404"}],"curies":[{"name":"wp","href":"https:\/\/api.w.org\/{rel}","templated":true}]}}