{"id":15403,"date":"2026-02-27T00:26:08","date_gmt":"2026-02-27T00:26:08","guid":{"rendered":"https:\/\/nordicmart.andreevmaster.com\/product\/songmics-plugghylla-9-gallerkuber-vit\/"},"modified":"2026-02-27T08:17:32","modified_gmt":"2026-02-27T08:17:32","slug":"songmics-plugghylla-9-gallerkuber-vit","status":"publish","type":"product","link":"https:\/\/nordicmart.andreevmaster.com\/sv\/produkt\/songmics-plugghylla-9-gallerkuber-vit\/","title":{"rendered":"SONGMICS plugghylla 9 gallerkuber Vit"},"content":{"rendered":"<p>Produktdetaljer: &#8211; F\u00e4rg: vit &#8211; Material: PP-plast (skiva), ABS-plast (kopplingsdel), tr\u00e5dgaller &#8211; M\u00e5tt: 96 x 96 x 31,5 cm (B x H x D) &#8211; Max. belastningskapacitet per fack: 10 kg &#8211; Nettovikt: 6,7 kg &#8211; Volym per kub: 27 L Leveransomfattning &#8211; 34 x vit tr\u00e5dgaller (30 x 30 cm) &#8211; 6 x vit PP-skiva (30 x 30 cm) &#8211; 34 x vita plastkopplingar &#8211; 1 x gummiklubba (175 g) &#8211; 2 x tippskydd &#8211; 1 x bruksanvisning (DE, EN, FR, IT, ES) Anm\u00e4rkningar: &#8211; Tr\u00e5dhyllan \u00e4r inte avsedd att st\u00e5 utomhus under l\u00e4ngre tid. &#8211; Kopplingarnas runda yta m\u00e5ste alltid vara v\u00e4nd ut\u00e5t.- Plattorna m\u00e5ste s\u00e4ttas in i f\u00e4stsp\u00e5ren \u00e4nda till slutet. Det \u00e4r viktigt att de passar perfekt, annars kan hyllan bli skev.<\/p>\n","protected":false},"excerpt":{"rendered":"<p>SONGMICS hyllsystem, plugghylla, kan st\u00e4llas upp individuellt, 9 fack, svart, av tr\u00e5dgaller, 93 x 31 x 93 cm (B x H x D) LPI115H<\/p>\n","protected":false},"featured_media":43216,"comment_status":"open","ping_status":"closed","template":"","meta":[],"product_brand":[],"product_cat":[33],"product_tag":[],"class_list":{"0":"post-15403","1":"product","2":"type-product","3":"status-publish","4":"has-post-thumbnail","6":"product_cat-okategoriserad","8":"first","9":"instock","10":"shipping-taxable","11":"purchasable","12":"product-type-simple"},"_links":{"self":[{"href":"https:\/\/nordicmart.andreevmaster.com\/sv\/wp-json\/wp\/v2\/product\/15403","targetHints":{"allow":["GET"]}}],"collection":[{"href":"https:\/\/nordicmart.andreevmaster.com\/sv\/wp-json\/wp\/v2\/product"}],"about":[{"href":"https:\/\/nordicmart.andreevmaster.com\/sv\/wp-json\/wp\/v2\/types\/product"}],"replies":[{"embeddable":true,"href":"https:\/\/nordicmart.andreevmaster.com\/sv\/wp-json\/wp\/v2\/comments?post=15403"}],"wp:featuredmedia":[{"embeddable":true,"href":"https:\/\/nordicmart.andreevmaster.com\/sv\/wp-json\/wp\/v2\/media\/43216"}],"wp:attachment":[{"href":"https:\/\/nordicmart.andreevmaster.com\/sv\/wp-json\/wp\/v2\/media?parent=15403"}],"wp:term":[{"taxonomy":"product_brand","embeddable":true,"href":"https:\/\/nordicmart.andreevmaster.com\/sv\/wp-json\/wp\/v2\/product_brand?post=15403"},{"taxonomy":"product_cat","embeddable":true,"href":"https:\/\/nordicmart.andreevmaster.com\/sv\/wp-json\/wp\/v2\/product_cat?post=15403"},{"taxonomy":"product_tag","embeddable":true,"href":"https:\/\/nordicmart.andreevmaster.com\/sv\/wp-json\/wp\/v2\/product_tag?post=15403"}],"curies":[{"name":"wp","href":"https:\/\/api.w.org\/{rel}","templated":true}]}}