{"id":15402,"date":"2026-02-27T00:26:08","date_gmt":"2026-02-27T00:26:08","guid":{"rendered":"https:\/\/nordicmart.andreevmaster.com\/product\/songmics-plugghylla-9-gallerkubar-svart\/"},"modified":"2026-02-27T08:17:32","modified_gmt":"2026-02-27T08:17:32","slug":"songmics-plugghylla-9-gallerkubar-svart","status":"publish","type":"product","link":"https:\/\/nordicmart.andreevmaster.com\/sv\/produkt\/songmics-plugghylla-9-gallerkubar-svart\/","title":{"rendered":"SONGMICS plugghylla 9 gallerkubar Svart"},"content":{"rendered":"<p>Produktbeskrivning: Allt som f\u00e5r plats &#8230; Anv\u00e4nd v\u00e5rt plugghyllsystem f\u00f6r dina kl\u00e4der, skor, kontorsartiklar, b\u00f6cker, tidningar och mycket mer &#8230; Du har 9 fack till ditt f\u00f6rfogande och PP-plattor som kan skjutas in som botten. P\u00e5 s\u00e5 s\u00e4tt kan du sj\u00e4lv best\u00e4mma vilka fack som ska ha botten och vilka kuber som bara ska best\u00e5 av tr\u00e5dgaller. Var den kan placeras &#8230; Med detta gallerst\u00e4ll har du ett st\u00e4ll f\u00f6r varje rum. Det \u00e4r mycket diskret och passar enkelt in i alla rum: vardagsrum, sovrum, barnrum, hall, badrum, k\u00e4llare, garage osv. Det b\u00f6r skyddas mot v\u00e4derp\u00e5verkan som sol, regn och vind s\u00e5 att du kan ha gl\u00e4dje av det l\u00e4nge.  Produktdetaljer: &#8211; M\u00e5tt: 96 x 96 x 31,5 cm (B x H x D) &#8211; Totalvolym: 243 L &#8211; Volym per kub: 27 L &#8211; Material: PP-plast (skiva), ABS-plast (kopplingsdel), tr\u00e5dgaller &#8211; F\u00e4rg: svart &#8211; Max. belastningskapacitet f\u00f6r varje fack: 10 kg &#8211; Bruttovikt: 6,7 kg &#8211; Nettovikt: 7,2 kg Leveransomfattning &#8211; 34 x tr\u00e5dgaller (30 x 30 cm) &#8211; 6 x PP-skiva (30 x 30 cm) &#8211; 34 x plastkoppling &#8211; 1 x gummiklubba (175 g) &#8211; 2 x tippskydd &#8211; 1 x bruksanvisning (DE, EN, FR, IT, ES) Anm\u00e4rkningar:  &#8211; Tr\u00e5dhyllan \u00e4r inte avsedd att st\u00e5 utomhus under l\u00e4ngre tid. &#8211; Kopplingarnas runda yta m\u00e5ste alltid vara v\u00e4nd ut\u00e5t. &#8211; Plattorna m\u00e5ste s\u00e4ttas in i slitsarna \u00e4nda till slutet. Det \u00e4r viktigt att de passar perfekt, annars kan hyllan bli skev.<\/p>\n","protected":false},"excerpt":{"rendered":"<p>SONGMICS hyllsystem, plugghylla, kan st\u00e4llas upp individuellt, 9 fack, svart, av tr\u00e5dgaller, 93 x 31 x 93 cm (B x H x D) LPI115H<\/p>\n","protected":false},"featured_media":43215,"comment_status":"open","ping_status":"closed","template":"","meta":[],"product_brand":[],"product_cat":[33],"product_tag":[],"class_list":{"0":"post-15402","1":"product","2":"type-product","3":"status-publish","4":"has-post-thumbnail","6":"product_cat-okategoriserad","8":"first","9":"instock","10":"shipping-taxable","11":"purchasable","12":"product-type-simple"},"_links":{"self":[{"href":"https:\/\/nordicmart.andreevmaster.com\/sv\/wp-json\/wp\/v2\/product\/15402","targetHints":{"allow":["GET"]}}],"collection":[{"href":"https:\/\/nordicmart.andreevmaster.com\/sv\/wp-json\/wp\/v2\/product"}],"about":[{"href":"https:\/\/nordicmart.andreevmaster.com\/sv\/wp-json\/wp\/v2\/types\/product"}],"replies":[{"embeddable":true,"href":"https:\/\/nordicmart.andreevmaster.com\/sv\/wp-json\/wp\/v2\/comments?post=15402"}],"wp:featuredmedia":[{"embeddable":true,"href":"https:\/\/nordicmart.andreevmaster.com\/sv\/wp-json\/wp\/v2\/media\/43215"}],"wp:attachment":[{"href":"https:\/\/nordicmart.andreevmaster.com\/sv\/wp-json\/wp\/v2\/media?parent=15402"}],"wp:term":[{"taxonomy":"product_brand","embeddable":true,"href":"https:\/\/nordicmart.andreevmaster.com\/sv\/wp-json\/wp\/v2\/product_brand?post=15402"},{"taxonomy":"product_cat","embeddable":true,"href":"https:\/\/nordicmart.andreevmaster.com\/sv\/wp-json\/wp\/v2\/product_cat?post=15402"},{"taxonomy":"product_tag","embeddable":true,"href":"https:\/\/nordicmart.andreevmaster.com\/sv\/wp-json\/wp\/v2\/product_tag?post=15402"}],"curies":[{"name":"wp","href":"https:\/\/api.w.org\/{rel}","templated":true}]}}