{"id":15401,"date":"2026-02-27T00:26:08","date_gmt":"2026-02-27T00:26:08","guid":{"rendered":"https:\/\/nordicmart.andreevmaster.com\/product\/songmics-plugghylla-6-gallerkuber-vit\/"},"modified":"2026-02-27T08:17:32","modified_gmt":"2026-02-27T08:17:32","slug":"songmics-plugghylla-6-gallerkuber-vit","status":"publish","type":"product","link":"https:\/\/nordicmart.andreevmaster.com\/sv\/produkt\/songmics-plugghylla-6-gallerkuber-vit\/","title":{"rendered":"SONGMICS plugghylla 6 gallerkuber vit"},"content":{"rendered":"<p>Produktbeskrivning: Allt som f\u00e5r plats &#8230; Anv\u00e4nd v\u00e5rt plugghyllsystem f\u00f6r dina kl\u00e4der, skor, kontorsartiklar, b\u00f6cker, tidningar och mycket mer &#8230; Du har 6 fack till ditt f\u00f6rfogande och PP-plattor som kan skjutas in som botten. S\u00e5 kan du sj\u00e4lv best\u00e4mma vilket fack som ska ha botten och vilken kub som bara ska best\u00e5 av ett tr\u00e5dgaller. Var det kan placeras &#8230; Med detta gallerst\u00e4ll har du ett st\u00e4ll f\u00f6r varje rum. Det \u00e4r mycket diskret och passar enkelt in i alla rum: vardagsrum, sovrum, barnrum, hall, badrum, k\u00e4llare, garage osv. Det b\u00f6r skyddas mot v\u00e4derp\u00e5verkan som sol, regn och vind s\u00e5 att du kan ha gl\u00e4dje av det l\u00e4nge.  Hur det monteras &#8230; En detaljerad monteringsanvisning medf\u00f6ljer naturligtvis (p\u00e5 5 spr\u00e5k). Kort f\u00f6rklarat: Du kopplar ihop tr\u00e5dgallren med plastkopplingar. En s\u00e5dan koppling monteras i varje h\u00f6rn och gallren och plattorna skjuts enkelt in. Det \u00e4r viktigt att se till att allt \u00e4r ordentligt sammankopplat och att gallren \u00e4r &#8221;fastl\u00e5sta&#8221; s\u00e5 att ingenting kan f\u00f6rskjutas.  Produktdetaljer: -F\u00e4rg: vit -Material: PP-plast (platta), ABS-plast (kopplingsdel), tr\u00e5dgaller -M\u00e5tt: 96 x 96 x 31,5 cm (B x H x D) -Max. belastningskapacitet f\u00f6r varje fack: 10 kg -Nettovikt: 4,8 kg -Volym f\u00f6r varje kub: 27 L Leveransomfattning: -24 x vit tr\u00e5dgaller (30 x 30 cm) -6 x vit PP-skiva (30 x 30 cm) &#8211; 26 x vit plastkoppling -1 x gummihammare (175 g) -2 x tippskydd -1 x bruksanvisning (DE, EN, FR, IT, ES)<\/p>\n","protected":false},"excerpt":{"rendered":"<p>SONGMICS plugghylla av tr\u00e5dgaller, kan st\u00e4llas upp individuellt, Cube Sideboard hyllsk\u00e5p 63 x 31 x 93 cm svart LPI111H<\/p>\n","protected":false},"featured_media":43214,"comment_status":"open","ping_status":"closed","template":"","meta":[],"product_brand":[],"product_cat":[33],"product_tag":[],"class_list":{"0":"post-15401","1":"product","2":"type-product","3":"status-publish","4":"has-post-thumbnail","6":"product_cat-okategoriserad","8":"first","9":"instock","10":"shipping-taxable","11":"purchasable","12":"product-type-simple"},"_links":{"self":[{"href":"https:\/\/nordicmart.andreevmaster.com\/sv\/wp-json\/wp\/v2\/product\/15401","targetHints":{"allow":["GET"]}}],"collection":[{"href":"https:\/\/nordicmart.andreevmaster.com\/sv\/wp-json\/wp\/v2\/product"}],"about":[{"href":"https:\/\/nordicmart.andreevmaster.com\/sv\/wp-json\/wp\/v2\/types\/product"}],"replies":[{"embeddable":true,"href":"https:\/\/nordicmart.andreevmaster.com\/sv\/wp-json\/wp\/v2\/comments?post=15401"}],"wp:featuredmedia":[{"embeddable":true,"href":"https:\/\/nordicmart.andreevmaster.com\/sv\/wp-json\/wp\/v2\/media\/43214"}],"wp:attachment":[{"href":"https:\/\/nordicmart.andreevmaster.com\/sv\/wp-json\/wp\/v2\/media?parent=15401"}],"wp:term":[{"taxonomy":"product_brand","embeddable":true,"href":"https:\/\/nordicmart.andreevmaster.com\/sv\/wp-json\/wp\/v2\/product_brand?post=15401"},{"taxonomy":"product_cat","embeddable":true,"href":"https:\/\/nordicmart.andreevmaster.com\/sv\/wp-json\/wp\/v2\/product_cat?post=15401"},{"taxonomy":"product_tag","embeddable":true,"href":"https:\/\/nordicmart.andreevmaster.com\/sv\/wp-json\/wp\/v2\/product_tag?post=15401"}],"curies":[{"name":"wp","href":"https:\/\/api.w.org\/{rel}","templated":true}]}}