{"id":15400,"date":"2026-02-27T00:26:07","date_gmt":"2026-02-27T00:26:07","guid":{"rendered":"https:\/\/nordicmart.andreevmaster.com\/product\/songmics-plugghylla-6-gallerkuber-svart\/"},"modified":"2026-02-27T08:17:32","modified_gmt":"2026-02-27T08:17:32","slug":"songmics-plugghylla-6-gallerkuber-svart","status":"publish","type":"product","link":"https:\/\/nordicmart.andreevmaster.com\/sv\/produkt\/songmics-plugghylla-6-gallerkuber-svart\/","title":{"rendered":"SONGMICS plugghylla 6 gallerkuber svart"},"content":{"rendered":"<p>Produktbeskrivning: Allt som f\u00e5r plats &#8230; Anv\u00e4nd v\u00e5rt plugghyllsystem f\u00f6r dina kl\u00e4der, skor, kontorsartiklar, b\u00f6cker, tidningar och mycket mer &#8230; Du har 6 fack till ditt f\u00f6rfogande och PP-plattor som kan skjutas in som botten. P\u00e5 s\u00e5 s\u00e4tt kan du sj\u00e4lv best\u00e4mma vilket fack som ska ha en botten och vilken kub som bara ska best\u00e5 av ett tr\u00e5dgaller. Var det kan placeras &#8230; Med detta gallerst\u00e4ll har du ett st\u00e4ll f\u00f6r varje rum. Det \u00e4r mycket diskret och passar enkelt in i alla rum: vardagsrum, sovrum, barnrum, hall, badrum, k\u00e4llare, garage osv. Det b\u00f6r skyddas mot v\u00e4derp\u00e5verkan som sol, regn och vind s\u00e5 att du kan ha gl\u00e4dje av det l\u00e4nge.  F\u00f6redrar du n\u00e5got mer originellt (och bryr dig inte om eventuella skador p\u00e5 grund av regn, sol, vind och kontakt med marken?), kan du ocks\u00e5 anv\u00e4nda gallerhyllan som kl\u00e4tterhylla (utan PP-plattor). F\u00e4st hyllan ordentligt i marken med t\u00e4ltpinnar och se till att den st\u00e5r stadigt och eventuellt f\u00e4st de enskilda hylldelarna ytterligare med buntband (f\u00f6r vind &#038; storm) och l\u00e5t kl\u00e4tterv\u00e4xter som svart\u00f6gd susanne, vicker eller kapucinerkrasse v\u00e4xa \u00f6ver det \u2013 inuti har du fortfarande ett litet hyllplan f\u00f6r dekoration etc. (Hyllans livsl\u00e4ngd kan dock f\u00f6rkortas avsev\u00e4rt). S\u00e5 h\u00e4r monteras den &#8230; En detaljerad monteringsanvisning medf\u00f6ljer naturligtvis (p\u00e5 5 spr\u00e5k). Kort f\u00f6rklarat: Du kopplar ihop tr\u00e5dgallerna med plastkopplingar. En s\u00e5dan koppling monteras i varje h\u00f6rn och gallren och plattorna skjuts enkelt in. Det \u00e4r viktigt att se till att allt \u00e4r ordentligt sammankopplat och att gallren \u00e4r \u201dfastklickade\u201d s\u00e5 att ingenting kan vrida sig. F\u00f6r detta \u00e4ndam\u00e5l bifogar vi en gummiklubba i paketet s\u00e5 att du kan knacka fast allt ordentligt.<\/p>\n","protected":false},"excerpt":{"rendered":"<p>SONGMICS plugghylla av tr\u00e5dgaller, kan st\u00e4llas upp individuellt, Cube Sideboard hyllsk\u00e5p 63 x 31 x 93 cm svart LPI111H<\/p>\n","protected":false},"featured_media":43213,"comment_status":"open","ping_status":"closed","template":"","meta":[],"product_brand":[],"product_cat":[33],"product_tag":[],"class_list":{"0":"post-15400","1":"product","2":"type-product","3":"status-publish","4":"has-post-thumbnail","6":"product_cat-okategoriserad","8":"first","9":"instock","10":"shipping-taxable","11":"purchasable","12":"product-type-simple"},"_links":{"self":[{"href":"https:\/\/nordicmart.andreevmaster.com\/sv\/wp-json\/wp\/v2\/product\/15400","targetHints":{"allow":["GET"]}}],"collection":[{"href":"https:\/\/nordicmart.andreevmaster.com\/sv\/wp-json\/wp\/v2\/product"}],"about":[{"href":"https:\/\/nordicmart.andreevmaster.com\/sv\/wp-json\/wp\/v2\/types\/product"}],"replies":[{"embeddable":true,"href":"https:\/\/nordicmart.andreevmaster.com\/sv\/wp-json\/wp\/v2\/comments?post=15400"}],"wp:featuredmedia":[{"embeddable":true,"href":"https:\/\/nordicmart.andreevmaster.com\/sv\/wp-json\/wp\/v2\/media\/43213"}],"wp:attachment":[{"href":"https:\/\/nordicmart.andreevmaster.com\/sv\/wp-json\/wp\/v2\/media?parent=15400"}],"wp:term":[{"taxonomy":"product_brand","embeddable":true,"href":"https:\/\/nordicmart.andreevmaster.com\/sv\/wp-json\/wp\/v2\/product_brand?post=15400"},{"taxonomy":"product_cat","embeddable":true,"href":"https:\/\/nordicmart.andreevmaster.com\/sv\/wp-json\/wp\/v2\/product_cat?post=15400"},{"taxonomy":"product_tag","embeddable":true,"href":"https:\/\/nordicmart.andreevmaster.com\/sv\/wp-json\/wp\/v2\/product_tag?post=15400"}],"curies":[{"name":"wp","href":"https:\/\/api.w.org\/{rel}","templated":true}]}}