{"id":15399,"date":"2026-02-27T00:26:07","date_gmt":"2026-02-27T00:26:07","guid":{"rendered":"https:\/\/nordicmart.andreevmaster.com\/product\/songmics-bur-for-sma-djur-av-metallnat\/"},"modified":"2026-02-27T08:17:31","modified_gmt":"2026-02-27T08:17:31","slug":"songmics-bur-for-sma-djur-av-metallnat","status":"publish","type":"product","link":"https:\/\/nordicmart.andreevmaster.com\/sv\/produkt\/songmics-bur-for-sma-djur-av-metallnat\/","title":{"rendered":"SONGMICS bur f\u00f6r sm\u00e5 djur av metalln\u00e4t"},"content":{"rendered":"<p>N\u00e4r dina husdjur m\u00e5r bra kommer de att \u00f6ver\u00f6sa dig med k\u00e4rlek. Anv\u00e4nd detta 2-v\u00e5ningars bur fr\u00e5n SONGMICS f\u00f6r att ge ditt husdjur en \u00f6ppen, rymlig och \u00e4nd\u00e5 v\u00e4l skyddad lekplats. S\u00e5 k\u00e4nner din lilla p\u00e4lsboll din gunst och kan leka ut. Husdjur \u00e4r familjemedlemmar: Den bur f\u00f6r sm\u00e5 djur som vi har designat kan anpassas efter ditt husdjurs behov. Du kan s\u00e4tta ihop de 27 j\u00e4rngallren (35 x 35 cm (L x H)) och de 37 ABS-plastkopplingarna till olika former. Placera leksaker, en mysig s\u00e4ng och en sk\u00e5l med vatten i lekhagen och skapa ett kungarike f\u00f6r ditt husdjur. En s\u00e4ker zon f\u00f6r din \u00e4lskling: H\u00f6gkvalitativa ABS-kopplingar ger buren en h\u00f6g stabilitet. F\u00f6r att \u00f6ka stabiliteten ytterligare medf\u00f6ljer 50 buntband som f\u00f6rhindrar att st\u00e4ngslet faller ihop under anv\u00e4ndning.G\u00f6r din fyrbenta v\u00e4n glad med denna husdjursinh\u00e4gnad fr\u00e5n SONGMICS och ge den det hem den alltid dr\u00f6mt om!Produktdetaljer:F\u00e4rg: Svart Material: Gallerelement av j\u00e4rn, plastkopplingar Total storlek: 143 x 73 x 71 cm (L x B x H) Storlek per gallerelement: 35 x 35 cm (L x H) Vikt: 7,4 kg Max. statisk belastningskapacitet: 4 kg<\/p>\n","protected":false},"excerpt":{"rendered":"<p>SONGMICS husdjursbur 2 v\u00e5ningar, DIY-bur f\u00f6r sm\u00e5 djur med d\u00f6rr, kaninbur, kanin, marsvin, metallgaller, f\u00f6r inomhusbruk, 143 x 73 x 71 cm, svart LPI06H<\/p>\n","protected":false},"featured_media":43212,"comment_status":"open","ping_status":"closed","template":"","meta":[],"product_brand":[],"product_cat":[33],"product_tag":[],"class_list":{"0":"post-15399","1":"product","2":"type-product","3":"status-publish","4":"has-post-thumbnail","6":"product_cat-okategoriserad","8":"first","9":"instock","10":"shipping-taxable","11":"purchasable","12":"product-type-simple"},"_links":{"self":[{"href":"https:\/\/nordicmart.andreevmaster.com\/sv\/wp-json\/wp\/v2\/product\/15399","targetHints":{"allow":["GET"]}}],"collection":[{"href":"https:\/\/nordicmart.andreevmaster.com\/sv\/wp-json\/wp\/v2\/product"}],"about":[{"href":"https:\/\/nordicmart.andreevmaster.com\/sv\/wp-json\/wp\/v2\/types\/product"}],"replies":[{"embeddable":true,"href":"https:\/\/nordicmart.andreevmaster.com\/sv\/wp-json\/wp\/v2\/comments?post=15399"}],"wp:featuredmedia":[{"embeddable":true,"href":"https:\/\/nordicmart.andreevmaster.com\/sv\/wp-json\/wp\/v2\/media\/43212"}],"wp:attachment":[{"href":"https:\/\/nordicmart.andreevmaster.com\/sv\/wp-json\/wp\/v2\/media?parent=15399"}],"wp:term":[{"taxonomy":"product_brand","embeddable":true,"href":"https:\/\/nordicmart.andreevmaster.com\/sv\/wp-json\/wp\/v2\/product_brand?post=15399"},{"taxonomy":"product_cat","embeddable":true,"href":"https:\/\/nordicmart.andreevmaster.com\/sv\/wp-json\/wp\/v2\/product_cat?post=15399"},{"taxonomy":"product_tag","embeddable":true,"href":"https:\/\/nordicmart.andreevmaster.com\/sv\/wp-json\/wp\/v2\/product_tag?post=15399"}],"curies":[{"name":"wp","href":"https:\/\/api.w.org\/{rel}","templated":true}]}}