{"id":15398,"date":"2026-02-27T00:26:07","date_gmt":"2026-02-27T00:26:07","guid":{"rendered":"https:\/\/nordicmart.andreevmaster.com\/product\/feandrea-utomhusbur-for-sma-djur\/"},"modified":"2026-02-27T08:17:31","modified_gmt":"2026-02-27T08:17:31","slug":"feandrea-utomhusbur-for-sma-djur","status":"publish","type":"product","link":"https:\/\/nordicmart.andreevmaster.com\/sv\/produkt\/feandrea-utomhusbur-for-sma-djur\/","title":{"rendered":"Feandrea utomhusbur f\u00f6r sm\u00e5 djur"},"content":{"rendered":"<p>Slitstark och djurv\u00e4nlig: Denna bur f\u00f6r marsvin i metalltr\u00e5d \u00e4r utrustad med en slitstark Oxford-underlag och erbjuder din lilla kompis en idealisk plats att leka, uppt\u00e4cka, springa och leka p\u00e5. Oxford-tyget \u00e4r vattent\u00e4tt och l\u00e4tt att reng\u00f6ra med en trasa. Utomhusbur och bur i ett: \u00c4ven om denna kaninbur \u00e4r mycket rymlig (123 x 63 x 61 cm) har den \u00e4nd\u00e5 de vanliga egenskaperna hos en bur: 2 gallerplattor st\u00e4nger in buren upptill s\u00e5 att din kanin eller marsvin inte kan rymma. \u00d6ppna de tv\u00e5 d\u00f6rrarna om du vill ge din \u00e4lskling lite mer r\u00f6relsefrihet. V\u00e4lutrustad med en s\u00e4ng, en h\u00e4ngmatta eller ett hus kanske din p\u00e4lsboll hellre vill stanna hemma. Produktdetaljer:F\u00e4rg: Svart Material: Oxfordtyg, gallerelement av j\u00e4rn, ABS-plastkopplingar Total storlek: 123 x 63 x 61 cm (L x B x H) Storlek tygunderlag: 122 x 61 x 9 cm (L x B x H) Storlek per d\u00f6rr: 25 x 25 cm Vikt: 4,8 kg<\/p>\n","protected":false},"excerpt":{"rendered":"<p>Feandrea rastg\u00e5rd, marsvinsbur, utomhusbur f\u00f6r kaniner med vattent\u00e4t underlag och 2 d\u00f6rrar, DIY-rastg\u00e5rd av metall, inomhusbur f\u00f6r sm\u00e5 djur, 123 x 63 x 61 cm svart LPI05H<\/p>\n","protected":false},"featured_media":43211,"comment_status":"open","ping_status":"closed","template":"","meta":[],"product_brand":[],"product_cat":[33],"product_tag":[],"class_list":{"0":"post-15398","1":"product","2":"type-product","3":"status-publish","4":"has-post-thumbnail","6":"product_cat-okategoriserad","8":"first","9":"instock","10":"shipping-taxable","11":"purchasable","12":"product-type-simple"},"_links":{"self":[{"href":"https:\/\/nordicmart.andreevmaster.com\/sv\/wp-json\/wp\/v2\/product\/15398","targetHints":{"allow":["GET"]}}],"collection":[{"href":"https:\/\/nordicmart.andreevmaster.com\/sv\/wp-json\/wp\/v2\/product"}],"about":[{"href":"https:\/\/nordicmart.andreevmaster.com\/sv\/wp-json\/wp\/v2\/types\/product"}],"replies":[{"embeddable":true,"href":"https:\/\/nordicmart.andreevmaster.com\/sv\/wp-json\/wp\/v2\/comments?post=15398"}],"wp:featuredmedia":[{"embeddable":true,"href":"https:\/\/nordicmart.andreevmaster.com\/sv\/wp-json\/wp\/v2\/media\/43211"}],"wp:attachment":[{"href":"https:\/\/nordicmart.andreevmaster.com\/sv\/wp-json\/wp\/v2\/media?parent=15398"}],"wp:term":[{"taxonomy":"product_brand","embeddable":true,"href":"https:\/\/nordicmart.andreevmaster.com\/sv\/wp-json\/wp\/v2\/product_brand?post=15398"},{"taxonomy":"product_cat","embeddable":true,"href":"https:\/\/nordicmart.andreevmaster.com\/sv\/wp-json\/wp\/v2\/product_cat?post=15398"},{"taxonomy":"product_tag","embeddable":true,"href":"https:\/\/nordicmart.andreevmaster.com\/sv\/wp-json\/wp\/v2\/product_tag?post=15398"}],"curies":[{"name":"wp","href":"https:\/\/api.w.org\/{rel}","templated":true}]}}