{"id":15397,"date":"2026-02-27T00:26:06","date_gmt":"2026-02-27T00:26:06","guid":{"rendered":"https:\/\/nordicmart.andreevmaster.com\/product\/songmics-diy-bur-32-metallgallerplattor\/"},"modified":"2026-02-27T08:17:31","modified_gmt":"2026-02-27T08:17:31","slug":"songmics-diy-bur-32-metallgallerplattor","status":"publish","type":"product","link":"https:\/\/nordicmart.andreevmaster.com\/sv\/produkt\/songmics-diy-bur-32-metallgallerplattor\/","title":{"rendered":"SONGMICS DIY-bur 32 metallgallerplattor"},"content":{"rendered":"<p>Flexibel bur f\u00f6r sm\u00e5 djur och valpar Metallgallren kan monteras flexibelt (vinkeln mellan tv\u00e5 pl\u00e5tar kan dock endast fixeras i 90\u00b0 eller 180\u00b0 vinkel). Du kan bygga en st\u00f6rre bur med l\u00e5g h\u00f6jd eller f\u00f6rdubbla h\u00f6jden genom att minska grundytan och stapla gallren p\u00e5 varandra. Praktiskt Buren kan snabbt och enkelt byggas upp f\u00f6r olika sm\u00e5 djur. P\u00e5 s\u00e5 s\u00e4tt kan du observera dina husdjur fr\u00e5n alla sidor och h\u00e5lla ett \u00f6ga p\u00e5 de sm\u00e5 rackarna. Enkel men s\u00e4ker bur Djurburen \u00e4r visserligen enkelt utformad, men erbjuder alla fyrbenta inv\u00e5nare en h\u00f6g grad av s\u00e4kerhet. De halkfria golvglidarna kan f\u00e4stas som f\u00f6tter p\u00e5 undersidan av buren. Detta f\u00f6rhindrar att buren glider p\u00e5 sl\u00e4ta golv. Dessutom medf\u00f6ljer 100 buntband f\u00f6r att f\u00e4sta metallgallren stabilt. P\u00e5 s\u00e5 s\u00e4tt kan du enkelt och s\u00e4kert flytta buren fr\u00e5n en plats till en annan. Produktdetaljer: &#8211; F\u00e4rg: svart &#8211; Material: metallgaller, ABS-plastkopplingar &#8211; Produktstorlek: 73 x 73 x 90 cm (B x D x H) &#8211; Vikt: 7,9 kg Leveransomfattning:- 20 x metallgallerplatta 35 x 35 cm &#8211; 12 x metallgallerplatta 35 x 17 cm &#8211; 42 x ABS-plastkopplingar &#8211; 100 x kabelband &#8211; 9 x golvglidare &#8211; 1 x gummiklubba 175 g &#8211; 1 x bruksanvisning (DE, EN, FR, ES, IT) SONGMICS Anm\u00e4rkningar: &#8211; S\u00e4tt dig inte p\u00e5 produkten och h\u00e5ll den borta fr\u00e5n eld och v\u00e4rmek\u00e4llor. Anv\u00e4nd inte produkten utomhus under l\u00e4ngre tid. &#8211; Se till att plattans h\u00f6rn skjuts in helt i kopplingarnas undersida vid montering f\u00f6r att \u00f6ka s\u00e4kerheten. &#8211; Koppla ihop tv\u00e5 metallgallerplattor bredvid varandra med 2 kabelband. &#8211; Anv\u00e4nd golvglidarna f\u00f6r att g\u00f6ra lekhagen halkfri.<\/p>\n","protected":false},"excerpt":{"rendered":"<p>SONGMICS metallbur f\u00f6r sm\u00e5 djur, utbyggbar, DIY, med bottenplattor, utomhusbur, lekhage f\u00f6r husdjur, marsvin, valpar, kaniner, inomhusbruk LPI03H<\/p>\n","protected":false},"featured_media":43210,"comment_status":"open","ping_status":"closed","template":"","meta":[],"product_brand":[],"product_cat":[33],"product_tag":[],"class_list":{"0":"post-15397","1":"product","2":"type-product","3":"status-publish","4":"has-post-thumbnail","6":"product_cat-okategoriserad","8":"first","9":"instock","10":"shipping-taxable","11":"purchasable","12":"product-type-simple"},"_links":{"self":[{"href":"https:\/\/nordicmart.andreevmaster.com\/sv\/wp-json\/wp\/v2\/product\/15397","targetHints":{"allow":["GET"]}}],"collection":[{"href":"https:\/\/nordicmart.andreevmaster.com\/sv\/wp-json\/wp\/v2\/product"}],"about":[{"href":"https:\/\/nordicmart.andreevmaster.com\/sv\/wp-json\/wp\/v2\/types\/product"}],"replies":[{"embeddable":true,"href":"https:\/\/nordicmart.andreevmaster.com\/sv\/wp-json\/wp\/v2\/comments?post=15397"}],"wp:featuredmedia":[{"embeddable":true,"href":"https:\/\/nordicmart.andreevmaster.com\/sv\/wp-json\/wp\/v2\/media\/43210"}],"wp:attachment":[{"href":"https:\/\/nordicmart.andreevmaster.com\/sv\/wp-json\/wp\/v2\/media?parent=15397"}],"wp:term":[{"taxonomy":"product_brand","embeddable":true,"href":"https:\/\/nordicmart.andreevmaster.com\/sv\/wp-json\/wp\/v2\/product_brand?post=15397"},{"taxonomy":"product_cat","embeddable":true,"href":"https:\/\/nordicmart.andreevmaster.com\/sv\/wp-json\/wp\/v2\/product_cat?post=15397"},{"taxonomy":"product_tag","embeddable":true,"href":"https:\/\/nordicmart.andreevmaster.com\/sv\/wp-json\/wp\/v2\/product_tag?post=15397"}],"curies":[{"name":"wp","href":"https:\/\/api.w.org\/{rel}","templated":true}]}}