{"id":15395,"date":"2026-02-27T00:26:06","date_gmt":"2026-02-27T00:26:06","guid":{"rendered":"https:\/\/nordicmart.andreevmaster.com\/product\/songmics-gallerbur-for-sma-djur-36-galler\/"},"modified":"2026-02-27T08:17:31","modified_gmt":"2026-02-27T08:17:31","slug":"songmics-gallerbur-for-sma-djur-36-galler","status":"publish","type":"product","link":"https:\/\/nordicmart.andreevmaster.com\/sv\/produkt\/songmics-gallerbur-for-sma-djur-36-galler\/","title":{"rendered":"SONGMICS gallerbur f\u00f6r sm\u00e5 djur 36 galler"},"content":{"rendered":"<p>Flexibelt gallerbur f\u00f6r sm\u00e5 djur  De 36 gallerplattorna kan monteras individuellt. P\u00e5 s\u00e5 s\u00e4tt kan du bygga ett extremt stort bur med l\u00e5g h\u00f6jd eller koppla ihop ett gallerbur med tv\u00e5 niv\u00e5er. Plattorna har en storlek p\u00e5 35 x 35 cm.  Flexibel och anv\u00e4ndbar Gallerburarna kan monteras enkelt och snabbt och kan anv\u00e4ndas f\u00f6r olika sm\u00e5 djur. Du kan observera dina husdjur fr\u00e5n alla vinklar och alltid h\u00e5lla ett \u00f6ga p\u00e5 de sm\u00e5 rackarna.  Mer s\u00e4kerhet trots enkel gallerbur \u00c4ven om gallerburarna ser enkla ut \u00e4r de s\u00e4kra f\u00f6r b\u00e5de m\u00e4nniskor och djur. De medf\u00f6ljande halkskyddsmattorna kan klistras fast p\u00e5 kopplingsdelarna, som anv\u00e4nds som golvf\u00f6tter. P\u00e5 s\u00e5 s\u00e4tt glider inte gallret iv\u00e4g \u00e4ven p\u00e5 hala golv som parkett eller PVC. Dessutom medf\u00f6ljer 100 buntband f\u00f6r att f\u00e4sta ihop de enskilda panelerna \u00e4nnu stabilare. P\u00e5 s\u00e5 s\u00e4tt kan du ocks\u00e5 b\u00e4ra buren s\u00e4kert och enkelt fr\u00e5n en plats till en annan. Produktdetaljer: &#8211; F\u00e4rg: svart &#8211; Material: ABS + metalltr\u00e5d &#8211; M\u00e5tt: 143 x 71 x 73 cm (B x H x D) &#8211; Nettovikt: 8,6 kg  Leveransomfattning: &#8211; 36 x tr\u00e5dgaller 35 x 35 cm &#8211; 40 x ABS-plastkopplingar &#8211; 100 x kabelbindare &#8211; 12 x halkskyddsmattor &#8211; 1 x j\u00e4rnhammare 175 g &#8211; 1 x bruksanvisning (DE, EN, FR, ES, IT) <\/p>\n","protected":false},"excerpt":{"rendered":"<p>SONGMICS gallerbur, 36 plattor, 2 v\u00e5ningar, 143 x 71 x 73 cm, bur f\u00f6r sm\u00e5 djur och marsvin, inkl. gummihammare, f\u00f6r inomhusbruk, justerbar, kan monteras individuellt, svart LPI02H<\/p>\n","protected":false},"featured_media":43208,"comment_status":"open","ping_status":"closed","template":"","meta":[],"product_brand":[],"product_cat":[33],"product_tag":[],"class_list":{"0":"post-15395","1":"product","2":"type-product","3":"status-publish","4":"has-post-thumbnail","6":"product_cat-okategoriserad","8":"first","9":"instock","10":"shipping-taxable","11":"purchasable","12":"product-type-simple"},"_links":{"self":[{"href":"https:\/\/nordicmart.andreevmaster.com\/sv\/wp-json\/wp\/v2\/product\/15395","targetHints":{"allow":["GET"]}}],"collection":[{"href":"https:\/\/nordicmart.andreevmaster.com\/sv\/wp-json\/wp\/v2\/product"}],"about":[{"href":"https:\/\/nordicmart.andreevmaster.com\/sv\/wp-json\/wp\/v2\/types\/product"}],"replies":[{"embeddable":true,"href":"https:\/\/nordicmart.andreevmaster.com\/sv\/wp-json\/wp\/v2\/comments?post=15395"}],"wp:featuredmedia":[{"embeddable":true,"href":"https:\/\/nordicmart.andreevmaster.com\/sv\/wp-json\/wp\/v2\/media\/43208"}],"wp:attachment":[{"href":"https:\/\/nordicmart.andreevmaster.com\/sv\/wp-json\/wp\/v2\/media?parent=15395"}],"wp:term":[{"taxonomy":"product_brand","embeddable":true,"href":"https:\/\/nordicmart.andreevmaster.com\/sv\/wp-json\/wp\/v2\/product_brand?post=15395"},{"taxonomy":"product_cat","embeddable":true,"href":"https:\/\/nordicmart.andreevmaster.com\/sv\/wp-json\/wp\/v2\/product_cat?post=15395"},{"taxonomy":"product_tag","embeddable":true,"href":"https:\/\/nordicmart.andreevmaster.com\/sv\/wp-json\/wp\/v2\/product_tag?post=15395"}],"curies":[{"name":"wp","href":"https:\/\/api.w.org\/{rel}","templated":true}]}}