{"id":15393,"date":"2026-02-27T00:26:05","date_gmt":"2026-02-27T00:26:05","guid":{"rendered":"https:\/\/nordicmart.andreevmaster.com\/product\/songmics-bur-for-sma-djur-102-x-51-x-51-cm-med-2-dorrar-xl\/"},"modified":"2026-02-27T08:17:30","modified_gmt":"2026-02-27T08:17:30","slug":"songmics-bur-for-sma-djur-102-x-51-x-51-cm-med-2-dorrar-xl","status":"publish","type":"product","link":"https:\/\/nordicmart.andreevmaster.com\/sv\/produkt\/songmics-bur-for-sma-djur-102-x-51-x-51-cm-med-2-dorrar-xl\/","title":{"rendered":"SONGMICS bur f\u00f6r sm\u00e5 djur 102 x 51 x 51 cm med 2 d\u00f6rrar XL"},"content":{"rendered":"<p>SONGMICS bur f\u00f6r sm\u00e5 djur, hamsterbur, bur f\u00f6r husdjur, XL, lekhage, utrymme med tak och golv, d\u00f6rrar med 2 krokar, l\u00e4tt att reng\u00f6ra, 102 x 51 x 51 cm<br \/>\nF\u00e4rg: Svart<br \/>\nMaterial: st\u00e5l, PP-plast<br \/>\nStorlek: 102 x 51 x 51 cm (L x B x H)<br \/>\nVikt: 4,3 kg<\/p>\n","protected":false},"excerpt":{"rendered":"<p>SONGMICS bur f\u00f6r sm\u00e5 djur, hamsterbur, bur f\u00f6r husdjur, XL, lekhage, utrymme med tak och golv, d\u00f6rrar med 2 krokar, l\u00e4tt att reng\u00f6ra, 102 x 51 x 51 cm<\/p>\n","protected":false},"featured_media":43206,"comment_status":"open","ping_status":"closed","template":"","meta":[],"product_brand":[],"product_cat":[33],"product_tag":[],"class_list":{"0":"post-15393","1":"product","2":"type-product","3":"status-publish","4":"has-post-thumbnail","6":"product_cat-okategoriserad","8":"first","9":"instock","10":"shipping-taxable","11":"purchasable","12":"product-type-simple"},"_links":{"self":[{"href":"https:\/\/nordicmart.andreevmaster.com\/sv\/wp-json\/wp\/v2\/product\/15393","targetHints":{"allow":["GET"]}}],"collection":[{"href":"https:\/\/nordicmart.andreevmaster.com\/sv\/wp-json\/wp\/v2\/product"}],"about":[{"href":"https:\/\/nordicmart.andreevmaster.com\/sv\/wp-json\/wp\/v2\/types\/product"}],"replies":[{"embeddable":true,"href":"https:\/\/nordicmart.andreevmaster.com\/sv\/wp-json\/wp\/v2\/comments?post=15393"}],"wp:featuredmedia":[{"embeddable":true,"href":"https:\/\/nordicmart.andreevmaster.com\/sv\/wp-json\/wp\/v2\/media\/43206"}],"wp:attachment":[{"href":"https:\/\/nordicmart.andreevmaster.com\/sv\/wp-json\/wp\/v2\/media?parent=15393"}],"wp:term":[{"taxonomy":"product_brand","embeddable":true,"href":"https:\/\/nordicmart.andreevmaster.com\/sv\/wp-json\/wp\/v2\/product_brand?post=15393"},{"taxonomy":"product_cat","embeddable":true,"href":"https:\/\/nordicmart.andreevmaster.com\/sv\/wp-json\/wp\/v2\/product_cat?post=15393"},{"taxonomy":"product_tag","embeddable":true,"href":"https:\/\/nordicmart.andreevmaster.com\/sv\/wp-json\/wp\/v2\/product_tag?post=15393"}],"curies":[{"name":"wp","href":"https:\/\/api.w.org\/{rel}","templated":true}]}}