{"id":15391,"date":"2026-02-27T00:26:05","date_gmt":"2026-02-27T00:26:05","guid":{"rendered":"https:\/\/nordicmart.andreevmaster.com\/product\/songmics-diy-bur-for-sma-djur-i-metall-123-x-63-x-41-cm-vit\/"},"modified":"2026-02-27T08:17:30","modified_gmt":"2026-02-27T08:17:30","slug":"songmics-diy-bur-for-sma-djur-i-metall-123-x-63-x-41-cm-vit","status":"publish","type":"product","link":"https:\/\/nordicmart.andreevmaster.com\/sv\/produkt\/songmics-diy-bur-for-sma-djur-i-metall-123-x-63-x-41-cm-vit\/","title":{"rendered":"SONGMICS DIY-bur f\u00f6r sm\u00e5 djur i metall 123 x 63 x 41 cm vit"},"content":{"rendered":"<p>SONGMICS Gallerbur f\u00f6r sm\u00e5 djur, bur f\u00f6r marsvin, gallerbur f\u00f6r inomhusbruk, DIY, inkl. gummihammare, 143 x 73 x 46 cm, svart LPI01H<br \/>\nF\u00e4rg: Vit<br \/>\nMaterial: Metallgallerelement, ABS-plastkopplingar<br \/>\nTotal storlek: 123 x 63 x 41 cm (L x B x H)<br \/>\nVikt: 3,8 kg<\/p>\n","protected":false},"excerpt":{"rendered":"<p>SONGMICS Gallerbur f\u00f6r sm\u00e5 djur, bur f\u00f6r marsvin, gallerbur f\u00f6r inomhusbruk, DIY, inkl. gummihammare, 143 x 73 x 46 cm, svart LPI01H<\/p>\n","protected":false},"featured_media":43204,"comment_status":"open","ping_status":"closed","template":"","meta":[],"product_brand":[],"product_cat":[33],"product_tag":[],"class_list":{"0":"post-15391","1":"product","2":"type-product","3":"status-publish","4":"has-post-thumbnail","6":"product_cat-okategoriserad","8":"first","9":"instock","10":"shipping-taxable","11":"purchasable","12":"product-type-simple"},"_links":{"self":[{"href":"https:\/\/nordicmart.andreevmaster.com\/sv\/wp-json\/wp\/v2\/product\/15391","targetHints":{"allow":["GET"]}}],"collection":[{"href":"https:\/\/nordicmart.andreevmaster.com\/sv\/wp-json\/wp\/v2\/product"}],"about":[{"href":"https:\/\/nordicmart.andreevmaster.com\/sv\/wp-json\/wp\/v2\/types\/product"}],"replies":[{"embeddable":true,"href":"https:\/\/nordicmart.andreevmaster.com\/sv\/wp-json\/wp\/v2\/comments?post=15391"}],"wp:featuredmedia":[{"embeddable":true,"href":"https:\/\/nordicmart.andreevmaster.com\/sv\/wp-json\/wp\/v2\/media\/43204"}],"wp:attachment":[{"href":"https:\/\/nordicmart.andreevmaster.com\/sv\/wp-json\/wp\/v2\/media?parent=15391"}],"wp:term":[{"taxonomy":"product_brand","embeddable":true,"href":"https:\/\/nordicmart.andreevmaster.com\/sv\/wp-json\/wp\/v2\/product_brand?post=15391"},{"taxonomy":"product_cat","embeddable":true,"href":"https:\/\/nordicmart.andreevmaster.com\/sv\/wp-json\/wp\/v2\/product_cat?post=15391"},{"taxonomy":"product_tag","embeddable":true,"href":"https:\/\/nordicmart.andreevmaster.com\/sv\/wp-json\/wp\/v2\/product_tag?post=15391"}],"curies":[{"name":"wp","href":"https:\/\/api.w.org\/{rel}","templated":true}]}}