{"id":15388,"date":"2026-02-27T00:26:04","date_gmt":"2026-02-27T00:26:04","guid":{"rendered":"https:\/\/nordicmart.andreevmaster.com\/product\/songmics-hyllsystem-kubhylla-med-16-kuber-dorrar\/"},"modified":"2026-02-27T08:17:29","modified_gmt":"2026-02-27T08:17:29","slug":"songmics-hyllsystem-kubhylla-med-16-kuber-dorrar","status":"publish","type":"product","link":"https:\/\/nordicmart.andreevmaster.com\/sv\/produkt\/songmics-hyllsystem-kubhylla-med-16-kuber-dorrar\/","title":{"rendered":"SONGMICS hyllsystem, kubhylla med 16 kuber, d\u00f6rrar"},"content":{"rendered":"<p>SONGMICS hyllsystem med 16 kuber, f\u00f6rvaringssk\u00e5p f\u00f6r barn, kl\u00e4dsk\u00e5p med d\u00f6rrar, skohylla i plast, plugghylla, multifunktionell, skor, leksaker, 123 x 31 x 123 cm, vit LPC906W01<br \/>\nSpecifikationer:<br \/>\n&#8211; M\u00e5tt: 123 x 31 x 123 cm (L x B x H)<br \/>\n&#8211; M\u00e5tt per plastskiva: 30 x 30 cm<br \/>\n&#8211; Vikt: 10,5 kg<br \/>\n&#8211; Max. statisk b\u00e4rf\u00f6rm\u00e5ga per kub: 10 kg<br \/>\n&#8211; F\u00e4rg: Rosa<br \/>\n&#8211; Material: PP-plastplattor med metallram, ABS-plastkopplingar<\/p>\n","protected":false},"excerpt":{"rendered":"<p>SONGMICS hyllsystem med 16 kuber, f\u00f6rvaringssk\u00e5p f\u00f6r barn, kl\u00e4dsk\u00e5p med d\u00f6rrar, skohylla i plast, plugghylla, multifunktionell, skor, leksaker, 123 x 31 x 123 cm, vit LPC906W01<\/p>\n","protected":false},"featured_media":43201,"comment_status":"open","ping_status":"closed","template":"","meta":[],"product_brand":[],"product_cat":[33],"product_tag":[],"class_list":{"0":"post-15388","1":"product","2":"type-product","3":"status-publish","4":"has-post-thumbnail","6":"product_cat-okategoriserad","8":"first","9":"instock","10":"shipping-taxable","11":"purchasable","12":"product-type-simple"},"_links":{"self":[{"href":"https:\/\/nordicmart.andreevmaster.com\/sv\/wp-json\/wp\/v2\/product\/15388","targetHints":{"allow":["GET"]}}],"collection":[{"href":"https:\/\/nordicmart.andreevmaster.com\/sv\/wp-json\/wp\/v2\/product"}],"about":[{"href":"https:\/\/nordicmart.andreevmaster.com\/sv\/wp-json\/wp\/v2\/types\/product"}],"replies":[{"embeddable":true,"href":"https:\/\/nordicmart.andreevmaster.com\/sv\/wp-json\/wp\/v2\/comments?post=15388"}],"wp:featuredmedia":[{"embeddable":true,"href":"https:\/\/nordicmart.andreevmaster.com\/sv\/wp-json\/wp\/v2\/media\/43201"}],"wp:attachment":[{"href":"https:\/\/nordicmart.andreevmaster.com\/sv\/wp-json\/wp\/v2\/media?parent=15388"}],"wp:term":[{"taxonomy":"product_brand","embeddable":true,"href":"https:\/\/nordicmart.andreevmaster.com\/sv\/wp-json\/wp\/v2\/product_brand?post=15388"},{"taxonomy":"product_cat","embeddable":true,"href":"https:\/\/nordicmart.andreevmaster.com\/sv\/wp-json\/wp\/v2\/product_cat?post=15388"},{"taxonomy":"product_tag","embeddable":true,"href":"https:\/\/nordicmart.andreevmaster.com\/sv\/wp-json\/wp\/v2\/product_tag?post=15388"}],"curies":[{"name":"wp","href":"https:\/\/api.w.org\/{rel}","templated":true}]}}