{"id":15385,"date":"2026-02-27T00:26:03","date_gmt":"2026-02-27T00:26:03","guid":{"rendered":"https:\/\/nordicmart.andreevmaster.com\/product\/songmics-hyllsystem-skohylla-set-med-16-kuber\/"},"modified":"2026-02-27T08:17:28","modified_gmt":"2026-02-27T08:17:28","slug":"songmics-hyllsystem-skohylla-set-med-16-kuber","status":"publish","type":"product","link":"https:\/\/nordicmart.andreevmaster.com\/sv\/produkt\/songmics-hyllsystem-skohylla-set-med-16-kuber\/","title":{"rendered":"SONGMICS hyllsystem, skohylla, set med 16 kuber"},"content":{"rendered":"<p>Produktdetaljer\uff1a &#8211; F\u00e4rg: vit &#8211; Material: PP-plastskivor med metallram, ABS-plastkopplingar &#8211; M\u00e5tt: 153 x 133 x 31 cm (B x H x D) &#8211; M\u00e5tt p\u00e5 en plastskiva: 30 x 30 cm &#8211; Vikt: 10,7 kg &#8211; Max. belastning per kub: 10 kg Leveransomfattning:  &#8211; 56 x vita halvtransparenta plattor (30 x 30 cm) &#8211; 16 x vita halvtransparenta d\u00f6rrplattor (30 x 30 cm) &#8211; 52 x svarta ABS-plastkopplingar &#8211; 1 x gummiklubba (175 g) &#8211; 2 x tippskydd &#8211; 1 x bruksanvisning (DE, EN, FR, IT, ES) SONGMICS Anm\u00e4rkningar: &#8211; St\u00e4ll inte hyllan utomhus under l\u00e4ngre tid f\u00f6r att undvika skador orsakade av v\u00e4derf\u00f6rh\u00e5llanden. &#8211; Under monteringen m\u00e5ste SONGMICS-logotypen p\u00e5 kopplingsdonen vara synlig framifr\u00e5n.- Alla plastplattor m\u00e5ste tryckas ned ordentligt under monteringen. Kontrollera efter varje rad om metalltr\u00e5dramarna \u00e4r helt och ordentligt iskjutna i kopplingsdelarna f\u00f6r att \u00f6ka hyllans stabilitet.<\/p>\n","protected":false},"excerpt":{"rendered":"<p>Hyllsystem, skohylla, set med 16 kuber, kl\u00e4dsk\u00e5p i plast, med d\u00f6rrar, plugghylla, f\u00f6rvaring av kl\u00e4der, vit<\/p>\n","protected":false},"featured_media":43198,"comment_status":"open","ping_status":"closed","template":"","meta":[],"product_brand":[],"product_cat":[33],"product_tag":[],"class_list":{"0":"post-15385","1":"product","2":"type-product","3":"status-publish","4":"has-post-thumbnail","6":"product_cat-okategoriserad","8":"first","9":"instock","10":"shipping-taxable","11":"purchasable","12":"product-type-simple"},"_links":{"self":[{"href":"https:\/\/nordicmart.andreevmaster.com\/sv\/wp-json\/wp\/v2\/product\/15385","targetHints":{"allow":["GET"]}}],"collection":[{"href":"https:\/\/nordicmart.andreevmaster.com\/sv\/wp-json\/wp\/v2\/product"}],"about":[{"href":"https:\/\/nordicmart.andreevmaster.com\/sv\/wp-json\/wp\/v2\/types\/product"}],"replies":[{"embeddable":true,"href":"https:\/\/nordicmart.andreevmaster.com\/sv\/wp-json\/wp\/v2\/comments?post=15385"}],"wp:featuredmedia":[{"embeddable":true,"href":"https:\/\/nordicmart.andreevmaster.com\/sv\/wp-json\/wp\/v2\/media\/43198"}],"wp:attachment":[{"href":"https:\/\/nordicmart.andreevmaster.com\/sv\/wp-json\/wp\/v2\/media?parent=15385"}],"wp:term":[{"taxonomy":"product_brand","embeddable":true,"href":"https:\/\/nordicmart.andreevmaster.com\/sv\/wp-json\/wp\/v2\/product_brand?post=15385"},{"taxonomy":"product_cat","embeddable":true,"href":"https:\/\/nordicmart.andreevmaster.com\/sv\/wp-json\/wp\/v2\/product_cat?post=15385"},{"taxonomy":"product_tag","embeddable":true,"href":"https:\/\/nordicmart.andreevmaster.com\/sv\/wp-json\/wp\/v2\/product_tag?post=15385"}],"curies":[{"name":"wp","href":"https:\/\/api.w.org\/{rel}","templated":true}]}}