{"id":15381,"date":"2026-02-27T00:26:02","date_gmt":"2026-02-27T00:26:02","guid":{"rendered":"https:\/\/nordicmart.andreevmaster.com\/product\/songmics-hyllsystem-skohylla-med-dorrar-set-med-12-kuber\/"},"modified":"2026-02-27T08:17:28","modified_gmt":"2026-02-27T08:17:28","slug":"songmics-hyllsystem-skohylla-med-dorrar-set-med-12-kuber","status":"publish","type":"product","link":"https:\/\/nordicmart.andreevmaster.com\/sv\/produkt\/songmics-hyllsystem-skohylla-med-dorrar-set-med-12-kuber\/","title":{"rendered":"SONGMICS hyllsystem, skohylla med d\u00f6rrar, set med 12 kuber"},"content":{"rendered":"<p>En riktig allroundare: en garderob i sovrummet, ett skost\u00e4ll i hallen, ett hyllsystem i ett outnyttjat h\u00f6rn&#8230; Denna garderob \u00e4r en riktig multitalang! Gl\u00f6m inte att montera d\u00f6rrkrokarna. F\u00f6r att g\u00f6ra detta beh\u00f6ver du bara s\u00e4tta in den paraplyformade \u00e4nden av kroken i kopplingsdelen. St\u00e4ng d\u00f6rrarna och ge dammet ingen chans! Stabil, robust och h\u00e5llbar: Tillverkad av robusta metalltr\u00e5dsramar, PP-plastskivor och h\u00f6gkvalitativa ABS-plastkopplingar, har denna garderob en h\u00f6g belastningskapacitet. Varje kub kan rymma upp till 10 kg kl\u00e4der eller skor. Dessutom ger tippskyddet extra stabilitet och s\u00e4ker anv\u00e4ndning. Produktdetaljer: &#8211; F\u00e4rg: Vit &#8211; Material: PP-plastskivor, metalltr\u00e5dsram, ABS-plastkopplingar &#8211; Storlek per kub: 30 x 30 x 30 cm (L x B x H) &#8211; Total storlek: 93 x 31 x 123 cm (L x B x H) &#8211; Vikt: 8 kg &#8211; Max. statisk belastningskapacitet per fack: 10 kg &#8211; Max. statisk belastningskapacitet totalt: 80 kg Leveransomfattning:- 43 x plastplatta i vitt (30 x 30 cm) &#8211; 12 x d\u00f6rrplatta i vitt (30 x 30 cm) &#8211; 44 x plastkoppling i svart &#8211; 12 x d\u00f6rrkrok &#8211; 1 x hammare &#8211; 2 x tippskydd &#8211; 1 x bruksanvisning (DE, EN, FR, ES, IT) SONGMICS Anm\u00e4rkningar:- Alla plastplattor ska tryckas fast ordentligt i kopplingsdelarna. Efter att varje rad har monterats, knacka p\u00e5 kopplingsdelarna med den medf\u00f6ljande hammaren f\u00f6r att s\u00e4kerst\u00e4lla en stabil koppling mellan alla delar. &#8211; Produktens maximala statiska belastningskapacitet \u00e4r 80 kg. \u00d6verskrid inte denna maximala vikt. &#8211; F\u00f6rvara inte vassa eller skarpa f\u00f6rem\u00e5l i produkten. &#8211; Denna produkt kan endast monteras i olika former med de delar som ing\u00e5r i leveransen.<\/p>\n","protected":false},"excerpt":{"rendered":"<p>SONGMICS hyllsystem med 12 fack, skohylla i plast, med d\u00f6rrar, kl\u00e4dsk\u00e5p, plugghylla f\u00f6r kl\u00e4der, skor, leksaker och b\u00f6cker, enkel montering, 93 x 31 x 123 cm, vit LPC342W01<\/p>\n","protected":false},"featured_media":43195,"comment_status":"open","ping_status":"closed","template":"","meta":[],"product_brand":[],"product_cat":[33],"product_tag":[],"class_list":{"0":"post-15381","1":"product","2":"type-product","3":"status-publish","4":"has-post-thumbnail","6":"product_cat-okategoriserad","8":"first","9":"instock","10":"shipping-taxable","11":"purchasable","12":"product-type-simple"},"_links":{"self":[{"href":"https:\/\/nordicmart.andreevmaster.com\/sv\/wp-json\/wp\/v2\/product\/15381","targetHints":{"allow":["GET"]}}],"collection":[{"href":"https:\/\/nordicmart.andreevmaster.com\/sv\/wp-json\/wp\/v2\/product"}],"about":[{"href":"https:\/\/nordicmart.andreevmaster.com\/sv\/wp-json\/wp\/v2\/types\/product"}],"replies":[{"embeddable":true,"href":"https:\/\/nordicmart.andreevmaster.com\/sv\/wp-json\/wp\/v2\/comments?post=15381"}],"wp:featuredmedia":[{"embeddable":true,"href":"https:\/\/nordicmart.andreevmaster.com\/sv\/wp-json\/wp\/v2\/media\/43195"}],"wp:attachment":[{"href":"https:\/\/nordicmart.andreevmaster.com\/sv\/wp-json\/wp\/v2\/media?parent=15381"}],"wp:term":[{"taxonomy":"product_brand","embeddable":true,"href":"https:\/\/nordicmart.andreevmaster.com\/sv\/wp-json\/wp\/v2\/product_brand?post=15381"},{"taxonomy":"product_cat","embeddable":true,"href":"https:\/\/nordicmart.andreevmaster.com\/sv\/wp-json\/wp\/v2\/product_cat?post=15381"},{"taxonomy":"product_tag","embeddable":true,"href":"https:\/\/nordicmart.andreevmaster.com\/sv\/wp-json\/wp\/v2\/product_tag?post=15381"}],"curies":[{"name":"wp","href":"https:\/\/api.w.org\/{rel}","templated":true}]}}