{"id":15379,"date":"2026-02-27T00:26:02","date_gmt":"2026-02-27T00:26:02","guid":{"rendered":"https:\/\/nordicmart.andreevmaster.com\/product\/songmics-skostall-i-plast-hyllsystem-plugghylla\/"},"modified":"2026-02-27T08:17:27","modified_gmt":"2026-02-27T08:17:27","slug":"songmics-skostall-i-plast-hyllsystem-plugghylla","status":"publish","type":"product","link":"https:\/\/nordicmart.andreevmaster.com\/sv\/produkt\/songmics-skostall-i-plast-hyllsystem-plugghylla\/","title":{"rendered":"SONGMICS skost\u00e4ll i plast, hyllsystem, plugghylla"},"content":{"rendered":"<p>Stabil, s\u00e4ker, h\u00e5llbar PP-plastskivorna h\u00e5lls ihop av h\u00f6gkvalitativa ABS-kopplingar, s\u00e5 att varje enhet kan b\u00e4ra upp till 10 kg kl\u00e4der eller skor. Dessutom ger tippskyddet extra stabilitet och s\u00e4ker anv\u00e4ndning. Anpassningsbar efter dina behov Tack vare de medf\u00f6ljande reservkopplingarna i olika former kan du bygga och ut\u00f6ka detta plugghyllsystem f\u00f6r att anpassa det efter dina lokaler. Best\u00e4ll fler plugghyllor f\u00f6r att ut\u00f6ka dina m\u00f6jligheter \u00e4nnu mer! Produktdetaljer: &#8211; F\u00e4rg: Svart, halvtransparenta d\u00f6rrar &#8211; Material: PP-plastskivor, tr\u00e5dram, ABS-plastkopplingar &#8211; Max. statisk belastningskapacitet per fack: 10 kg Leveransomfattning: &#8211; 12 x svarta plastskivor (40 x 17 cm) &#8211; 15 x svarta plastskivor (40 x 30 cm) &#8211; 18 x svarta plastskivor (30 x 17 cm) &#8211; 12 x halvgenomskinliga plastskivor (40 x 17 cm) &#8211; 42 x ABS-plastkopplingar &#8211; 1 x hammare &#8211; 2 x tippskydd &#8211; 1 x bruksanvisning (DE, EN, FR, ES, IT) SONGMICS Anm\u00e4rkningar: &#8211; Sitt inte p\u00e5 produkten och placera inte f\u00f6r tunga f\u00f6rem\u00e5l p\u00e5 den. &#8211; Uts\u00e4tt inte produkten f\u00f6r intensivt solljus under l\u00e4ngre tid. &#8211; Alla plastplattor ska tryckas fast ordentligt i kopplingsdelarna. Anv\u00e4nd hammaren f\u00f6r att s\u00e4kerst\u00e4lla en stabil koppling mellan alla delar. Tryck dessutom p\u00e5 kopplingsdelarna efter varje rad har monterats tills de har l\u00e5st sig helt. &#8211; F\u00e4st produkten p\u00e5 v\u00e4ggen med hj\u00e4lp av det medf\u00f6ljande tippskyddet om den \u00e4r h\u00f6gre \u00e4n 60 cm. &#8211; H\u00e5ll produkten borta fr\u00e5n vassa eller skarpa f\u00f6rem\u00e5l f\u00f6r att undvika skador.<\/p>\n","protected":false},"excerpt":{"rendered":"<p>SONGMICS skohylla i plast, rektangul\u00e4rt hyllsystem med 12 fack, DIY-hylla, f\u00f6rvaringshylla, kl\u00e4dsk\u00e5p, skoorganiserare, 40 x 30 x 17 cm per fack, metalltr\u00e5d, svart LPC26HV1<\/p>\n","protected":false},"featured_media":43193,"comment_status":"open","ping_status":"closed","template":"","meta":[],"product_brand":[],"product_cat":[33],"product_tag":[],"class_list":{"0":"post-15379","1":"product","2":"type-product","3":"status-publish","4":"has-post-thumbnail","6":"product_cat-okategoriserad","8":"first","9":"instock","10":"shipping-taxable","11":"purchasable","12":"product-type-simple"},"_links":{"self":[{"href":"https:\/\/nordicmart.andreevmaster.com\/sv\/wp-json\/wp\/v2\/product\/15379","targetHints":{"allow":["GET"]}}],"collection":[{"href":"https:\/\/nordicmart.andreevmaster.com\/sv\/wp-json\/wp\/v2\/product"}],"about":[{"href":"https:\/\/nordicmart.andreevmaster.com\/sv\/wp-json\/wp\/v2\/types\/product"}],"replies":[{"embeddable":true,"href":"https:\/\/nordicmart.andreevmaster.com\/sv\/wp-json\/wp\/v2\/comments?post=15379"}],"wp:featuredmedia":[{"embeddable":true,"href":"https:\/\/nordicmart.andreevmaster.com\/sv\/wp-json\/wp\/v2\/media\/43193"}],"wp:attachment":[{"href":"https:\/\/nordicmart.andreevmaster.com\/sv\/wp-json\/wp\/v2\/media?parent=15379"}],"wp:term":[{"taxonomy":"product_brand","embeddable":true,"href":"https:\/\/nordicmart.andreevmaster.com\/sv\/wp-json\/wp\/v2\/product_brand?post=15379"},{"taxonomy":"product_cat","embeddable":true,"href":"https:\/\/nordicmart.andreevmaster.com\/sv\/wp-json\/wp\/v2\/product_cat?post=15379"},{"taxonomy":"product_tag","embeddable":true,"href":"https:\/\/nordicmart.andreevmaster.com\/sv\/wp-json\/wp\/v2\/product_tag?post=15379"}],"curies":[{"name":"wp","href":"https:\/\/api.w.org\/{rel}","templated":true}]}}