{"id":15378,"date":"2026-02-27T00:26:01","date_gmt":"2026-02-27T00:26:01","guid":{"rendered":"https:\/\/nordicmart.andreevmaster.com\/product\/songmics-skohylla-hyllsystem-med-9-kuber-kladskap-i-plast\/"},"modified":"2026-02-27T08:17:27","modified_gmt":"2026-02-27T08:17:27","slug":"songmics-skohylla-hyllsystem-med-9-kuber-kladskap-i-plast","status":"publish","type":"product","link":"https:\/\/nordicmart.andreevmaster.com\/sv\/produkt\/songmics-skohylla-hyllsystem-med-9-kuber-kladskap-i-plast\/","title":{"rendered":"SONGMICS skohylla, hyllsystem med 9 kuber, kl\u00e4dsk\u00e5p i plast"},"content":{"rendered":"<p>Anv\u00e4ndarv\u00e4nlig design: Tack vare de genomskinliga d\u00f6rrpanelerna ser du direkt vilken artikel du tar tag i. Dessutom \u00e4r panelerna av plast mycket l\u00e4tta att sk\u00f6ta, eftersom de \u00e4r vattent\u00e4ta, dammt\u00e4ta och m\u00f6gelbest\u00e4ndiga. S\u00f6ml\u00f6s design Tack vare den l\u00e4tt b\u00f6jda designen p\u00e5 de fyra h\u00f6rnen av metallramen kan kopplingsdelarna och panelerna f\u00e4stas s\u00e4rskilt t\u00e4tt; Damm eller insekter kan inte tr\u00e4nga igenom. Extra s\u00e4kerhet: Varje Songmics-system med pluggkopplingar \u00e4r f\u00f6rsett med ett tippskydd. Med detta kan du f\u00f6rankra plugghyllan p\u00e5 v\u00e4ggen. Produktdetaljer: &#8211; F\u00e4rg: vit &#8211; Material: PP-plastplattor med metallram, ABS-plastkopplingar &#8211; M\u00e5tt: 93 x 123 x 31 cm (B x H x D) &#8211; M\u00e5tt p\u00e5 en plastplatta: 30 x 30 cm &#8211; Vikt: 6,6 kg &#8211; Max. belastning per kub: 10 kg Leveransomfattning: &#8211; 34 x vita halvtransparenta plattor (30 x 30 cm) &#8211; 9 x vita halvtransparenta d\u00f6rrplattor (30 x 30 cm) &#8211; 34 x svarta ABS-plastkopplingar &#8211; 1 x gummiklubba (175 g) SONGMICS Anm\u00e4rkningar:- St\u00e4ll inte hyllan utomhus under l\u00e4ngre tid f\u00f6r att undvika skador orsakade av v\u00e4der och vind. &#8211; Under monteringen m\u00e5ste SONGMICS-logotypen p\u00e5 kopplingsdonen vara synlig framifr\u00e5n. &#8211; Alla plastplattor m\u00e5ste tryckas ned ordentligt under monteringen. Kontrollera efter varje rad om metalltr\u00e5dramarna \u00e4r helt och ordentligt iskjutna i kopplingsstyckena f\u00f6r att \u00f6ka hyllans stabilitet.<\/p>\n","protected":false},"excerpt":{"rendered":"<p>SONGMICS 9 kubers DIY-hyllsystem Garderob i plast med d\u00f6rrar i modernt vitt, stabil och enkel att montera, plugghylla, LPC116WS<\/p>\n","protected":false},"featured_media":43192,"comment_status":"open","ping_status":"closed","template":"","meta":[],"product_brand":[],"product_cat":[33],"product_tag":[],"class_list":{"0":"post-15378","1":"product","2":"type-product","3":"status-publish","4":"has-post-thumbnail","6":"product_cat-okategoriserad","8":"first","9":"instock","10":"shipping-taxable","11":"purchasable","12":"product-type-simple"},"_links":{"self":[{"href":"https:\/\/nordicmart.andreevmaster.com\/sv\/wp-json\/wp\/v2\/product\/15378","targetHints":{"allow":["GET"]}}],"collection":[{"href":"https:\/\/nordicmart.andreevmaster.com\/sv\/wp-json\/wp\/v2\/product"}],"about":[{"href":"https:\/\/nordicmart.andreevmaster.com\/sv\/wp-json\/wp\/v2\/types\/product"}],"replies":[{"embeddable":true,"href":"https:\/\/nordicmart.andreevmaster.com\/sv\/wp-json\/wp\/v2\/comments?post=15378"}],"wp:featuredmedia":[{"embeddable":true,"href":"https:\/\/nordicmart.andreevmaster.com\/sv\/wp-json\/wp\/v2\/media\/43192"}],"wp:attachment":[{"href":"https:\/\/nordicmart.andreevmaster.com\/sv\/wp-json\/wp\/v2\/media?parent=15378"}],"wp:term":[{"taxonomy":"product_brand","embeddable":true,"href":"https:\/\/nordicmart.andreevmaster.com\/sv\/wp-json\/wp\/v2\/product_brand?post=15378"},{"taxonomy":"product_cat","embeddable":true,"href":"https:\/\/nordicmart.andreevmaster.com\/sv\/wp-json\/wp\/v2\/product_cat?post=15378"},{"taxonomy":"product_tag","embeddable":true,"href":"https:\/\/nordicmart.andreevmaster.com\/sv\/wp-json\/wp\/v2\/product_tag?post=15378"}],"curies":[{"name":"wp","href":"https:\/\/api.w.org\/{rel}","templated":true}]}}