{"id":15376,"date":"2026-02-27T00:26:01","date_gmt":"2026-02-27T00:26:01","guid":{"rendered":"https:\/\/nordicmart.andreevmaster.com\/product\/songmics-skostall-pluggstall-i-pp-plast-hyllsystem-med-6-kuber\/"},"modified":"2026-02-27T08:17:27","modified_gmt":"2026-02-27T08:17:27","slug":"songmics-skostall-pluggstall-i-pp-plast-hyllsystem-med-6-kuber","status":"publish","type":"product","link":"https:\/\/nordicmart.andreevmaster.com\/sv\/produkt\/songmics-skostall-pluggstall-i-pp-plast-hyllsystem-med-6-kuber\/","title":{"rendered":"SONGMICS skost\u00e4ll, pluggst\u00e4ll i PP-plast, hyllsystem med 6 kuber"},"content":{"rendered":"<p>SONGMICS hyllsystem Trapphylla Plastst\u00e4ll F\u00f6rvaringssk\u00e5p 93 x 31 x 93 cm (B x D x H) Svart LPC112<br \/>\nSpecifikationer:<br \/>\n&#8211; M\u00e5tt: 31,5 x 94 x 94 cm (D x B x H)<br \/>\n&#8211; Vikt: 4 kg<br \/>\n&#8211; Max. statisk b\u00e4rf\u00f6rm\u00e5ga: 10 kg per fack<br \/>\n&#8211; Material: ABS-anslutningar, PP-plastskiva, st\u00e5lram<br \/>\n&#8211; F\u00e4rg: kr\u00e4mvit <\/p>\n","protected":false},"excerpt":{"rendered":"<p>SONGMICS hyllsystem Trapphylla Plastst\u00e4ll F\u00f6rvaringssk\u00e5p 93 x 31 x 93 cm (B x D x H) Svart LPC112<\/p>\n","protected":false},"featured_media":43190,"comment_status":"open","ping_status":"closed","template":"","meta":[],"product_brand":[],"product_cat":[33],"product_tag":[],"class_list":{"0":"post-15376","1":"product","2":"type-product","3":"status-publish","4":"has-post-thumbnail","6":"product_cat-okategoriserad","8":"first","9":"instock","10":"shipping-taxable","11":"purchasable","12":"product-type-simple"},"_links":{"self":[{"href":"https:\/\/nordicmart.andreevmaster.com\/sv\/wp-json\/wp\/v2\/product\/15376","targetHints":{"allow":["GET"]}}],"collection":[{"href":"https:\/\/nordicmart.andreevmaster.com\/sv\/wp-json\/wp\/v2\/product"}],"about":[{"href":"https:\/\/nordicmart.andreevmaster.com\/sv\/wp-json\/wp\/v2\/types\/product"}],"replies":[{"embeddable":true,"href":"https:\/\/nordicmart.andreevmaster.com\/sv\/wp-json\/wp\/v2\/comments?post=15376"}],"wp:featuredmedia":[{"embeddable":true,"href":"https:\/\/nordicmart.andreevmaster.com\/sv\/wp-json\/wp\/v2\/media\/43190"}],"wp:attachment":[{"href":"https:\/\/nordicmart.andreevmaster.com\/sv\/wp-json\/wp\/v2\/media?parent=15376"}],"wp:term":[{"taxonomy":"product_brand","embeddable":true,"href":"https:\/\/nordicmart.andreevmaster.com\/sv\/wp-json\/wp\/v2\/product_brand?post=15376"},{"taxonomy":"product_cat","embeddable":true,"href":"https:\/\/nordicmart.andreevmaster.com\/sv\/wp-json\/wp\/v2\/product_cat?post=15376"},{"taxonomy":"product_tag","embeddable":true,"href":"https:\/\/nordicmart.andreevmaster.com\/sv\/wp-json\/wp\/v2\/product_tag?post=15376"}],"curies":[{"name":"wp","href":"https:\/\/api.w.org\/{rel}","templated":true}]}}